{"id":40158,"date":"2024-11-29T20:37:57","date_gmt":"2024-11-29T19:37:57","guid":{"rendered":"https:\/\/www.antderground.com\/producto\/cubaris-sp-cappuccino\/"},"modified":"2024-11-29T20:37:57","modified_gmt":"2024-11-29T19:37:57","slug":"cubaris-sp-cappuccino","status":"publish","type":"product","link":"https:\/\/antderground.com\/pt-br\/produto\/cubaris-sp-cappuccino\/","title":{"rendered":"Cubaris sp. &#8220;Cappuccino&#8221;"},"content":{"rendered":"<h3 data-start=\"0\" data-end=\"43\"><strong data-start=\"4\" data-end=\"41\">Ficha t\u00e9cnica: Cubaris Cappuccino<\/strong><\/h3>\n<hr data-start=\"45\" data-end=\"48\" \/>\n<h4 data-start=\"50\" data-end=\"79\"><strong data-start=\"55\" data-end=\"77\">Informa\u00e7\u00f5es gerais<\/strong><\/h4>\n<ul data-start=\"80\" data-end=\"240\">\n<li data-start=\"80\" data-end=\"118\"><strong data-start=\"82\" data-end=\"97\">Nome comum:<\/strong> Cubaris Cappuccino<\/li>\n<li data-start=\"119\" data-end=\"155\"><strong data-start=\"121\" data-end=\"141\">Nome cient\u00edfico:<\/strong> Cubaris sp.<\/li>\n<li data-start=\"156\" data-end=\"185\"><strong data-start=\"158\" data-end=\"170\">Fam\u00edlia:<\/strong> Armadillidae<\/li>\n<li data-start=\"186\" data-end=\"240\"><strong data-start=\"188\" data-end=\"199\">Origem:<\/strong> Regi\u00f5es tropicais do sudeste asi\u00e1tico.<\/li>\n<\/ul>\n<hr data-start=\"242\" data-end=\"245\" \/>\n<h4 data-start=\"247\" data-end=\"267\"><strong data-start=\"252\" data-end=\"265\">Descri\u00e7\u00e3o<\/strong><\/h4>\n<p data-start=\"268\" data-end=\"605\">O <strong data-start=\"270\" data-end=\"292\">Cubaris Cappuccino<\/strong> \u00e9 um is\u00f3pode terrestre ex\u00f3tico, conhecido por sua colora\u00e7\u00e3o elegante em tons de marrom claro e escuro, lembrando um caf\u00e9 cappuccino. Seu exoesqueleto arredondado e a capacidade de se enrolar completamente em uma bola fazem dele uma esp\u00e9cie fascinante e muito apreciada por entusiastas de terr\u00e1rios e biot\u00e9rios.<\/p>\n<hr data-start=\"607\" data-end=\"610\" \/>\n<h4 data-start=\"612\" data-end=\"630\"><strong data-start=\"617\" data-end=\"628\">Tamanho<\/strong><\/h4>\n<ul data-start=\"631\" data-end=\"655\">\n<li data-start=\"631\" data-end=\"655\">Adultos: 1,5 a 2 cm.<\/li>\n<\/ul>\n<hr data-start=\"657\" data-end=\"660\" \/>\n<h4 data-start=\"662\" data-end=\"686\"><strong data-start=\"667\" data-end=\"684\">Comportamento<\/strong><\/h4>\n<ul data-start=\"687\" data-end=\"825\">\n<li data-start=\"687\" data-end=\"731\">Esp\u00e9cie tranquila e de h\u00e1bitos noturnos.<\/li>\n<li data-start=\"732\" data-end=\"775\">Prefere ambientes \u00famidos e silenciosos.<\/li>\n<li data-start=\"776\" data-end=\"825\">Tendem a se agrupar em abrigos durante o dia.<\/li>\n<\/ul>\n<hr data-start=\"827\" data-end=\"830\" \/>\n<h4 data-start=\"832\" data-end=\"859\"><strong data-start=\"837\" data-end=\"857\">Condi\u00e7\u00f5es ideais<\/strong><\/h4>\n<ul data-start=\"860\" data-end=\"1161\">\n<li data-start=\"860\" data-end=\"889\"><strong data-start=\"862\" data-end=\"878\">Temperatura:<\/strong> 22-26\u00b0C.<\/li>\n<li data-start=\"890\" data-end=\"972\"><strong data-start=\"892\" data-end=\"904\">Umidade:<\/strong> 75-85%. \u00c9 essencial manter o substrato \u00famido, mas n\u00e3o encharcado.<\/li>\n<li data-start=\"973\" data-end=\"1040\"><strong data-start=\"975\" data-end=\"990\">Ilumina\u00e7\u00e3o:<\/strong> Luz indireta, evitando exposi\u00e7\u00e3o direta ao sol.<\/li>\n<li data-start=\"1041\" data-end=\"1161\"><strong data-start=\"1043\" data-end=\"1057\">Substrato:<\/strong> Uma mistura de fibra de coco, musgo sphagnum e folhas secas \u00e9 ideal para recriar seu habitat natural.<\/li>\n<\/ul>\n<hr data-start=\"1163\" data-end=\"1166\" \/>\n<h4 data-start=\"1168\" data-end=\"1190\"><strong data-start=\"1173\" data-end=\"1188\">Alimenta\u00e7\u00e3o<\/strong><\/h4>\n<ul data-start=\"1191\" data-end=\"1356\">\n<li data-start=\"1191\" data-end=\"1356\">On\u00edvoro. Alimenta-se de mat\u00e9ria org\u00e2nica em decomposi\u00e7\u00e3o (folhas secas, madeira em decomposi\u00e7\u00e3o) e suplementos como vegetais, frutas e alimentos ricos em c\u00e1lcio.<\/li>\n<\/ul>\n<hr data-start=\"1358\" data-end=\"1361\" \/>\n<h4 data-start=\"1363\" data-end=\"1384\"><strong data-start=\"1368\" data-end=\"1382\">Reprodu\u00e7\u00e3o<\/strong><\/h4>\n<ul data-start=\"1385\" data-end=\"1589\">\n<li data-start=\"1385\" data-end=\"1515\">S\u00e3o ovoviv\u00edparos: as crias nascem completamente desenvolvidas e permanecem no mars\u00fapio da f\u00eamea durante os primeiros est\u00e1gios.<\/li>\n<li data-start=\"1516\" data-end=\"1589\">Ciclo reprodutivo ativo em condi\u00e7\u00f5es ideais de temperatura e umidade.<\/li>\n<\/ul>\n<hr data-start=\"1591\" data-end=\"1594\" \/>\n<h4 data-start=\"1596\" data-end=\"1622\"><strong data-start=\"1601\" data-end=\"1620\">Compatibilidade<\/strong><\/h4>\n<ul data-start=\"1623\" data-end=\"1796\">\n<li data-start=\"1623\" data-end=\"1728\">Ideal para terr\u00e1rios bioativos com r\u00e9pteis, anf\u00edbios ou como parte de um ecossistema autossuficiente.<\/li>\n<li data-start=\"1729\" data-end=\"1796\">N\u00e3o s\u00e3o t\u00f3xicos nem perigosos para outras esp\u00e9cies do terr\u00e1rio.<\/li>\n<\/ul>\n<hr data-start=\"1798\" data-end=\"1801\" \/>\n<h4 data-start=\"1803\" data-end=\"1852\"><strong data-start=\"1808\" data-end=\"1850\">Vantagens de manter Cubaris Cappuccino<\/strong><\/h4>\n<ul data-start=\"1853\" data-end=\"2011\">\n<li data-start=\"1853\" data-end=\"1921\">Ajudam na reciclagem da mat\u00e9ria org\u00e2nica em terr\u00e1rios bioativos.<\/li>\n<li data-start=\"1922\" data-end=\"1943\">Baixa manuten\u00e7\u00e3o.<\/li>\n<li data-start=\"1944\" data-end=\"2011\">Seu aspecto ex\u00f3tico adiciona um toque decorativo aos biot\u00e9rios.<\/li>\n<\/ul>\n<hr data-start=\"2013\" data-end=\"2016\" \/>\n<h4 data-start=\"2018\" data-end=\"2052\"><strong data-start=\"2023\" data-end=\"2050\">Observa\u00e7\u00f5es importantes<\/strong><\/h4>\n<ul data-start=\"2053\" data-end=\"2225\">\n<li data-start=\"2053\" data-end=\"2132\">Evitar superalimenta\u00e7\u00e3o para prevenir o crescimento de fungos no substrato.<\/li>\n<li data-start=\"2133\" data-end=\"2225\">Fornecer esconderijos, como cascas de \u00e1rvores, pedras ou pequenas cavidades no terr\u00e1rio.<\/li>\n<\/ul>\n","protected":false},"excerpt":{"rendered":"<p>O <strong data-start=\"2\" data-end=\"24\">Cubaris Cappuccino<\/strong> \u00e9 um is\u00f3pode com uma cor \u00fanica que lembra um caf\u00e9 \ud83d\ude09. Perfeito para terr\u00e1rios bioativos, ajuda a manter o substrato limpo enquanto adiciona um toque especial. F\u00e1cil de cuidar, ideal para quem gosta de ter a natureza em casa. \ud83c\udf3f<\/p>\n","protected":false},"featured_media":38329,"template":"","meta":[],"product_brand":[],"product_cat":[483,486,721],"product_tag":[],"class_list":{"0":"post-40158","1":"product","2":"type-product","3":"status-publish","4":"has-post-thumbnail","6":"product_cat-artropodes","7":"product_cat-isopodos","8":"product_cat-cubaris","10":"first","11":"outofstock","12":"shipping-taxable","13":"purchasable","14":"product-type-variable"},"yoast_head":"<!-- This site is optimized with the Yoast SEO plugin v27.4 - https:\/\/yoast.com\/product\/yoast-seo-wordpress\/ -->\n<title>Cubaris sp. &quot;Cappuccino&quot; - ANTDERGROUND<\/title>\n<meta name=\"description\" content=\"Descubra o ex\u00f3tico is\u00f3pode Cubaris Cappuccino \u2615, perfeito para terr\u00e1rios bioativos. F\u00e1cil manuten\u00e7\u00e3o e design natural exclusivo. \ud83c\udf3f\" \/>\n<meta name=\"robots\" content=\"index, follow, max-snippet:-1, max-image-preview:large, max-video-preview:-1\" \/>\n<link rel=\"canonical\" href=\"https:\/\/antderground.com\/pt-br\/produto\/cubaris-sp-cappuccino\/\" \/>\n<meta property=\"og:locale\" content=\"pt_BR\" \/>\n<meta property=\"og:type\" content=\"article\" \/>\n<meta property=\"og:title\" content=\"Cubaris sp. &quot;Cappuccino&quot; - ANTDERGROUND\" \/>\n<meta property=\"og:description\" content=\"Descubra o ex\u00f3tico is\u00f3pode Cubaris Cappuccino \u2615, perfeito para terr\u00e1rios bioativos. F\u00e1cil manuten\u00e7\u00e3o e design natural exclusivo. \ud83c\udf3f\" \/>\n<meta property=\"og:url\" content=\"https:\/\/antderground.com\/pt-br\/produto\/cubaris-sp-cappuccino\/\" \/>\n<meta property=\"og:site_name\" content=\"ANTDERGROUND\" \/>\n<meta property=\"og:image\" content=\"https:\/\/antderground.com\/wp-content\/uploads\/2024\/11\/Cubaris-Cappuccino.jpg\" \/>\n\t<meta property=\"og:image:width\" content=\"1600\" \/>\n\t<meta property=\"og:image:height\" content=\"1600\" \/>\n\t<meta property=\"og:image:type\" content=\"image\/jpeg\" \/>\n<meta name=\"twitter:card\" content=\"summary_large_image\" \/>\n<meta name=\"twitter:label1\" content=\"Est. tempo de leitura\" \/>\n\t<meta name=\"twitter:data1\" content=\"2 minutos\" \/>\n<script type=\"application\/ld+json\" class=\"yoast-schema-graph\">{\"@context\":\"https:\\\/\\\/schema.org\",\"@graph\":[{\"@type\":\"WebPage\",\"@id\":\"https:\\\/\\\/antderground.com\\\/pt-br\\\/produto\\\/cubaris-sp-cappuccino\\\/\",\"url\":\"https:\\\/\\\/antderground.com\\\/pt-br\\\/produto\\\/cubaris-sp-cappuccino\\\/\",\"name\":\"Cubaris sp. \\\"Cappuccino\\\" - ANTDERGROUND\",\"isPartOf\":{\"@id\":\"https:\\\/\\\/antderground.com\\\/pt-br\\\/#website\"},\"primaryImageOfPage\":{\"@id\":\"https:\\\/\\\/antderground.com\\\/pt-br\\\/produto\\\/cubaris-sp-cappuccino\\\/#primaryimage\"},\"image\":{\"@id\":\"https:\\\/\\\/antderground.com\\\/pt-br\\\/produto\\\/cubaris-sp-cappuccino\\\/#primaryimage\"},\"thumbnailUrl\":\"https:\\\/\\\/antderground.com\\\/wp-content\\\/uploads\\\/2024\\\/11\\\/Cubaris-Cappuccino.jpg\",\"datePublished\":\"2024-11-29T19:37:57+00:00\",\"description\":\"Descubra o ex\u00f3tico is\u00f3pode Cubaris Cappuccino \u2615, perfeito para terr\u00e1rios bioativos. F\u00e1cil manuten\u00e7\u00e3o e design natural exclusivo. \ud83c\udf3f\",\"breadcrumb\":{\"@id\":\"https:\\\/\\\/antderground.com\\\/pt-br\\\/produto\\\/cubaris-sp-cappuccino\\\/#breadcrumb\"},\"inLanguage\":\"pt-BR\",\"potentialAction\":[{\"@type\":\"ReadAction\",\"target\":[\"https:\\\/\\\/antderground.com\\\/pt-br\\\/produto\\\/cubaris-sp-cappuccino\\\/\"]}]},{\"@type\":\"ImageObject\",\"inLanguage\":\"pt-BR\",\"@id\":\"https:\\\/\\\/antderground.com\\\/pt-br\\\/produto\\\/cubaris-sp-cappuccino\\\/#primaryimage\",\"url\":\"https:\\\/\\\/antderground.com\\\/wp-content\\\/uploads\\\/2024\\\/11\\\/Cubaris-Cappuccino.jpg\",\"contentUrl\":\"https:\\\/\\\/antderground.com\\\/wp-content\\\/uploads\\\/2024\\\/11\\\/Cubaris-Cappuccino.jpg\",\"width\":1600,\"height\":1600,\"caption\":\"Cubaris Cappuccino\"},{\"@type\":\"BreadcrumbList\",\"@id\":\"https:\\\/\\\/antderground.com\\\/pt-br\\\/produto\\\/cubaris-sp-cappuccino\\\/#breadcrumb\",\"itemListElement\":[{\"@type\":\"ListItem\",\"position\":1,\"name\":\"Portada\",\"item\":\"https:\\\/\\\/antderground.com\\\/pt-br\\\/\"},{\"@type\":\"ListItem\",\"position\":2,\"name\":\"Produtos\",\"item\":\"https:\\\/\\\/antderground.com\\\/pt-br\\\/loja-de-formigueiros\\\/\"},{\"@type\":\"ListItem\",\"position\":3,\"name\":\"Cubaris sp. &#8220;Cappuccino&#8221;\"}]},{\"@type\":\"WebSite\",\"@id\":\"https:\\\/\\\/antderground.com\\\/pt-br\\\/#website\",\"url\":\"https:\\\/\\\/antderground.com\\\/pt-br\\\/\",\"name\":\"ANTDERGROUND\",\"description\":\"Tu tienda de hormigas, gran variedad de hormigueros acr\u00edlicos,madera,arena,3D y mas.. Pide tus hormigas gratis con tu pedido, somos expertos en hormigueros antifugas.\",\"publisher\":{\"@id\":\"https:\\\/\\\/antderground.com\\\/pt-br\\\/#\\\/schema\\\/person\\\/0e322c505e84fe72c65e2f6d08f96b81\"},\"alternateName\":\"Antderground\",\"potentialAction\":[{\"@type\":\"SearchAction\",\"target\":{\"@type\":\"EntryPoint\",\"urlTemplate\":\"https:\\\/\\\/antderground.com\\\/pt-br\\\/?s={search_term_string}\"},\"query-input\":{\"@type\":\"PropertyValueSpecification\",\"valueRequired\":true,\"valueName\":\"search_term_string\"}}],\"inLanguage\":\"pt-BR\"},{\"@type\":[\"Person\",\"Organization\"],\"@id\":\"https:\\\/\\\/antderground.com\\\/pt-br\\\/#\\\/schema\\\/person\\\/0e322c505e84fe72c65e2f6d08f96b81\",\"name\":\"Eric de Antderground\",\"image\":{\"@type\":\"ImageObject\",\"inLanguage\":\"pt-BR\",\"@id\":\"https:\\\/\\\/secure.gravatar.com\\\/avatar\\\/c49a1b9f79216d1498cb73c1e85cd47f4465dda35f2a94c03790d491bd4423c3?s=96&d=mm&r=g\",\"url\":\"https:\\\/\\\/secure.gravatar.com\\\/avatar\\\/c49a1b9f79216d1498cb73c1e85cd47f4465dda35f2a94c03790d491bd4423c3?s=96&d=mm&r=g\",\"contentUrl\":\"https:\\\/\\\/secure.gravatar.com\\\/avatar\\\/c49a1b9f79216d1498cb73c1e85cd47f4465dda35f2a94c03790d491bd4423c3?s=96&d=mm&r=g\",\"caption\":\"Eric de Antderground\"},\"logo\":{\"@id\":\"https:\\\/\\\/secure.gravatar.com\\\/avatar\\\/c49a1b9f79216d1498cb73c1e85cd47f4465dda35f2a94c03790d491bd4423c3?s=96&d=mm&r=g\"},\"description\":\"Eric es el especialista y fundador de Antderground, con una amplia trayectoria en artr\u00f3podos y enfocado en la mirmecolog\u00eda y el dise\u00f1o de hormigueros artificiales. Su enfoque combina la innovaci\u00f3n t\u00e9cnica con el respeto por la biolog\u00eda de las hormigas, is\u00f3podos y otros, desarrollando sistemas de nidos modulares 3D y acr\u00edlicos que son referentes para aficionados y profesionales en toda Europa. Su objetivo es facilitar la cr\u00eda de hormigas y otros artr\u00f3podos mediante soluciones seguras y divulgaci\u00f3n de calidad.\",\"sameAs\":[\"https:\\\/\\\/antderground.com\\\/\",\"https:\\\/\\\/www.youtube.com\\\/channel\\\/UCio72z7TlbufkAthAJIJfPw\"]}]}<\/script>\n<!-- \/ Yoast SEO plugin. -->","yoast_head_json":{"title":"Cubaris sp. \"Cappuccino\" - ANTDERGROUND","description":"Descubra o ex\u00f3tico is\u00f3pode Cubaris Cappuccino \u2615, perfeito para terr\u00e1rios bioativos. F\u00e1cil manuten\u00e7\u00e3o e design natural exclusivo. \ud83c\udf3f","robots":{"index":"index","follow":"follow","max-snippet":"max-snippet:-1","max-image-preview":"max-image-preview:large","max-video-preview":"max-video-preview:-1"},"canonical":"https:\/\/antderground.com\/pt-br\/produto\/cubaris-sp-cappuccino\/","og_locale":"pt_BR","og_type":"article","og_title":"Cubaris sp. \"Cappuccino\" - ANTDERGROUND","og_description":"Descubra o ex\u00f3tico is\u00f3pode Cubaris Cappuccino \u2615, perfeito para terr\u00e1rios bioativos. F\u00e1cil manuten\u00e7\u00e3o e design natural exclusivo. \ud83c\udf3f","og_url":"https:\/\/antderground.com\/pt-br\/produto\/cubaris-sp-cappuccino\/","og_site_name":"ANTDERGROUND","og_image":[{"width":1600,"height":1600,"url":"https:\/\/antderground.com\/wp-content\/uploads\/2024\/11\/Cubaris-Cappuccino.jpg","type":"image\/jpeg"}],"twitter_card":"summary_large_image","twitter_misc":{"Est. tempo de leitura":"2 minutos"},"schema":{"@context":"https:\/\/schema.org","@graph":[{"@type":"WebPage","@id":"https:\/\/antderground.com\/pt-br\/produto\/cubaris-sp-cappuccino\/","url":"https:\/\/antderground.com\/pt-br\/produto\/cubaris-sp-cappuccino\/","name":"Cubaris sp. \"Cappuccino\" - ANTDERGROUND","isPartOf":{"@id":"https:\/\/antderground.com\/pt-br\/#website"},"primaryImageOfPage":{"@id":"https:\/\/antderground.com\/pt-br\/produto\/cubaris-sp-cappuccino\/#primaryimage"},"image":{"@id":"https:\/\/antderground.com\/pt-br\/produto\/cubaris-sp-cappuccino\/#primaryimage"},"thumbnailUrl":"https:\/\/antderground.com\/wp-content\/uploads\/2024\/11\/Cubaris-Cappuccino.jpg","datePublished":"2024-11-29T19:37:57+00:00","description":"Descubra o ex\u00f3tico is\u00f3pode Cubaris Cappuccino \u2615, perfeito para terr\u00e1rios bioativos. F\u00e1cil manuten\u00e7\u00e3o e design natural exclusivo. \ud83c\udf3f","breadcrumb":{"@id":"https:\/\/antderground.com\/pt-br\/produto\/cubaris-sp-cappuccino\/#breadcrumb"},"inLanguage":"pt-BR","potentialAction":[{"@type":"ReadAction","target":["https:\/\/antderground.com\/pt-br\/produto\/cubaris-sp-cappuccino\/"]}]},{"@type":"ImageObject","inLanguage":"pt-BR","@id":"https:\/\/antderground.com\/pt-br\/produto\/cubaris-sp-cappuccino\/#primaryimage","url":"https:\/\/antderground.com\/wp-content\/uploads\/2024\/11\/Cubaris-Cappuccino.jpg","contentUrl":"https:\/\/antderground.com\/wp-content\/uploads\/2024\/11\/Cubaris-Cappuccino.jpg","width":1600,"height":1600,"caption":"Cubaris Cappuccino"},{"@type":"BreadcrumbList","@id":"https:\/\/antderground.com\/pt-br\/produto\/cubaris-sp-cappuccino\/#breadcrumb","itemListElement":[{"@type":"ListItem","position":1,"name":"Portada","item":"https:\/\/antderground.com\/pt-br\/"},{"@type":"ListItem","position":2,"name":"Produtos","item":"https:\/\/antderground.com\/pt-br\/loja-de-formigueiros\/"},{"@type":"ListItem","position":3,"name":"Cubaris sp. &#8220;Cappuccino&#8221;"}]},{"@type":"WebSite","@id":"https:\/\/antderground.com\/pt-br\/#website","url":"https:\/\/antderground.com\/pt-br\/","name":"ANTDERGROUND","description":"Tu tienda de hormigas, gran variedad de hormigueros acr\u00edlicos,madera,arena,3D y mas.. Pide tus hormigas gratis con tu pedido, somos expertos en hormigueros antifugas.","publisher":{"@id":"https:\/\/antderground.com\/pt-br\/#\/schema\/person\/0e322c505e84fe72c65e2f6d08f96b81"},"alternateName":"Antderground","potentialAction":[{"@type":"SearchAction","target":{"@type":"EntryPoint","urlTemplate":"https:\/\/antderground.com\/pt-br\/?s={search_term_string}"},"query-input":{"@type":"PropertyValueSpecification","valueRequired":true,"valueName":"search_term_string"}}],"inLanguage":"pt-BR"},{"@type":["Person","Organization"],"@id":"https:\/\/antderground.com\/pt-br\/#\/schema\/person\/0e322c505e84fe72c65e2f6d08f96b81","name":"Eric de Antderground","image":{"@type":"ImageObject","inLanguage":"pt-BR","@id":"https:\/\/secure.gravatar.com\/avatar\/c49a1b9f79216d1498cb73c1e85cd47f4465dda35f2a94c03790d491bd4423c3?s=96&d=mm&r=g","url":"https:\/\/secure.gravatar.com\/avatar\/c49a1b9f79216d1498cb73c1e85cd47f4465dda35f2a94c03790d491bd4423c3?s=96&d=mm&r=g","contentUrl":"https:\/\/secure.gravatar.com\/avatar\/c49a1b9f79216d1498cb73c1e85cd47f4465dda35f2a94c03790d491bd4423c3?s=96&d=mm&r=g","caption":"Eric de Antderground"},"logo":{"@id":"https:\/\/secure.gravatar.com\/avatar\/c49a1b9f79216d1498cb73c1e85cd47f4465dda35f2a94c03790d491bd4423c3?s=96&d=mm&r=g"},"description":"Eric es el especialista y fundador de Antderground, con una amplia trayectoria en artr\u00f3podos y enfocado en la mirmecolog\u00eda y el dise\u00f1o de hormigueros artificiales. Su enfoque combina la innovaci\u00f3n t\u00e9cnica con el respeto por la biolog\u00eda de las hormigas, is\u00f3podos y otros, desarrollando sistemas de nidos modulares 3D y acr\u00edlicos que son referentes para aficionados y profesionales en toda Europa. Su objetivo es facilitar la cr\u00eda de hormigas y otros artr\u00f3podos mediante soluciones seguras y divulgaci\u00f3n de calidad.","sameAs":["https:\/\/antderground.com\/","https:\/\/www.youtube.com\/channel\/UCio72z7TlbufkAthAJIJfPw"]}]}},"_links":{"self":[{"href":"https:\/\/antderground.com\/pt-br\/wp-json\/wp\/v2\/product\/40158","targetHints":{"allow":["GET"]}}],"collection":[{"href":"https:\/\/antderground.com\/pt-br\/wp-json\/wp\/v2\/product"}],"about":[{"href":"https:\/\/antderground.com\/pt-br\/wp-json\/wp\/v2\/types\/product"}],"version-history":[{"count":0,"href":"https:\/\/antderground.com\/pt-br\/wp-json\/wp\/v2\/product\/40158\/revisions"}],"wp:featuredmedia":[{"embeddable":true,"href":"https:\/\/antderground.com\/pt-br\/wp-json\/wp\/v2\/media\/38329"}],"wp:attachment":[{"href":"https:\/\/antderground.com\/pt-br\/wp-json\/wp\/v2\/media?parent=40158"}],"wp:term":[{"taxonomy":"product_brand","embeddable":true,"href":"https:\/\/antderground.com\/pt-br\/wp-json\/wp\/v2\/product_brand?post=40158"},{"taxonomy":"product_cat","embeddable":true,"href":"https:\/\/antderground.com\/pt-br\/wp-json\/wp\/v2\/product_cat?post=40158"},{"taxonomy":"product_tag","embeddable":true,"href":"https:\/\/antderground.com\/pt-br\/wp-json\/wp\/v2\/product_tag?post=40158"}],"curies":[{"name":"wp","href":"https:\/\/api.w.org\/{rel}","templated":true}]}}