{"id":40212,"date":"2024-11-18T12:07:45","date_gmt":"2024-11-18T11:07:45","guid":{"rendered":"https:\/\/www.antderground.com\/producto\/substrato-especial-para-isopodes\/"},"modified":"2025-04-03T19:23:01","modified_gmt":"2025-04-03T17:23:01","slug":"substrato-especial-para-isopodes","status":"publish","type":"product","link":"https:\/\/antderground.com\/pt-br\/produto\/substrato-especial-para-isopodes\/","title":{"rendered":"Substrato especial para Is\u00f3podes"},"content":{"rendered":"<p data-start=\"44\" data-end=\"245\">O nosso <strong data-start=\"52\" data-end=\"88\">Substrato Especial para Is\u00f3podes<\/strong> foi desenvolvido para atender \u00e0s necessidades espec\u00edficas desses fascinantes animais, proporcionando um ambiente ideal para o seu crescimento e bem-estar.<\/p>\n<h4 data-start=\"247\" data-end=\"281\"><strong data-start=\"252\" data-end=\"279\">Composi\u00e7\u00e3o do substrato<\/strong><\/h4>\n<ul data-start=\"282\" data-end=\"827\">\n<li data-start=\"282\" data-end=\"376\"><strong data-start=\"284\" data-end=\"301\">Fibra de coco<\/strong>: Garante uma reten\u00e7\u00e3o \u00f3tima de umidade e melhora a aera\u00e7\u00e3o do substrato.<\/li>\n<li data-start=\"377\" data-end=\"445\"><strong data-start=\"379\" data-end=\"394\">Vermiculita<\/strong>: Ajuda a regular a umidade e evita compacta\u00e7\u00f5es.<\/li>\n<li data-start=\"446\" data-end=\"564\"><strong data-start=\"448\" data-end=\"465\">Sphagnum moss<\/strong>: Mant\u00e9m n\u00edveis elevados de umidade e proporciona uma textura ideal para o conforto dos is\u00f3podes.<\/li>\n<li data-start=\"565\" data-end=\"700\"><strong data-start=\"567\" data-end=\"587\">Carv\u00e3o hort\u00edcola<\/strong>: Ajuda a prevenir o ac\u00famulo de odores e controla o crescimento de mofo, garantindo um ambiente mais higi\u00eanico.<\/li>\n<li data-start=\"701\" data-end=\"827\"><strong data-start=\"703\" data-end=\"720\">Folhagem seca<\/strong>: Serve como fonte natural de alimento, fornecendo nutrientes essenciais e simulando seu habitat natural.<\/li>\n<\/ul>\n<h4 data-start=\"829\" data-end=\"863\"><strong data-start=\"834\" data-end=\"861\">Benef\u00edcios do substrato<\/strong><\/h4>\n<ul data-start=\"864\" data-end=\"1597\">\n<li data-start=\"864\" data-end=\"1004\"><strong data-start=\"866\" data-end=\"897\">Condi\u00e7\u00f5es ideais de umidade<\/strong>: A combina\u00e7\u00e3o de materiais mant\u00e9m a umidade constante, essencial para o bem-estar e a muda dos is\u00f3podes.<\/li>\n<li data-start=\"1005\" data-end=\"1175\"><strong data-start=\"1007\" data-end=\"1039\">Simula\u00e7\u00e3o do habitat natural<\/strong>: A mistura imita o solo das florestas, proporcionando um ambiente onde os is\u00f3podes podem explorar, cavar e se alimentar naturalmente.<\/li>\n<li data-start=\"1176\" data-end=\"1316\"><strong data-start=\"1178\" data-end=\"1200\">Rico em nutrientes<\/strong>: A folhagem seca e os materiais org\u00e2nicos enriquecem o substrato, promovendo o crescimento saud\u00e1vel dos is\u00f3podes.<\/li>\n<li data-start=\"1317\" data-end=\"1440\"><strong data-start=\"1319\" data-end=\"1348\">Controle de odores e mofo<\/strong>: Gra\u00e7as ao carv\u00e3o hort\u00edcola, o substrato permanece limpo e livre de odores desagrad\u00e1veis.<\/li>\n<li data-start=\"1441\" data-end=\"1597\"><strong data-start=\"1443\" data-end=\"1459\">Durabilidade<\/strong>: Esta mistura foi desenvolvida para permanecer em \u00f3timas condi\u00e7\u00f5es por mais tempo, reduzindo a necessidade de substitui\u00e7\u00f5es frequentes.<\/li>\n<\/ul>\n<h4 data-start=\"1599\" data-end=\"1620\"><strong data-start=\"1604\" data-end=\"1618\">Aplica\u00e7\u00f5es<\/strong><\/h4>\n<p data-start=\"1621\" data-end=\"1797\">Este substrato \u00e9 ideal tanto para iniciantes quanto para criadores experientes de is\u00f3podes. Perfeito para terr\u00e1rios, palud\u00e1rios ou qualquer habitat dedicado a essas esp\u00e9cies.<\/p>\n<p data-start=\"1799\" data-end=\"1884\" data-is-last-node=\"\"><strong data-start=\"1799\" data-end=\"1884\" data-is-last-node=\"\">D\u00ea o melhor lar para os seus is\u00f3podes com este substrato especialmente formulado!<\/strong><\/p>\n","protected":false},"excerpt":{"rendered":"<p><strong data-start=\"0\" data-end=\"37\">Substrato Especial para Is\u00f3podes:<\/strong> A mistura perfeita de fibra de coco, vermiculita, sphagnum moss, carv\u00e3o hort\u00edcola e folhagem seca. Mant\u00e9m a umidade, evita odores e nutre os seus is\u00f3podes enquanto simula seu habitat natural. <strong data-start=\"230\" data-end=\"268\" data-is-last-node=\"\">Ideal para terr\u00e1rios e palud\u00e1rios!<\/strong><\/p>\n","protected":false},"featured_media":37926,"template":"","meta":[],"product_brand":[],"product_cat":[619],"product_tag":[],"class_list":{"0":"post-40212","1":"product","2":"type-product","3":"status-publish","4":"has-post-thumbnail","6":"product_cat-substratos","8":"first","9":"instock","10":"shipping-taxable","11":"purchasable","12":"product-type-variable"},"yoast_head":"<!-- This site is optimized with the Yoast SEO plugin v27.4 - https:\/\/yoast.com\/product\/yoast-seo-wordpress\/ -->\n<title>Substrato especial para Is\u00f3podes - ANTDERGROUND<\/title>\n<meta name=\"description\" content=\"Substrato especial para is\u00f3podes com fibra de coco, vermiculite, musgo, carv\u00e3o e serapilheira. Ideal para o controlo de humidade, nutri\u00e7\u00e3o e odores.\" \/>\n<meta name=\"robots\" content=\"index, follow, max-snippet:-1, max-image-preview:large, max-video-preview:-1\" \/>\n<link rel=\"canonical\" href=\"https:\/\/antderground.com\/pt-br\/produto\/substrato-especial-para-isopodes\/\" \/>\n<meta property=\"og:locale\" content=\"pt_BR\" \/>\n<meta property=\"og:type\" content=\"article\" \/>\n<meta property=\"og:title\" content=\"Substrato especial para Is\u00f3podes - ANTDERGROUND\" \/>\n<meta property=\"og:description\" content=\"Substrato especial para is\u00f3podes com fibra de coco, vermiculite, musgo, carv\u00e3o e serapilheira. Ideal para o controlo de humidade, nutri\u00e7\u00e3o e odores.\" \/>\n<meta property=\"og:url\" content=\"https:\/\/antderground.com\/pt-br\/produto\/substrato-especial-para-isopodes\/\" \/>\n<meta property=\"og:site_name\" content=\"ANTDERGROUND\" \/>\n<meta property=\"article:modified_time\" content=\"2025-04-03T17:23:01+00:00\" \/>\n<meta property=\"og:image\" content=\"https:\/\/antderground.com\/wp-content\/uploads\/2024\/11\/sustrato-especial-para-isopodos.jpeg\" \/>\n\t<meta property=\"og:image:width\" content=\"1600\" \/>\n\t<meta property=\"og:image:height\" content=\"1600\" \/>\n\t<meta property=\"og:image:type\" content=\"image\/jpeg\" \/>\n<meta name=\"twitter:card\" content=\"summary_large_image\" \/>\n<meta name=\"twitter:label1\" content=\"Est. tempo de leitura\" \/>\n\t<meta name=\"twitter:data1\" content=\"1 minuto\" \/>\n<script type=\"application\/ld+json\" class=\"yoast-schema-graph\">{\"@context\":\"https:\\\/\\\/schema.org\",\"@graph\":[{\"@type\":\"WebPage\",\"@id\":\"https:\\\/\\\/antderground.com\\\/pt-br\\\/produto\\\/substrato-especial-para-isopodes\\\/\",\"url\":\"https:\\\/\\\/antderground.com\\\/pt-br\\\/produto\\\/substrato-especial-para-isopodes\\\/\",\"name\":\"Substrato especial para Is\u00f3podes - ANTDERGROUND\",\"isPartOf\":{\"@id\":\"https:\\\/\\\/antderground.com\\\/pt-br\\\/#website\"},\"primaryImageOfPage\":{\"@id\":\"https:\\\/\\\/antderground.com\\\/pt-br\\\/produto\\\/substrato-especial-para-isopodes\\\/#primaryimage\"},\"image\":{\"@id\":\"https:\\\/\\\/antderground.com\\\/pt-br\\\/produto\\\/substrato-especial-para-isopodes\\\/#primaryimage\"},\"thumbnailUrl\":\"https:\\\/\\\/antderground.com\\\/wp-content\\\/uploads\\\/2024\\\/11\\\/sustrato-especial-para-isopodos.jpeg\",\"datePublished\":\"2024-11-18T11:07:45+00:00\",\"dateModified\":\"2025-04-03T17:23:01+00:00\",\"description\":\"Substrato especial para is\u00f3podes com fibra de coco, vermiculite, musgo, carv\u00e3o e serapilheira. Ideal para o controlo de humidade, nutri\u00e7\u00e3o e odores.\",\"breadcrumb\":{\"@id\":\"https:\\\/\\\/antderground.com\\\/pt-br\\\/produto\\\/substrato-especial-para-isopodes\\\/#breadcrumb\"},\"inLanguage\":\"pt-BR\",\"potentialAction\":[{\"@type\":\"ReadAction\",\"target\":[\"https:\\\/\\\/antderground.com\\\/pt-br\\\/produto\\\/substrato-especial-para-isopodes\\\/\"]}]},{\"@type\":\"ImageObject\",\"inLanguage\":\"pt-BR\",\"@id\":\"https:\\\/\\\/antderground.com\\\/pt-br\\\/produto\\\/substrato-especial-para-isopodes\\\/#primaryimage\",\"url\":\"https:\\\/\\\/antderground.com\\\/wp-content\\\/uploads\\\/2024\\\/11\\\/sustrato-especial-para-isopodos.jpeg\",\"contentUrl\":\"https:\\\/\\\/antderground.com\\\/wp-content\\\/uploads\\\/2024\\\/11\\\/sustrato-especial-para-isopodos.jpeg\",\"width\":1600,\"height\":1600},{\"@type\":\"BreadcrumbList\",\"@id\":\"https:\\\/\\\/antderground.com\\\/pt-br\\\/produto\\\/substrato-especial-para-isopodes\\\/#breadcrumb\",\"itemListElement\":[{\"@type\":\"ListItem\",\"position\":1,\"name\":\"Portada\",\"item\":\"https:\\\/\\\/antderground.com\\\/pt-br\\\/\"},{\"@type\":\"ListItem\",\"position\":2,\"name\":\"Produtos\",\"item\":\"https:\\\/\\\/antderground.com\\\/pt-br\\\/loja-de-formigueiros\\\/\"},{\"@type\":\"ListItem\",\"position\":3,\"name\":\"Substrato especial para Is\u00f3podes\"}]},{\"@type\":\"WebSite\",\"@id\":\"https:\\\/\\\/antderground.com\\\/pt-br\\\/#website\",\"url\":\"https:\\\/\\\/antderground.com\\\/pt-br\\\/\",\"name\":\"ANTDERGROUND\",\"description\":\"Tu tienda de hormigas, gran variedad de hormigueros acr\u00edlicos,madera,arena,3D y mas.. Pide tus hormigas gratis con tu pedido, somos expertos en hormigueros antifugas.\",\"publisher\":{\"@id\":\"https:\\\/\\\/antderground.com\\\/pt-br\\\/#\\\/schema\\\/person\\\/0e322c505e84fe72c65e2f6d08f96b81\"},\"alternateName\":\"Antderground\",\"potentialAction\":[{\"@type\":\"SearchAction\",\"target\":{\"@type\":\"EntryPoint\",\"urlTemplate\":\"https:\\\/\\\/antderground.com\\\/pt-br\\\/?s={search_term_string}\"},\"query-input\":{\"@type\":\"PropertyValueSpecification\",\"valueRequired\":true,\"valueName\":\"search_term_string\"}}],\"inLanguage\":\"pt-BR\"},{\"@type\":[\"Person\",\"Organization\"],\"@id\":\"https:\\\/\\\/antderground.com\\\/pt-br\\\/#\\\/schema\\\/person\\\/0e322c505e84fe72c65e2f6d08f96b81\",\"name\":\"Eric de Antderground\",\"image\":{\"@type\":\"ImageObject\",\"inLanguage\":\"pt-BR\",\"@id\":\"https:\\\/\\\/secure.gravatar.com\\\/avatar\\\/c49a1b9f79216d1498cb73c1e85cd47f4465dda35f2a94c03790d491bd4423c3?s=96&d=mm&r=g\",\"url\":\"https:\\\/\\\/secure.gravatar.com\\\/avatar\\\/c49a1b9f79216d1498cb73c1e85cd47f4465dda35f2a94c03790d491bd4423c3?s=96&d=mm&r=g\",\"contentUrl\":\"https:\\\/\\\/secure.gravatar.com\\\/avatar\\\/c49a1b9f79216d1498cb73c1e85cd47f4465dda35f2a94c03790d491bd4423c3?s=96&d=mm&r=g\",\"caption\":\"Eric de Antderground\"},\"logo\":{\"@id\":\"https:\\\/\\\/secure.gravatar.com\\\/avatar\\\/c49a1b9f79216d1498cb73c1e85cd47f4465dda35f2a94c03790d491bd4423c3?s=96&d=mm&r=g\"},\"description\":\"Eric es el especialista y fundador de Antderground, con una amplia trayectoria en artr\u00f3podos y enfocado en la mirmecolog\u00eda y el dise\u00f1o de hormigueros artificiales. Su enfoque combina la innovaci\u00f3n t\u00e9cnica con el respeto por la biolog\u00eda de las hormigas, is\u00f3podos y otros, desarrollando sistemas de nidos modulares 3D y acr\u00edlicos que son referentes para aficionados y profesionales en toda Europa. Su objetivo es facilitar la cr\u00eda de hormigas y otros artr\u00f3podos mediante soluciones seguras y divulgaci\u00f3n de calidad.\",\"sameAs\":[\"https:\\\/\\\/antderground.com\\\/\",\"https:\\\/\\\/www.youtube.com\\\/channel\\\/UCio72z7TlbufkAthAJIJfPw\"]}]}<\/script>\n<!-- \/ Yoast SEO plugin. -->","yoast_head_json":{"title":"Substrato especial para Is\u00f3podes - ANTDERGROUND","description":"Substrato especial para is\u00f3podes com fibra de coco, vermiculite, musgo, carv\u00e3o e serapilheira. Ideal para o controlo de humidade, nutri\u00e7\u00e3o e odores.","robots":{"index":"index","follow":"follow","max-snippet":"max-snippet:-1","max-image-preview":"max-image-preview:large","max-video-preview":"max-video-preview:-1"},"canonical":"https:\/\/antderground.com\/pt-br\/produto\/substrato-especial-para-isopodes\/","og_locale":"pt_BR","og_type":"article","og_title":"Substrato especial para Is\u00f3podes - ANTDERGROUND","og_description":"Substrato especial para is\u00f3podes com fibra de coco, vermiculite, musgo, carv\u00e3o e serapilheira. Ideal para o controlo de humidade, nutri\u00e7\u00e3o e odores.","og_url":"https:\/\/antderground.com\/pt-br\/produto\/substrato-especial-para-isopodes\/","og_site_name":"ANTDERGROUND","article_modified_time":"2025-04-03T17:23:01+00:00","og_image":[{"width":1600,"height":1600,"url":"https:\/\/antderground.com\/wp-content\/uploads\/2024\/11\/sustrato-especial-para-isopodos.jpeg","type":"image\/jpeg"}],"twitter_card":"summary_large_image","twitter_misc":{"Est. tempo de leitura":"1 minuto"},"schema":{"@context":"https:\/\/schema.org","@graph":[{"@type":"WebPage","@id":"https:\/\/antderground.com\/pt-br\/produto\/substrato-especial-para-isopodes\/","url":"https:\/\/antderground.com\/pt-br\/produto\/substrato-especial-para-isopodes\/","name":"Substrato especial para Is\u00f3podes - ANTDERGROUND","isPartOf":{"@id":"https:\/\/antderground.com\/pt-br\/#website"},"primaryImageOfPage":{"@id":"https:\/\/antderground.com\/pt-br\/produto\/substrato-especial-para-isopodes\/#primaryimage"},"image":{"@id":"https:\/\/antderground.com\/pt-br\/produto\/substrato-especial-para-isopodes\/#primaryimage"},"thumbnailUrl":"https:\/\/antderground.com\/wp-content\/uploads\/2024\/11\/sustrato-especial-para-isopodos.jpeg","datePublished":"2024-11-18T11:07:45+00:00","dateModified":"2025-04-03T17:23:01+00:00","description":"Substrato especial para is\u00f3podes com fibra de coco, vermiculite, musgo, carv\u00e3o e serapilheira. Ideal para o controlo de humidade, nutri\u00e7\u00e3o e odores.","breadcrumb":{"@id":"https:\/\/antderground.com\/pt-br\/produto\/substrato-especial-para-isopodes\/#breadcrumb"},"inLanguage":"pt-BR","potentialAction":[{"@type":"ReadAction","target":["https:\/\/antderground.com\/pt-br\/produto\/substrato-especial-para-isopodes\/"]}]},{"@type":"ImageObject","inLanguage":"pt-BR","@id":"https:\/\/antderground.com\/pt-br\/produto\/substrato-especial-para-isopodes\/#primaryimage","url":"https:\/\/antderground.com\/wp-content\/uploads\/2024\/11\/sustrato-especial-para-isopodos.jpeg","contentUrl":"https:\/\/antderground.com\/wp-content\/uploads\/2024\/11\/sustrato-especial-para-isopodos.jpeg","width":1600,"height":1600},{"@type":"BreadcrumbList","@id":"https:\/\/antderground.com\/pt-br\/produto\/substrato-especial-para-isopodes\/#breadcrumb","itemListElement":[{"@type":"ListItem","position":1,"name":"Portada","item":"https:\/\/antderground.com\/pt-br\/"},{"@type":"ListItem","position":2,"name":"Produtos","item":"https:\/\/antderground.com\/pt-br\/loja-de-formigueiros\/"},{"@type":"ListItem","position":3,"name":"Substrato especial para Is\u00f3podes"}]},{"@type":"WebSite","@id":"https:\/\/antderground.com\/pt-br\/#website","url":"https:\/\/antderground.com\/pt-br\/","name":"ANTDERGROUND","description":"Tu tienda de hormigas, gran variedad de hormigueros acr\u00edlicos,madera,arena,3D y mas.. Pide tus hormigas gratis con tu pedido, somos expertos en hormigueros antifugas.","publisher":{"@id":"https:\/\/antderground.com\/pt-br\/#\/schema\/person\/0e322c505e84fe72c65e2f6d08f96b81"},"alternateName":"Antderground","potentialAction":[{"@type":"SearchAction","target":{"@type":"EntryPoint","urlTemplate":"https:\/\/antderground.com\/pt-br\/?s={search_term_string}"},"query-input":{"@type":"PropertyValueSpecification","valueRequired":true,"valueName":"search_term_string"}}],"inLanguage":"pt-BR"},{"@type":["Person","Organization"],"@id":"https:\/\/antderground.com\/pt-br\/#\/schema\/person\/0e322c505e84fe72c65e2f6d08f96b81","name":"Eric de Antderground","image":{"@type":"ImageObject","inLanguage":"pt-BR","@id":"https:\/\/secure.gravatar.com\/avatar\/c49a1b9f79216d1498cb73c1e85cd47f4465dda35f2a94c03790d491bd4423c3?s=96&d=mm&r=g","url":"https:\/\/secure.gravatar.com\/avatar\/c49a1b9f79216d1498cb73c1e85cd47f4465dda35f2a94c03790d491bd4423c3?s=96&d=mm&r=g","contentUrl":"https:\/\/secure.gravatar.com\/avatar\/c49a1b9f79216d1498cb73c1e85cd47f4465dda35f2a94c03790d491bd4423c3?s=96&d=mm&r=g","caption":"Eric de Antderground"},"logo":{"@id":"https:\/\/secure.gravatar.com\/avatar\/c49a1b9f79216d1498cb73c1e85cd47f4465dda35f2a94c03790d491bd4423c3?s=96&d=mm&r=g"},"description":"Eric es el especialista y fundador de Antderground, con una amplia trayectoria en artr\u00f3podos y enfocado en la mirmecolog\u00eda y el dise\u00f1o de hormigueros artificiales. Su enfoque combina la innovaci\u00f3n t\u00e9cnica con el respeto por la biolog\u00eda de las hormigas, is\u00f3podos y otros, desarrollando sistemas de nidos modulares 3D y acr\u00edlicos que son referentes para aficionados y profesionales en toda Europa. Su objetivo es facilitar la cr\u00eda de hormigas y otros artr\u00f3podos mediante soluciones seguras y divulgaci\u00f3n de calidad.","sameAs":["https:\/\/antderground.com\/","https:\/\/www.youtube.com\/channel\/UCio72z7TlbufkAthAJIJfPw"]}]}},"_links":{"self":[{"href":"https:\/\/antderground.com\/pt-br\/wp-json\/wp\/v2\/product\/40212","targetHints":{"allow":["GET"]}}],"collection":[{"href":"https:\/\/antderground.com\/pt-br\/wp-json\/wp\/v2\/product"}],"about":[{"href":"https:\/\/antderground.com\/pt-br\/wp-json\/wp\/v2\/types\/product"}],"version-history":[{"count":0,"href":"https:\/\/antderground.com\/pt-br\/wp-json\/wp\/v2\/product\/40212\/revisions"}],"wp:featuredmedia":[{"embeddable":true,"href":"https:\/\/antderground.com\/pt-br\/wp-json\/wp\/v2\/media\/37926"}],"wp:attachment":[{"href":"https:\/\/antderground.com\/pt-br\/wp-json\/wp\/v2\/media?parent=40212"}],"wp:term":[{"taxonomy":"product_brand","embeddable":true,"href":"https:\/\/antderground.com\/pt-br\/wp-json\/wp\/v2\/product_brand?post=40212"},{"taxonomy":"product_cat","embeddable":true,"href":"https:\/\/antderground.com\/pt-br\/wp-json\/wp\/v2\/product_cat?post=40212"},{"taxonomy":"product_tag","embeddable":true,"href":"https:\/\/antderground.com\/pt-br\/wp-json\/wp\/v2\/product_tag?post=40212"}],"curies":[{"name":"wp","href":"https:\/\/api.w.org\/{rel}","templated":true}]}}