{"id":40544,"date":"2025-02-24T15:28:46","date_gmt":"2025-02-24T14:28:46","guid":{"rendered":"https:\/\/www.antderground.com\/producto\/cubaris-panda-king-white\/"},"modified":"2025-02-24T15:28:46","modified_gmt":"2025-02-24T14:28:46","slug":"cubaris-panda-king-white","status":"publish","type":"product","link":"https:\/\/antderground.com\/pt-br\/produto\/cubaris-panda-king-white\/","title":{"rendered":"Cubaris panda King &#8220;White&#8221;"},"content":{"rendered":"<h3 data-start=\"0\" data-end=\"74\"><strong data-start=\"4\" data-end=\"72\">Ficha T\u00e9cnica\u00a0<\/strong><\/h3>\n<p data-start=\"76\" data-end=\"136\"><strong data-start=\"81\" data-end=\"101\">Nome cient\u00edfico:<\/strong> <em data-start=\"102\" data-end=\"134\">Cubaris sp. &#8220;Panda King White&#8221;<\/em><\/p>\n<p data-start=\"137\" data-end=\"184\"><strong data-start=\"142\" data-end=\"157\">Nome comum:<\/strong> Cubaris Panda King White<\/p>\n<h4 data-start=\"185\" data-end=\"210\"><strong data-start=\"190\" data-end=\"208\">Classifica\u00e7\u00e3o:<\/strong><\/h4>\n<ul data-start=\"211\" data-end=\"341\">\n<li data-start=\"211\" data-end=\"234\"><strong data-start=\"213\" data-end=\"223\">Reino:<\/strong> Animalia<\/li>\n<li data-start=\"235\" data-end=\"259\"><strong data-start=\"237\" data-end=\"246\">Filo:<\/strong> Arthropoda<\/li>\n<li data-start=\"260\" data-end=\"288\"><strong data-start=\"262\" data-end=\"273\">Classe:<\/strong> Malacostraca<\/li>\n<li data-start=\"289\" data-end=\"311\"><strong data-start=\"291\" data-end=\"301\">Ordem:<\/strong> Isopoda<\/li>\n<li data-start=\"312\" data-end=\"341\"><strong data-start=\"314\" data-end=\"326\">Fam\u00edlia:<\/strong> Armadillidae<\/li>\n<\/ul>\n<h4 data-start=\"343\" data-end=\"376\"><strong data-start=\"348\" data-end=\"374\">Origem e distribui\u00e7\u00e3o:<\/strong><\/h4>\n<p data-start=\"377\" data-end=\"517\">Este is\u00f3pode \u00e9 origin\u00e1rio de regi\u00f5es tropicais do sudeste asi\u00e1tico, onde habita solos \u00famidos e em decomposi\u00e7\u00e3o dentro de florestas densas.<\/p>\n<h4 data-start=\"519\" data-end=\"541\"><strong data-start=\"524\" data-end=\"539\">Morfologia:<\/strong><\/h4>\n<ul data-start=\"542\" data-end=\"769\">\n<li data-start=\"542\" data-end=\"582\"><strong data-start=\"544\" data-end=\"563\">Tamanho adulto:<\/strong> Entre 1,5 e 2 cm<\/li>\n<li data-start=\"583\" data-end=\"658\"><strong data-start=\"585\" data-end=\"599\">Colora\u00e7\u00e3o:<\/strong> Branco com padr\u00f5es escuros bem definidos no exoesqueleto<\/li>\n<li data-start=\"659\" data-end=\"769\"><strong data-start=\"661\" data-end=\"684\">Estrutura corporal:<\/strong> Segmentado, com capacidade de se enrolar em forma de bola como mecanismo de defesa<\/li>\n<\/ul>\n<h4 data-start=\"771\" data-end=\"806\"><strong data-start=\"776\" data-end=\"804\">Condi\u00e7\u00f5es de manuten\u00e7\u00e3o:<\/strong><\/h4>\n<ul data-start=\"807\" data-end=\"1123\">\n<li data-start=\"807\" data-end=\"851\"><strong data-start=\"809\" data-end=\"831\">Temperatura ideal:<\/strong> Entre 22\u00b0C e 26\u00b0C<\/li>\n<li data-start=\"852\" data-end=\"893\"><strong data-start=\"854\" data-end=\"875\">Umidade relativa:<\/strong> Entre 70% e 80%<\/li>\n<li data-start=\"894\" data-end=\"993\"><strong data-start=\"896\" data-end=\"910\">Substrato:<\/strong> Mistura de fibra de coco, folhas secas, madeira em decomposi\u00e7\u00e3o e musgo sphagnum<\/li>\n<li data-start=\"994\" data-end=\"1064\"><strong data-start=\"996\" data-end=\"1011\">Ventila\u00e7\u00e3o:<\/strong> Moderada, evitando um ambiente excessivamente seco<\/li>\n<li data-start=\"1065\" data-end=\"1123\"><strong data-start=\"1067\" data-end=\"1084\">Esconderijos:<\/strong> Troncos, cascas e pedras para abrigo<\/li>\n<\/ul>\n<h4 data-start=\"1125\" data-end=\"1148\"><strong data-start=\"1130\" data-end=\"1146\">Alimenta\u00e7\u00e3o:<\/strong><\/h4>\n<ul data-start=\"1149\" data-end=\"1349\">\n<li data-start=\"1149\" data-end=\"1213\">Mat\u00e9ria vegetal em decomposi\u00e7\u00e3o (folhas secas, casca, musgo)<\/li>\n<li data-start=\"1214\" data-end=\"1258\">Madeira em decomposi\u00e7\u00e3o rica em celulose<\/li>\n<li data-start=\"1259\" data-end=\"1349\">Suplementos proteicos como ra\u00e7\u00e3o para peixes, c\u00e1lcio em p\u00f3 e cascas de ovos trituradas<\/li>\n<\/ul>\n<h4 data-start=\"1351\" data-end=\"1392\"><strong data-start=\"1356\" data-end=\"1390\">Comportamento e sociabilidade:<\/strong><\/h4>\n<ul data-start=\"1393\" data-end=\"1595\">\n<li data-start=\"1393\" data-end=\"1450\">Esp\u00e9cie greg\u00e1ria, prefere viver em col\u00f4nias numerosas<\/li>\n<li data-start=\"1451\" data-end=\"1505\">Ativo na busca por alimento, especialmente \u00e0 noite<\/li>\n<li data-start=\"1506\" data-end=\"1595\">Seu comportamento de escava\u00e7\u00e3o auxilia na aera\u00e7\u00e3o do substrato em terr\u00e1rios bioativos<\/li>\n<\/ul>\n<h4 data-start=\"1597\" data-end=\"1619\"><strong data-start=\"1602\" data-end=\"1617\">Reprodu\u00e7\u00e3o:<\/strong><\/h4>\n<ul data-start=\"1620\" data-end=\"1862\">\n<li data-start=\"1620\" data-end=\"1708\">Reprodu\u00e7\u00e3o ovoviv\u00edpara, os filhotes nascem desenvolvidos dentro do mars\u00fapio da f\u00eamea<\/li>\n<li data-start=\"1709\" data-end=\"1765\">Alcan\u00e7am a maturidade em aproximadamente 4 a 6 meses<\/li>\n<li data-start=\"1766\" data-end=\"1862\">Recomenda-se manter um grupo inicial de pelo menos 10 indiv\u00edduos para estimular a reprodu\u00e7\u00e3o<\/li>\n<\/ul>\n<h4 data-start=\"1864\" data-end=\"1901\"><strong data-start=\"1869\" data-end=\"1899\">Dificuldade de manuten\u00e7\u00e3o:<\/strong><\/h4>\n<ul data-start=\"1902\" data-end=\"2030\">\n<li data-start=\"1902\" data-end=\"1973\">N\u00edvel m\u00e9dio, exige monitoramento constante da umidade e temperatura<\/li>\n<li data-start=\"1974\" data-end=\"2030\">Ideal para projetos bioativos em terr\u00e1rios tropicais<\/li>\n<\/ul>\n<h4 data-start=\"2032\" data-end=\"2070\"><strong data-start=\"2037\" data-end=\"2068\">Aplica\u00e7\u00f5es em bioatividade:<\/strong><\/h4>\n<ul data-start=\"2071\" data-end=\"2336\">\n<li data-start=\"2071\" data-end=\"2146\">Contribui para o ciclo de decomposi\u00e7\u00e3o da mat\u00e9ria org\u00e2nica em terr\u00e1rios<\/li>\n<li data-start=\"2147\" data-end=\"2232\">Ajuda a manter o equil\u00edbrio do ecossistema ao consumir restos de alimentos e mofo<\/li>\n<li data-start=\"2233\" data-end=\"2336\">Compat\u00edvel com diversas esp\u00e9cies de r\u00e9pteis, anf\u00edbios e outros invertebrados em terr\u00e1rios tropicais<\/li>\n<\/ul>\n<h4 data-start=\"2338\" data-end=\"2372\"><strong data-start=\"2343\" data-end=\"2370\">Observa\u00e7\u00f5es adicionais:<\/strong><\/h4>\n<p data-start=\"2373\" data-end=\"2608\">O <em data-start=\"2375\" data-end=\"2401\">Cubaris Panda King White<\/em> \u00e9 uma varia\u00e7\u00e3o do <a href=\"https:\/\/antderground.com\/pt-br\/produto\/cubaris-panda-king\/\"><em data-start=\"2420\" data-end=\"2440\">Cubaris Panda King<\/em><\/a>, destacando-se pelo seu tom branco mais intenso. Sua colora\u00e7\u00e3o e padr\u00f5es tornam-no um is\u00f3pode muito apreciado por colecionadores e entusiastas de sistemas bioativos.<\/p>\n","protected":false},"excerpt":{"rendered":"<p>\ud83d\udc3c\u2728 O <em data-start=\"2681\" data-end=\"2707\">Cubaris Panda King White<\/em> \u00e9 uma joia ex\u00f3tica para seu terr\u00e1rio! Com seu elegante tom branco e padr\u00f5es escuros, este is\u00f3pode \u00e9 perfeito para bioatividade. F\u00e1cil de cuidar e muito ativo, dar\u00e1 mais vida ao seu ecossistema \ud83c\udf3f\ud83d\udd2c.<\/p>\n","protected":false},"featured_media":40517,"template":"","meta":[],"product_brand":[],"product_cat":[483,486,721],"product_tag":[],"class_list":{"0":"post-40544","1":"product","2":"type-product","3":"status-publish","4":"has-post-thumbnail","6":"product_cat-artropodes","7":"product_cat-isopodos","8":"product_cat-cubaris","10":"first","11":"instock","12":"sale","13":"shipping-taxable","14":"purchasable","15":"product-type-variable"},"yoast_head":"<!-- This site is optimized with the Yoast SEO plugin v27.4 - https:\/\/yoast.com\/product\/yoast-seo-wordpress\/ -->\n<title>Cubaris panda King &quot;White&quot; | Is\u00f3pode ex\u00f3tico - ANTDERGROUND<\/title>\n<meta name=\"description\" content=\"\ud83d\udc3c\u2744\ufe0f Descubra o Cubaris Panda King White, um is\u00f3pode ex\u00f3tico de tons brancos ideal para bioatividade. Adicione ao seu terr\u00e1rio! \ud83c\udf31\u2728\" \/>\n<meta name=\"robots\" content=\"index, follow, max-snippet:-1, max-image-preview:large, max-video-preview:-1\" \/>\n<link rel=\"canonical\" href=\"https:\/\/antderground.com\/pt-br\/produto\/cubaris-panda-king-white\/\" \/>\n<meta property=\"og:locale\" content=\"pt_BR\" \/>\n<meta property=\"og:type\" content=\"article\" \/>\n<meta property=\"og:title\" content=\"Cubaris panda King &quot;White&quot; | Is\u00f3pode ex\u00f3tico - ANTDERGROUND\" \/>\n<meta property=\"og:description\" content=\"\ud83d\udc3c\u2744\ufe0f Descubra o Cubaris Panda King White, um is\u00f3pode ex\u00f3tico de tons brancos ideal para bioatividade. Adicione ao seu terr\u00e1rio! \ud83c\udf31\u2728\" \/>\n<meta property=\"og:url\" content=\"https:\/\/antderground.com\/pt-br\/produto\/cubaris-panda-king-white\/\" \/>\n<meta property=\"og:site_name\" content=\"ANTDERGROUND\" \/>\n<meta property=\"og:image\" content=\"https:\/\/antderground.com\/wp-content\/uploads\/2025\/02\/Cubaris-panda-King-22White22.jpeg\" \/>\n\t<meta property=\"og:image:width\" content=\"1400\" \/>\n\t<meta property=\"og:image:height\" content=\"1400\" \/>\n\t<meta property=\"og:image:type\" content=\"image\/jpeg\" \/>\n<meta name=\"twitter:card\" content=\"summary_large_image\" \/>\n<meta name=\"twitter:label1\" content=\"Est. tempo de leitura\" \/>\n\t<meta name=\"twitter:data1\" content=\"2 minutos\" \/>\n<script type=\"application\/ld+json\" class=\"yoast-schema-graph\">{\"@context\":\"https:\\\/\\\/schema.org\",\"@graph\":[{\"@type\":\"WebPage\",\"@id\":\"https:\\\/\\\/antderground.com\\\/pt-br\\\/produto\\\/cubaris-panda-king-white\\\/\",\"url\":\"https:\\\/\\\/antderground.com\\\/pt-br\\\/produto\\\/cubaris-panda-king-white\\\/\",\"name\":\"Cubaris panda King \\\"White\\\" | Is\u00f3pode ex\u00f3tico - ANTDERGROUND\",\"isPartOf\":{\"@id\":\"https:\\\/\\\/antderground.com\\\/pt-br\\\/#website\"},\"primaryImageOfPage\":{\"@id\":\"https:\\\/\\\/antderground.com\\\/pt-br\\\/produto\\\/cubaris-panda-king-white\\\/#primaryimage\"},\"image\":{\"@id\":\"https:\\\/\\\/antderground.com\\\/pt-br\\\/produto\\\/cubaris-panda-king-white\\\/#primaryimage\"},\"thumbnailUrl\":\"https:\\\/\\\/antderground.com\\\/wp-content\\\/uploads\\\/2025\\\/02\\\/Cubaris-panda-King-22White22.jpeg\",\"datePublished\":\"2025-02-24T14:28:46+00:00\",\"description\":\"\ud83d\udc3c\u2744\ufe0f Descubra o Cubaris Panda King White, um is\u00f3pode ex\u00f3tico de tons brancos ideal para bioatividade. Adicione ao seu terr\u00e1rio! \ud83c\udf31\u2728\",\"breadcrumb\":{\"@id\":\"https:\\\/\\\/antderground.com\\\/pt-br\\\/produto\\\/cubaris-panda-king-white\\\/#breadcrumb\"},\"inLanguage\":\"pt-BR\",\"potentialAction\":[{\"@type\":\"ReadAction\",\"target\":[\"https:\\\/\\\/antderground.com\\\/pt-br\\\/produto\\\/cubaris-panda-king-white\\\/\"]}]},{\"@type\":\"ImageObject\",\"inLanguage\":\"pt-BR\",\"@id\":\"https:\\\/\\\/antderground.com\\\/pt-br\\\/produto\\\/cubaris-panda-king-white\\\/#primaryimage\",\"url\":\"https:\\\/\\\/antderground.com\\\/wp-content\\\/uploads\\\/2025\\\/02\\\/Cubaris-panda-King-22White22.jpeg\",\"contentUrl\":\"https:\\\/\\\/antderground.com\\\/wp-content\\\/uploads\\\/2025\\\/02\\\/Cubaris-panda-King-22White22.jpeg\",\"width\":1400,\"height\":1400,\"caption\":\"Cubaris panda King \\\"White\\\"\"},{\"@type\":\"BreadcrumbList\",\"@id\":\"https:\\\/\\\/antderground.com\\\/pt-br\\\/produto\\\/cubaris-panda-king-white\\\/#breadcrumb\",\"itemListElement\":[{\"@type\":\"ListItem\",\"position\":1,\"name\":\"Portada\",\"item\":\"https:\\\/\\\/antderground.com\\\/pt-br\\\/\"},{\"@type\":\"ListItem\",\"position\":2,\"name\":\"Produtos\",\"item\":\"https:\\\/\\\/antderground.com\\\/pt-br\\\/loja-de-formigueiros\\\/\"},{\"@type\":\"ListItem\",\"position\":3,\"name\":\"Cubaris panda King &#8220;White&#8221;\"}]},{\"@type\":\"WebSite\",\"@id\":\"https:\\\/\\\/antderground.com\\\/pt-br\\\/#website\",\"url\":\"https:\\\/\\\/antderground.com\\\/pt-br\\\/\",\"name\":\"ANTDERGROUND\",\"description\":\"Tu tienda de hormigas, gran variedad de hormigueros acr\u00edlicos,madera,arena,3D y mas.. Pide tus hormigas gratis con tu pedido, somos expertos en hormigueros antifugas.\",\"publisher\":{\"@id\":\"https:\\\/\\\/antderground.com\\\/pt-br\\\/#\\\/schema\\\/person\\\/0e322c505e84fe72c65e2f6d08f96b81\"},\"alternateName\":\"Antderground\",\"potentialAction\":[{\"@type\":\"SearchAction\",\"target\":{\"@type\":\"EntryPoint\",\"urlTemplate\":\"https:\\\/\\\/antderground.com\\\/pt-br\\\/?s={search_term_string}\"},\"query-input\":{\"@type\":\"PropertyValueSpecification\",\"valueRequired\":true,\"valueName\":\"search_term_string\"}}],\"inLanguage\":\"pt-BR\"},{\"@type\":[\"Person\",\"Organization\"],\"@id\":\"https:\\\/\\\/antderground.com\\\/pt-br\\\/#\\\/schema\\\/person\\\/0e322c505e84fe72c65e2f6d08f96b81\",\"name\":\"Eric de Antderground\",\"image\":{\"@type\":\"ImageObject\",\"inLanguage\":\"pt-BR\",\"@id\":\"https:\\\/\\\/secure.gravatar.com\\\/avatar\\\/c49a1b9f79216d1498cb73c1e85cd47f4465dda35f2a94c03790d491bd4423c3?s=96&d=mm&r=g\",\"url\":\"https:\\\/\\\/secure.gravatar.com\\\/avatar\\\/c49a1b9f79216d1498cb73c1e85cd47f4465dda35f2a94c03790d491bd4423c3?s=96&d=mm&r=g\",\"contentUrl\":\"https:\\\/\\\/secure.gravatar.com\\\/avatar\\\/c49a1b9f79216d1498cb73c1e85cd47f4465dda35f2a94c03790d491bd4423c3?s=96&d=mm&r=g\",\"caption\":\"Eric de Antderground\"},\"logo\":{\"@id\":\"https:\\\/\\\/secure.gravatar.com\\\/avatar\\\/c49a1b9f79216d1498cb73c1e85cd47f4465dda35f2a94c03790d491bd4423c3?s=96&d=mm&r=g\"},\"description\":\"Eric es el especialista y fundador de Antderground, con una amplia trayectoria en artr\u00f3podos y enfocado en la mirmecolog\u00eda y el dise\u00f1o de hormigueros artificiales. Su enfoque combina la innovaci\u00f3n t\u00e9cnica con el respeto por la biolog\u00eda de las hormigas, is\u00f3podos y otros, desarrollando sistemas de nidos modulares 3D y acr\u00edlicos que son referentes para aficionados y profesionales en toda Europa. Su objetivo es facilitar la cr\u00eda de hormigas y otros artr\u00f3podos mediante soluciones seguras y divulgaci\u00f3n de calidad.\",\"sameAs\":[\"https:\\\/\\\/antderground.com\\\/\",\"https:\\\/\\\/www.youtube.com\\\/channel\\\/UCio72z7TlbufkAthAJIJfPw\"]}]}<\/script>\n<!-- \/ Yoast SEO plugin. -->","yoast_head_json":{"title":"Cubaris panda King \"White\" | Is\u00f3pode ex\u00f3tico - ANTDERGROUND","description":"\ud83d\udc3c\u2744\ufe0f Descubra o Cubaris Panda King White, um is\u00f3pode ex\u00f3tico de tons brancos ideal para bioatividade. Adicione ao seu terr\u00e1rio! \ud83c\udf31\u2728","robots":{"index":"index","follow":"follow","max-snippet":"max-snippet:-1","max-image-preview":"max-image-preview:large","max-video-preview":"max-video-preview:-1"},"canonical":"https:\/\/antderground.com\/pt-br\/produto\/cubaris-panda-king-white\/","og_locale":"pt_BR","og_type":"article","og_title":"Cubaris panda King \"White\" | Is\u00f3pode ex\u00f3tico - ANTDERGROUND","og_description":"\ud83d\udc3c\u2744\ufe0f Descubra o Cubaris Panda King White, um is\u00f3pode ex\u00f3tico de tons brancos ideal para bioatividade. Adicione ao seu terr\u00e1rio! \ud83c\udf31\u2728","og_url":"https:\/\/antderground.com\/pt-br\/produto\/cubaris-panda-king-white\/","og_site_name":"ANTDERGROUND","og_image":[{"width":1400,"height":1400,"url":"https:\/\/antderground.com\/wp-content\/uploads\/2025\/02\/Cubaris-panda-King-22White22.jpeg","type":"image\/jpeg"}],"twitter_card":"summary_large_image","twitter_misc":{"Est. tempo de leitura":"2 minutos"},"schema":{"@context":"https:\/\/schema.org","@graph":[{"@type":"WebPage","@id":"https:\/\/antderground.com\/pt-br\/produto\/cubaris-panda-king-white\/","url":"https:\/\/antderground.com\/pt-br\/produto\/cubaris-panda-king-white\/","name":"Cubaris panda King \"White\" | Is\u00f3pode ex\u00f3tico - ANTDERGROUND","isPartOf":{"@id":"https:\/\/antderground.com\/pt-br\/#website"},"primaryImageOfPage":{"@id":"https:\/\/antderground.com\/pt-br\/produto\/cubaris-panda-king-white\/#primaryimage"},"image":{"@id":"https:\/\/antderground.com\/pt-br\/produto\/cubaris-panda-king-white\/#primaryimage"},"thumbnailUrl":"https:\/\/antderground.com\/wp-content\/uploads\/2025\/02\/Cubaris-panda-King-22White22.jpeg","datePublished":"2025-02-24T14:28:46+00:00","description":"\ud83d\udc3c\u2744\ufe0f Descubra o Cubaris Panda King White, um is\u00f3pode ex\u00f3tico de tons brancos ideal para bioatividade. Adicione ao seu terr\u00e1rio! \ud83c\udf31\u2728","breadcrumb":{"@id":"https:\/\/antderground.com\/pt-br\/produto\/cubaris-panda-king-white\/#breadcrumb"},"inLanguage":"pt-BR","potentialAction":[{"@type":"ReadAction","target":["https:\/\/antderground.com\/pt-br\/produto\/cubaris-panda-king-white\/"]}]},{"@type":"ImageObject","inLanguage":"pt-BR","@id":"https:\/\/antderground.com\/pt-br\/produto\/cubaris-panda-king-white\/#primaryimage","url":"https:\/\/antderground.com\/wp-content\/uploads\/2025\/02\/Cubaris-panda-King-22White22.jpeg","contentUrl":"https:\/\/antderground.com\/wp-content\/uploads\/2025\/02\/Cubaris-panda-King-22White22.jpeg","width":1400,"height":1400,"caption":"Cubaris panda King \"White\""},{"@type":"BreadcrumbList","@id":"https:\/\/antderground.com\/pt-br\/produto\/cubaris-panda-king-white\/#breadcrumb","itemListElement":[{"@type":"ListItem","position":1,"name":"Portada","item":"https:\/\/antderground.com\/pt-br\/"},{"@type":"ListItem","position":2,"name":"Produtos","item":"https:\/\/antderground.com\/pt-br\/loja-de-formigueiros\/"},{"@type":"ListItem","position":3,"name":"Cubaris panda King &#8220;White&#8221;"}]},{"@type":"WebSite","@id":"https:\/\/antderground.com\/pt-br\/#website","url":"https:\/\/antderground.com\/pt-br\/","name":"ANTDERGROUND","description":"Tu tienda de hormigas, gran variedad de hormigueros acr\u00edlicos,madera,arena,3D y mas.. Pide tus hormigas gratis con tu pedido, somos expertos en hormigueros antifugas.","publisher":{"@id":"https:\/\/antderground.com\/pt-br\/#\/schema\/person\/0e322c505e84fe72c65e2f6d08f96b81"},"alternateName":"Antderground","potentialAction":[{"@type":"SearchAction","target":{"@type":"EntryPoint","urlTemplate":"https:\/\/antderground.com\/pt-br\/?s={search_term_string}"},"query-input":{"@type":"PropertyValueSpecification","valueRequired":true,"valueName":"search_term_string"}}],"inLanguage":"pt-BR"},{"@type":["Person","Organization"],"@id":"https:\/\/antderground.com\/pt-br\/#\/schema\/person\/0e322c505e84fe72c65e2f6d08f96b81","name":"Eric de Antderground","image":{"@type":"ImageObject","inLanguage":"pt-BR","@id":"https:\/\/secure.gravatar.com\/avatar\/c49a1b9f79216d1498cb73c1e85cd47f4465dda35f2a94c03790d491bd4423c3?s=96&d=mm&r=g","url":"https:\/\/secure.gravatar.com\/avatar\/c49a1b9f79216d1498cb73c1e85cd47f4465dda35f2a94c03790d491bd4423c3?s=96&d=mm&r=g","contentUrl":"https:\/\/secure.gravatar.com\/avatar\/c49a1b9f79216d1498cb73c1e85cd47f4465dda35f2a94c03790d491bd4423c3?s=96&d=mm&r=g","caption":"Eric de Antderground"},"logo":{"@id":"https:\/\/secure.gravatar.com\/avatar\/c49a1b9f79216d1498cb73c1e85cd47f4465dda35f2a94c03790d491bd4423c3?s=96&d=mm&r=g"},"description":"Eric es el especialista y fundador de Antderground, con una amplia trayectoria en artr\u00f3podos y enfocado en la mirmecolog\u00eda y el dise\u00f1o de hormigueros artificiales. Su enfoque combina la innovaci\u00f3n t\u00e9cnica con el respeto por la biolog\u00eda de las hormigas, is\u00f3podos y otros, desarrollando sistemas de nidos modulares 3D y acr\u00edlicos que son referentes para aficionados y profesionales en toda Europa. Su objetivo es facilitar la cr\u00eda de hormigas y otros artr\u00f3podos mediante soluciones seguras y divulgaci\u00f3n de calidad.","sameAs":["https:\/\/antderground.com\/","https:\/\/www.youtube.com\/channel\/UCio72z7TlbufkAthAJIJfPw"]}]}},"_links":{"self":[{"href":"https:\/\/antderground.com\/pt-br\/wp-json\/wp\/v2\/product\/40544","targetHints":{"allow":["GET"]}}],"collection":[{"href":"https:\/\/antderground.com\/pt-br\/wp-json\/wp\/v2\/product"}],"about":[{"href":"https:\/\/antderground.com\/pt-br\/wp-json\/wp\/v2\/types\/product"}],"version-history":[{"count":0,"href":"https:\/\/antderground.com\/pt-br\/wp-json\/wp\/v2\/product\/40544\/revisions"}],"wp:featuredmedia":[{"embeddable":true,"href":"https:\/\/antderground.com\/pt-br\/wp-json\/wp\/v2\/media\/40517"}],"wp:attachment":[{"href":"https:\/\/antderground.com\/pt-br\/wp-json\/wp\/v2\/media?parent=40544"}],"wp:term":[{"taxonomy":"product_brand","embeddable":true,"href":"https:\/\/antderground.com\/pt-br\/wp-json\/wp\/v2\/product_brand?post=40544"},{"taxonomy":"product_cat","embeddable":true,"href":"https:\/\/antderground.com\/pt-br\/wp-json\/wp\/v2\/product_cat?post=40544"},{"taxonomy":"product_tag","embeddable":true,"href":"https:\/\/antderground.com\/pt-br\/wp-json\/wp\/v2\/product_tag?post=40544"}],"curies":[{"name":"wp","href":"https:\/\/api.w.org\/{rel}","templated":true}]}}