{"id":40592,"date":"2025-02-21T22:02:15","date_gmt":"2025-02-21T21:02:15","guid":{"rendered":"https:\/\/www.antderground.com\/producto\/cubaris-sp-red-edge-albino-andaman-pearl\/"},"modified":"2025-02-21T22:02:15","modified_gmt":"2025-02-21T21:02:15","slug":"cubaris-sp-red-edge-albino-andaman-pearl","status":"publish","type":"product","link":"https:\/\/antderground.com\/pt-br\/produto\/cubaris-sp-red-edge-albino-andaman-pearl\/","title":{"rendered":"Cubaris sp. &#8220;Red Edge Albino &#8211; Andaman Pearl&#8221;"},"content":{"rendered":"<h3 data-start=\"0\" data-end=\"64\"><strong data-start=\"4\" data-end=\"62\">Ficha T\u00e9cnica do Is\u00f3pode Cubaris sp. \u2018Red Edge Albino &#8211; Andaman Pearl\u2019<\/strong><\/h3>\n<h4 data-start=\"66\" data-end=\"93\"><strong data-start=\"71\" data-end=\"91\">Nome cient\u00edfico:<\/strong><\/h4>\n<p data-start=\"94\" data-end=\"125\">Cubaris sp. \u2018Red Edge Albino &#8211; Andaman Pearl\u2019<\/p>\n<h4 data-start=\"127\" data-end=\"149\"><strong data-start=\"132\" data-end=\"147\">Nome comum:<\/strong><\/h4>\n<p data-start=\"150\" data-end=\"175\">Is\u00f3pode Red Edge Albino<\/p>\n<h4 data-start=\"177\" data-end=\"213\"><strong data-start=\"182\" data-end=\"211\">Origem e habitat natural:<\/strong><\/h4>\n<p data-start=\"214\" data-end=\"352\">Origin\u00e1rio do Sudeste Asi\u00e1tico, habita solos \u00famidos, sob rochas e troncos em decomposi\u00e7\u00e3o. Prefere ambientes quentes e com alta umidade.<\/p>\n<h4 data-start=\"354\" data-end=\"380\"><strong data-start=\"359\" data-end=\"378\">Tamanho adulto:<\/strong><\/h4>\n<p data-start=\"381\" data-end=\"406\">Aproximadamente 1,5 cm.<\/p>\n<h4 data-start=\"408\" data-end=\"442\"><strong data-start=\"413\" data-end=\"440\">Colora\u00e7\u00e3o e morfologia:<\/strong><\/h4>\n<p data-start=\"443\" data-end=\"610\">Possui uma colora\u00e7\u00e3o base branca ou creme p\u00e1lido devido \u00e0 sua condi\u00e7\u00e3o albina, com bordas avermelhadas no exoesqueleto. Pode enrolar-se em forma de bola como defesa.<\/p>\n<h4 data-start=\"612\" data-end=\"643\"><strong data-start=\"617\" data-end=\"641\">Expectativa de vida:<\/strong><\/h4>\n<p data-start=\"644\" data-end=\"683\">Entre 2 e 3 anos em condi\u00e7\u00f5es ideais.<\/p>\n<h4 data-start=\"685\" data-end=\"717\"><strong data-start=\"690\" data-end=\"715\">Condi\u00e7\u00f5es ambientais:<\/strong><\/h4>\n<ul data-start=\"718\" data-end=\"842\">\n<li data-start=\"718\" data-end=\"747\"><strong data-start=\"720\" data-end=\"736\">Temperatura:<\/strong> 22-26\u00b0C.<\/li>\n<li data-start=\"748\" data-end=\"773\"><strong data-start=\"750\" data-end=\"762\">Umidade:<\/strong> 70-85 %.<\/li>\n<li data-start=\"774\" data-end=\"842\"><strong data-start=\"776\" data-end=\"791\">Ventila\u00e7\u00e3o:<\/strong> Moderada, evitando excesso de umidade estagnada.<\/li>\n<\/ul>\n<h4 data-start=\"844\" data-end=\"867\"><strong data-start=\"849\" data-end=\"865\">Alimenta\u00e7\u00e3o:<\/strong><\/h4>\n<p data-start=\"868\" data-end=\"1022\">Detrit\u00edvoro e on\u00edvoro. Sua dieta inclui folhas secas, madeira em decomposi\u00e7\u00e3o, c\u00e1lcio, prote\u00ednas suplementares e pequenas por\u00e7\u00f5es de frutas ou vegetais.<\/p>\n<h4 data-start=\"1024\" data-end=\"1046\"><strong data-start=\"1029\" data-end=\"1044\">Reprodu\u00e7\u00e3o:<\/strong><\/h4>\n<ul data-start=\"1047\" data-end=\"1219\">\n<li data-start=\"1047\" data-end=\"1083\">Maturidade sexual aos 4-6 meses.<\/li>\n<li data-start=\"1084\" data-end=\"1176\">A f\u00eamea incuba os ovos em seu mars\u00fapio, de onde emergem filhotes completamente formados.<\/li>\n<li data-start=\"1177\" data-end=\"1219\">Ciclo reprodutivo moderadamente lento.<\/li>\n<\/ul>\n<h4 data-start=\"1221\" data-end=\"1264\"><strong data-start=\"1226\" data-end=\"1262\">Comportamento e compatibilidade:<\/strong><\/h4>\n<p data-start=\"1265\" data-end=\"1437\">\u00c9 uma esp\u00e9cie t\u00edmida e de h\u00e1bitos noturnos. Vive em col\u00f4nias, mas n\u00e3o \u00e9 t\u00e3o greg\u00e1ria quanto outros is\u00f3podes. Pode coexistir com outras esp\u00e9cies de requisitos semelhantes.<\/p>\n<h4 data-start=\"1439\" data-end=\"1472\"><strong data-start=\"1444\" data-end=\"1470\">Substrato recomendado:<\/strong><\/h4>\n<p data-start=\"1473\" data-end=\"1623\">Fibra de coco, serrapilheira seca, madeira em decomposi\u00e7\u00e3o, musgo sphagnum e suplemento de c\u00e1lcio. Deve ser mantido sempre \u00famido, mas sem encharcar.<\/p>\n<h4 data-start=\"1625\" data-end=\"1662\"><strong data-start=\"1630\" data-end=\"1660\">Dificuldade de manuten\u00e7\u00e3o:<\/strong><\/h4>\n<p data-start=\"1663\" data-end=\"1759\">M\u00e9dia. Requer estabilidade na temperatura e umidade, com um equil\u00edbrio adequado de ventila\u00e7\u00e3o.<\/p>\n<h4 data-start=\"1761\" data-end=\"1790\"><strong data-start=\"1766\" data-end=\"1788\">Usos e aplica\u00e7\u00f5es:<\/strong><\/h4>\n<ul data-start=\"1791\" data-end=\"1942\">\n<li data-start=\"1791\" data-end=\"1826\">Ideal para terr\u00e1rios bioativos.<\/li>\n<li data-start=\"1827\" data-end=\"1862\">Criado como esp\u00e9cie de cole\u00e7\u00e3o.<\/li>\n<li data-start=\"1863\" data-end=\"1942\">Contribui para a decomposi\u00e7\u00e3o da mat\u00e9ria org\u00e2nica em ecossistemas fechados.<\/li>\n<\/ul>\n","protected":false},"excerpt":{"rendered":"<p>Exclusivo e fascinante! \ud83d\ude0d O <strong data-start=\"2047\" data-end=\"2080\">Cubaris sp. \u2018Red Edge Albino &#8211; Andaman Pearl\u2019<\/strong> se destaca por sua tonalidade \u00fanica e seu comportamento curioso. Perfeito para bioativos ou como uma joia de cole\u00e7\u00e3o. \ud83c\udf3f\ud83d\udc3e Adicione-o \u00e0 sua col\u00f4nia e d\u00ea um toque especial ao seu terr\u00e1rio!<\/p>\n","protected":false},"featured_media":40455,"template":"","meta":[],"product_brand":[],"product_cat":[483,486,721],"product_tag":[],"class_list":{"0":"post-40592","1":"product","2":"type-product","3":"status-publish","4":"has-post-thumbnail","6":"product_cat-artropodes","7":"product_cat-isopodos","8":"product_cat-cubaris","10":"first","11":"instock","12":"shipping-taxable","13":"purchasable","14":"product-type-variable"},"yoast_head":"<!-- This site is optimized with the Yoast SEO plugin v27.4 - https:\/\/yoast.com\/product\/yoast-seo-wordpress\/ -->\n<title>Cubaris sp. &quot;Red Edge Albino - Andaman Pearl&quot; | loja de artr\u00f3podes - ANTDERGROUND<\/title>\n<meta name=\"description\" content=\"Descubre el incre\u00edble Cubaris sp. \u2018Red Edge Albino - Andaman Pearl\u2019 \ud83d\udc1e\ud83c\udf3f, un is\u00f3podo ex\u00f3tico con colores \u00fanicos. \u00a1Perfecto para terrarios bioactivos! \ud83d\ude80\" \/>\n<meta name=\"robots\" content=\"index, follow, max-snippet:-1, max-image-preview:large, max-video-preview:-1\" \/>\n<link rel=\"canonical\" href=\"https:\/\/antderground.com\/pt-br\/produto\/cubaris-sp-red-edge-albino-andaman-pearl\/\" \/>\n<meta property=\"og:locale\" content=\"pt_BR\" \/>\n<meta property=\"og:type\" content=\"article\" \/>\n<meta property=\"og:title\" content=\"Cubaris sp. &quot;Red Edge Albino - Andaman Pearl&quot; | loja de artr\u00f3podes - ANTDERGROUND\" \/>\n<meta property=\"og:description\" content=\"Descubre el incre\u00edble Cubaris sp. \u2018Red Edge Albino - Andaman Pearl\u2019 \ud83d\udc1e\ud83c\udf3f, un is\u00f3podo ex\u00f3tico con colores \u00fanicos. \u00a1Perfecto para terrarios bioactivos! \ud83d\ude80\" \/>\n<meta property=\"og:url\" content=\"https:\/\/antderground.com\/pt-br\/produto\/cubaris-sp-red-edge-albino-andaman-pearl\/\" \/>\n<meta property=\"og:site_name\" content=\"ANTDERGROUND\" \/>\n<meta property=\"og:image\" content=\"https:\/\/antderground.com\/wp-content\/uploads\/2025\/02\/Cubaris-red-Edge-albino-1021x1024.png\" \/>\n\t<meta property=\"og:image:width\" content=\"1021\" \/>\n\t<meta property=\"og:image:height\" content=\"1024\" \/>\n\t<meta property=\"og:image:type\" content=\"image\/png\" \/>\n<meta name=\"twitter:card\" content=\"summary_large_image\" \/>\n<meta name=\"twitter:label1\" content=\"Est. tempo de leitura\" \/>\n\t<meta name=\"twitter:data1\" content=\"1 minuto\" \/>\n<script type=\"application\/ld+json\" class=\"yoast-schema-graph\">{\"@context\":\"https:\\\/\\\/schema.org\",\"@graph\":[{\"@type\":\"WebPage\",\"@id\":\"https:\\\/\\\/antderground.com\\\/pt-br\\\/produto\\\/cubaris-sp-red-edge-albino-andaman-pearl\\\/\",\"url\":\"https:\\\/\\\/antderground.com\\\/pt-br\\\/produto\\\/cubaris-sp-red-edge-albino-andaman-pearl\\\/\",\"name\":\"Cubaris sp. \\\"Red Edge Albino - Andaman Pearl\\\" | loja de artr\u00f3podes - ANTDERGROUND\",\"isPartOf\":{\"@id\":\"https:\\\/\\\/antderground.com\\\/pt-br\\\/#website\"},\"primaryImageOfPage\":{\"@id\":\"https:\\\/\\\/antderground.com\\\/pt-br\\\/produto\\\/cubaris-sp-red-edge-albino-andaman-pearl\\\/#primaryimage\"},\"image\":{\"@id\":\"https:\\\/\\\/antderground.com\\\/pt-br\\\/produto\\\/cubaris-sp-red-edge-albino-andaman-pearl\\\/#primaryimage\"},\"thumbnailUrl\":\"https:\\\/\\\/antderground.com\\\/wp-content\\\/uploads\\\/2025\\\/02\\\/Cubaris-red-Edge-albino.png\",\"datePublished\":\"2025-02-21T21:02:15+00:00\",\"description\":\"Descubre el incre\u00edble Cubaris sp. \u2018Red Edge Albino - Andaman Pearl\u2019 \ud83d\udc1e\ud83c\udf3f, un is\u00f3podo ex\u00f3tico con colores \u00fanicos. \u00a1Perfecto para terrarios bioactivos! \ud83d\ude80\",\"breadcrumb\":{\"@id\":\"https:\\\/\\\/antderground.com\\\/pt-br\\\/produto\\\/cubaris-sp-red-edge-albino-andaman-pearl\\\/#breadcrumb\"},\"inLanguage\":\"pt-BR\",\"potentialAction\":[{\"@type\":\"ReadAction\",\"target\":[\"https:\\\/\\\/antderground.com\\\/pt-br\\\/produto\\\/cubaris-sp-red-edge-albino-andaman-pearl\\\/\"]}]},{\"@type\":\"ImageObject\",\"inLanguage\":\"pt-BR\",\"@id\":\"https:\\\/\\\/antderground.com\\\/pt-br\\\/produto\\\/cubaris-sp-red-edge-albino-andaman-pearl\\\/#primaryimage\",\"url\":\"https:\\\/\\\/antderground.com\\\/wp-content\\\/uploads\\\/2025\\\/02\\\/Cubaris-red-Edge-albino.png\",\"contentUrl\":\"https:\\\/\\\/antderground.com\\\/wp-content\\\/uploads\\\/2025\\\/02\\\/Cubaris-red-Edge-albino.png\",\"width\":1500,\"height\":1504,\"caption\":\"Red Edge Albino\"},{\"@type\":\"BreadcrumbList\",\"@id\":\"https:\\\/\\\/antderground.com\\\/pt-br\\\/produto\\\/cubaris-sp-red-edge-albino-andaman-pearl\\\/#breadcrumb\",\"itemListElement\":[{\"@type\":\"ListItem\",\"position\":1,\"name\":\"Portada\",\"item\":\"https:\\\/\\\/antderground.com\\\/pt-br\\\/\"},{\"@type\":\"ListItem\",\"position\":2,\"name\":\"Produtos\",\"item\":\"https:\\\/\\\/antderground.com\\\/pt-br\\\/loja-de-formigueiros\\\/\"},{\"@type\":\"ListItem\",\"position\":3,\"name\":\"Cubaris sp. &#8220;Red Edge Albino &#8211; Andaman Pearl&#8221;\"}]},{\"@type\":\"WebSite\",\"@id\":\"https:\\\/\\\/antderground.com\\\/pt-br\\\/#website\",\"url\":\"https:\\\/\\\/antderground.com\\\/pt-br\\\/\",\"name\":\"ANTDERGROUND\",\"description\":\"Tu tienda de hormigas, gran variedad de hormigueros acr\u00edlicos,madera,arena,3D y mas.. Pide tus hormigas gratis con tu pedido, somos expertos en hormigueros antifugas.\",\"publisher\":{\"@id\":\"https:\\\/\\\/antderground.com\\\/pt-br\\\/#\\\/schema\\\/person\\\/0e322c505e84fe72c65e2f6d08f96b81\"},\"alternateName\":\"Antderground\",\"potentialAction\":[{\"@type\":\"SearchAction\",\"target\":{\"@type\":\"EntryPoint\",\"urlTemplate\":\"https:\\\/\\\/antderground.com\\\/pt-br\\\/?s={search_term_string}\"},\"query-input\":{\"@type\":\"PropertyValueSpecification\",\"valueRequired\":true,\"valueName\":\"search_term_string\"}}],\"inLanguage\":\"pt-BR\"},{\"@type\":[\"Person\",\"Organization\"],\"@id\":\"https:\\\/\\\/antderground.com\\\/pt-br\\\/#\\\/schema\\\/person\\\/0e322c505e84fe72c65e2f6d08f96b81\",\"name\":\"Eric de Antderground\",\"image\":{\"@type\":\"ImageObject\",\"inLanguage\":\"pt-BR\",\"@id\":\"https:\\\/\\\/secure.gravatar.com\\\/avatar\\\/c49a1b9f79216d1498cb73c1e85cd47f4465dda35f2a94c03790d491bd4423c3?s=96&d=mm&r=g\",\"url\":\"https:\\\/\\\/secure.gravatar.com\\\/avatar\\\/c49a1b9f79216d1498cb73c1e85cd47f4465dda35f2a94c03790d491bd4423c3?s=96&d=mm&r=g\",\"contentUrl\":\"https:\\\/\\\/secure.gravatar.com\\\/avatar\\\/c49a1b9f79216d1498cb73c1e85cd47f4465dda35f2a94c03790d491bd4423c3?s=96&d=mm&r=g\",\"caption\":\"Eric de Antderground\"},\"logo\":{\"@id\":\"https:\\\/\\\/secure.gravatar.com\\\/avatar\\\/c49a1b9f79216d1498cb73c1e85cd47f4465dda35f2a94c03790d491bd4423c3?s=96&d=mm&r=g\"},\"description\":\"Eric es el especialista y fundador de Antderground, con una amplia trayectoria en artr\u00f3podos y enfocado en la mirmecolog\u00eda y el dise\u00f1o de hormigueros artificiales. Su enfoque combina la innovaci\u00f3n t\u00e9cnica con el respeto por la biolog\u00eda de las hormigas, is\u00f3podos y otros, desarrollando sistemas de nidos modulares 3D y acr\u00edlicos que son referentes para aficionados y profesionales en toda Europa. Su objetivo es facilitar la cr\u00eda de hormigas y otros artr\u00f3podos mediante soluciones seguras y divulgaci\u00f3n de calidad.\",\"sameAs\":[\"https:\\\/\\\/antderground.com\\\/\",\"https:\\\/\\\/www.youtube.com\\\/channel\\\/UCio72z7TlbufkAthAJIJfPw\"]}]}<\/script>\n<!-- \/ Yoast SEO plugin. -->","yoast_head_json":{"title":"Cubaris sp. \"Red Edge Albino - Andaman Pearl\" | loja de artr\u00f3podes - ANTDERGROUND","description":"Descubre el incre\u00edble Cubaris sp. \u2018Red Edge Albino - Andaman Pearl\u2019 \ud83d\udc1e\ud83c\udf3f, un is\u00f3podo ex\u00f3tico con colores \u00fanicos. \u00a1Perfecto para terrarios bioactivos! \ud83d\ude80","robots":{"index":"index","follow":"follow","max-snippet":"max-snippet:-1","max-image-preview":"max-image-preview:large","max-video-preview":"max-video-preview:-1"},"canonical":"https:\/\/antderground.com\/pt-br\/produto\/cubaris-sp-red-edge-albino-andaman-pearl\/","og_locale":"pt_BR","og_type":"article","og_title":"Cubaris sp. \"Red Edge Albino - Andaman Pearl\" | loja de artr\u00f3podes - ANTDERGROUND","og_description":"Descubre el incre\u00edble Cubaris sp. \u2018Red Edge Albino - Andaman Pearl\u2019 \ud83d\udc1e\ud83c\udf3f, un is\u00f3podo ex\u00f3tico con colores \u00fanicos. \u00a1Perfecto para terrarios bioactivos! \ud83d\ude80","og_url":"https:\/\/antderground.com\/pt-br\/produto\/cubaris-sp-red-edge-albino-andaman-pearl\/","og_site_name":"ANTDERGROUND","og_image":[{"width":1021,"height":1024,"url":"https:\/\/antderground.com\/wp-content\/uploads\/2025\/02\/Cubaris-red-Edge-albino-1021x1024.png","type":"image\/png"}],"twitter_card":"summary_large_image","twitter_misc":{"Est. tempo de leitura":"1 minuto"},"schema":{"@context":"https:\/\/schema.org","@graph":[{"@type":"WebPage","@id":"https:\/\/antderground.com\/pt-br\/produto\/cubaris-sp-red-edge-albino-andaman-pearl\/","url":"https:\/\/antderground.com\/pt-br\/produto\/cubaris-sp-red-edge-albino-andaman-pearl\/","name":"Cubaris sp. \"Red Edge Albino - Andaman Pearl\" | loja de artr\u00f3podes - ANTDERGROUND","isPartOf":{"@id":"https:\/\/antderground.com\/pt-br\/#website"},"primaryImageOfPage":{"@id":"https:\/\/antderground.com\/pt-br\/produto\/cubaris-sp-red-edge-albino-andaman-pearl\/#primaryimage"},"image":{"@id":"https:\/\/antderground.com\/pt-br\/produto\/cubaris-sp-red-edge-albino-andaman-pearl\/#primaryimage"},"thumbnailUrl":"https:\/\/antderground.com\/wp-content\/uploads\/2025\/02\/Cubaris-red-Edge-albino.png","datePublished":"2025-02-21T21:02:15+00:00","description":"Descubre el incre\u00edble Cubaris sp. \u2018Red Edge Albino - Andaman Pearl\u2019 \ud83d\udc1e\ud83c\udf3f, un is\u00f3podo ex\u00f3tico con colores \u00fanicos. \u00a1Perfecto para terrarios bioactivos! \ud83d\ude80","breadcrumb":{"@id":"https:\/\/antderground.com\/pt-br\/produto\/cubaris-sp-red-edge-albino-andaman-pearl\/#breadcrumb"},"inLanguage":"pt-BR","potentialAction":[{"@type":"ReadAction","target":["https:\/\/antderground.com\/pt-br\/produto\/cubaris-sp-red-edge-albino-andaman-pearl\/"]}]},{"@type":"ImageObject","inLanguage":"pt-BR","@id":"https:\/\/antderground.com\/pt-br\/produto\/cubaris-sp-red-edge-albino-andaman-pearl\/#primaryimage","url":"https:\/\/antderground.com\/wp-content\/uploads\/2025\/02\/Cubaris-red-Edge-albino.png","contentUrl":"https:\/\/antderground.com\/wp-content\/uploads\/2025\/02\/Cubaris-red-Edge-albino.png","width":1500,"height":1504,"caption":"Red Edge Albino"},{"@type":"BreadcrumbList","@id":"https:\/\/antderground.com\/pt-br\/produto\/cubaris-sp-red-edge-albino-andaman-pearl\/#breadcrumb","itemListElement":[{"@type":"ListItem","position":1,"name":"Portada","item":"https:\/\/antderground.com\/pt-br\/"},{"@type":"ListItem","position":2,"name":"Produtos","item":"https:\/\/antderground.com\/pt-br\/loja-de-formigueiros\/"},{"@type":"ListItem","position":3,"name":"Cubaris sp. &#8220;Red Edge Albino &#8211; Andaman Pearl&#8221;"}]},{"@type":"WebSite","@id":"https:\/\/antderground.com\/pt-br\/#website","url":"https:\/\/antderground.com\/pt-br\/","name":"ANTDERGROUND","description":"Tu tienda de hormigas, gran variedad de hormigueros acr\u00edlicos,madera,arena,3D y mas.. Pide tus hormigas gratis con tu pedido, somos expertos en hormigueros antifugas.","publisher":{"@id":"https:\/\/antderground.com\/pt-br\/#\/schema\/person\/0e322c505e84fe72c65e2f6d08f96b81"},"alternateName":"Antderground","potentialAction":[{"@type":"SearchAction","target":{"@type":"EntryPoint","urlTemplate":"https:\/\/antderground.com\/pt-br\/?s={search_term_string}"},"query-input":{"@type":"PropertyValueSpecification","valueRequired":true,"valueName":"search_term_string"}}],"inLanguage":"pt-BR"},{"@type":["Person","Organization"],"@id":"https:\/\/antderground.com\/pt-br\/#\/schema\/person\/0e322c505e84fe72c65e2f6d08f96b81","name":"Eric de Antderground","image":{"@type":"ImageObject","inLanguage":"pt-BR","@id":"https:\/\/secure.gravatar.com\/avatar\/c49a1b9f79216d1498cb73c1e85cd47f4465dda35f2a94c03790d491bd4423c3?s=96&d=mm&r=g","url":"https:\/\/secure.gravatar.com\/avatar\/c49a1b9f79216d1498cb73c1e85cd47f4465dda35f2a94c03790d491bd4423c3?s=96&d=mm&r=g","contentUrl":"https:\/\/secure.gravatar.com\/avatar\/c49a1b9f79216d1498cb73c1e85cd47f4465dda35f2a94c03790d491bd4423c3?s=96&d=mm&r=g","caption":"Eric de Antderground"},"logo":{"@id":"https:\/\/secure.gravatar.com\/avatar\/c49a1b9f79216d1498cb73c1e85cd47f4465dda35f2a94c03790d491bd4423c3?s=96&d=mm&r=g"},"description":"Eric es el especialista y fundador de Antderground, con una amplia trayectoria en artr\u00f3podos y enfocado en la mirmecolog\u00eda y el dise\u00f1o de hormigueros artificiales. Su enfoque combina la innovaci\u00f3n t\u00e9cnica con el respeto por la biolog\u00eda de las hormigas, is\u00f3podos y otros, desarrollando sistemas de nidos modulares 3D y acr\u00edlicos que son referentes para aficionados y profesionales en toda Europa. Su objetivo es facilitar la cr\u00eda de hormigas y otros artr\u00f3podos mediante soluciones seguras y divulgaci\u00f3n de calidad.","sameAs":["https:\/\/antderground.com\/","https:\/\/www.youtube.com\/channel\/UCio72z7TlbufkAthAJIJfPw"]}]}},"_links":{"self":[{"href":"https:\/\/antderground.com\/pt-br\/wp-json\/wp\/v2\/product\/40592","targetHints":{"allow":["GET"]}}],"collection":[{"href":"https:\/\/antderground.com\/pt-br\/wp-json\/wp\/v2\/product"}],"about":[{"href":"https:\/\/antderground.com\/pt-br\/wp-json\/wp\/v2\/types\/product"}],"version-history":[{"count":0,"href":"https:\/\/antderground.com\/pt-br\/wp-json\/wp\/v2\/product\/40592\/revisions"}],"wp:featuredmedia":[{"embeddable":true,"href":"https:\/\/antderground.com\/pt-br\/wp-json\/wp\/v2\/media\/40455"}],"wp:attachment":[{"href":"https:\/\/antderground.com\/pt-br\/wp-json\/wp\/v2\/media?parent=40592"}],"wp:term":[{"taxonomy":"product_brand","embeddable":true,"href":"https:\/\/antderground.com\/pt-br\/wp-json\/wp\/v2\/product_brand?post=40592"},{"taxonomy":"product_cat","embeddable":true,"href":"https:\/\/antderground.com\/pt-br\/wp-json\/wp\/v2\/product_cat?post=40592"},{"taxonomy":"product_tag","embeddable":true,"href":"https:\/\/antderground.com\/pt-br\/wp-json\/wp\/v2\/product_tag?post=40592"}],"curies":[{"name":"wp","href":"https:\/\/api.w.org\/{rel}","templated":true}]}}