{"id":40622,"date":"2024-10-25T12:33:01","date_gmt":"2024-10-25T10:33:01","guid":{"rendered":"https:\/\/www.antderground.com\/producto\/pote-de-vidro-com-tampa-de-cortica-4l\/"},"modified":"2024-10-25T12:33:01","modified_gmt":"2024-10-25T10:33:01","slug":"pote-de-vidro-com-tampa-de-cortica-4l","status":"publish","type":"product","link":"https:\/\/antderground.com\/pt-br\/produto\/pote-de-vidro-com-tampa-de-cortica-4l\/","title":{"rendered":"Pote de vidro com tampa de corti\u00e7a (4L)"},"content":{"rendered":"<p data-start=\"95\" data-end=\"364\">Este elegante pote de vidro com tampa de corti\u00e7a \u00e9 perfeito para quem deseja criar seu pr\u00f3prio terr\u00e1rio eterno ou um habitat ideal para is\u00f3podes. Seu design atraente o torna um elemento decorativo vers\u00e1til que se adapta a qualquer ambiente.<\/p>\n<p data-start=\"366\" data-end=\"387\"><strong data-start=\"366\" data-end=\"385\">Caracter\u00edsticas<\/strong><\/p>\n<ul data-start=\"388\" data-end=\"461\">\n<li data-start=\"388\" data-end=\"409\"><strong data-start=\"390\" data-end=\"401\">Altura:<\/strong> 25 cm<\/li>\n<li data-start=\"410\" data-end=\"432\"><strong data-start=\"412\" data-end=\"424\">Largura:<\/strong> 16 cm<\/li>\n<li data-start=\"433\" data-end=\"461\"><strong data-start=\"435\" data-end=\"450\">Capacidade:<\/strong> 4 litros<\/li>\n<\/ul>\n<p data-start=\"463\" data-end=\"805\"><strong data-start=\"463\" data-end=\"481\">Usos m\u00faltiplos<\/strong><br data-start=\"481\" data-end=\"484\" \/>Al\u00e9m de ser uma excelente op\u00e7\u00e3o para terr\u00e1rios, este pote pode ser utilizado para armazenar diversos objetos, desde especiarias at\u00e9 pequenos itens do dia a dia. Sua est\u00e9tica e funcionalidade fazem dele um complemento ideal para sua casa. Descubra a versatilidade deste lindo pote e d\u00ea um toque especial \u00e0 sua decora\u00e7\u00e3o!<\/p>\n","protected":false},"excerpt":{"rendered":"<p data-start=\"48\" data-end=\"292\">Transforme seu espa\u00e7o com este encantador pote de vidro com tampa de corti\u00e7a. Ideal para um terr\u00e1rio eterno ou um lar para is\u00f3podes, seu belo design tamb\u00e9m permite us\u00e1-lo para armazenar o que desejar. D\u00ea um toque especial \u00e0 sua decora\u00e7\u00e3o!<\/p>\n<p data-start=\"294\" data-end=\"315\"><strong data-start=\"294\" data-end=\"313\">Caracter\u00edsticas<\/strong><\/p>\n<ul data-start=\"316\" data-end=\"450\">\n<li data-start=\"316\" data-end=\"337\"><strong data-start=\"318\" data-end=\"329\">Altura:<\/strong> 25 cm<\/li>\n<li data-start=\"338\" data-end=\"360\"><strong data-start=\"340\" data-end=\"352\">Largura:<\/strong> 16 cm<\/li>\n<li data-start=\"361\" data-end=\"389\"><strong data-start=\"363\" data-end=\"378\">Capacidade:<\/strong> 4 litros<\/li>\n<li data-start=\"390\" data-end=\"413\"><strong data-start=\"392\" data-end=\"405\">Material:<\/strong> Vidro<\/li>\n<li data-start=\"414\" data-end=\"450\"><strong data-start=\"416\" data-end=\"431\">Fechamento:<\/strong> Tampa de corti\u00e7a<\/li>\n<\/ul>\n","protected":false},"featured_media":37571,"template":"","meta":[],"product_brand":[],"product_cat":[626],"product_tag":[],"class_list":{"0":"post-40622","1":"product","2":"type-product","3":"status-publish","4":"has-post-thumbnail","6":"product_cat-terrarios-eternos-pt-br","8":"first","9":"instock","10":"shipping-taxable","11":"purchasable","12":"product-type-simple"},"yoast_head":"<!-- This site is optimized with the Yoast SEO plugin v27.4 - https:\/\/yoast.com\/product\/yoast-seo-wordpress\/ -->\n<title>Pote de vidro com tampa de corti\u00e7a (4L) - ANTDERGROUND<\/title>\n<meta name=\"description\" content=\"Pote de vidro com tampa de corti\u00e7a, ideal para terr\u00e1rios eternos e is\u00f3podes. Perfeito tamb\u00e9m para armazenamento e decora\u00e7\u00e3o elegante.\" \/>\n<meta name=\"robots\" content=\"index, follow, max-snippet:-1, max-image-preview:large, max-video-preview:-1\" \/>\n<link rel=\"canonical\" href=\"https:\/\/antderground.com\/pt-br\/produto\/pote-de-vidro-com-tampa-de-cortica-4l\/\" \/>\n<meta property=\"og:locale\" content=\"pt_BR\" \/>\n<meta property=\"og:type\" content=\"article\" \/>\n<meta property=\"og:title\" content=\"Pote de vidro com tampa de corti\u00e7a (4L) - ANTDERGROUND\" \/>\n<meta property=\"og:description\" content=\"Pote de vidro com tampa de corti\u00e7a, ideal para terr\u00e1rios eternos e is\u00f3podes. Perfeito tamb\u00e9m para armazenamento e decora\u00e7\u00e3o elegante.\" \/>\n<meta property=\"og:url\" content=\"https:\/\/antderground.com\/pt-br\/produto\/pote-de-vidro-com-tampa-de-cortica-4l\/\" \/>\n<meta property=\"og:site_name\" content=\"ANTDERGROUND\" \/>\n<meta property=\"og:image\" content=\"https:\/\/antderground.com\/wp-content\/uploads\/2024\/10\/Tarro-de-vidrio-4l-con-tapon-de-corcho.jpeg\" \/>\n\t<meta property=\"og:image:width\" content=\"1417\" \/>\n\t<meta property=\"og:image:height\" content=\"1417\" \/>\n\t<meta property=\"og:image:type\" content=\"image\/jpeg\" \/>\n<meta name=\"twitter:card\" content=\"summary_large_image\" \/>\n<meta name=\"twitter:label1\" content=\"Est. tempo de leitura\" \/>\n\t<meta name=\"twitter:data1\" content=\"1 minuto\" \/>\n<script type=\"application\/ld+json\" class=\"yoast-schema-graph\">{\"@context\":\"https:\\\/\\\/schema.org\",\"@graph\":[{\"@type\":\"WebPage\",\"@id\":\"https:\\\/\\\/antderground.com\\\/pt-br\\\/produto\\\/pote-de-vidro-com-tampa-de-cortica-4l\\\/\",\"url\":\"https:\\\/\\\/antderground.com\\\/pt-br\\\/produto\\\/pote-de-vidro-com-tampa-de-cortica-4l\\\/\",\"name\":\"Pote de vidro com tampa de corti\u00e7a (4L) - ANTDERGROUND\",\"isPartOf\":{\"@id\":\"https:\\\/\\\/antderground.com\\\/pt-br\\\/#website\"},\"primaryImageOfPage\":{\"@id\":\"https:\\\/\\\/antderground.com\\\/pt-br\\\/produto\\\/pote-de-vidro-com-tampa-de-cortica-4l\\\/#primaryimage\"},\"image\":{\"@id\":\"https:\\\/\\\/antderground.com\\\/pt-br\\\/produto\\\/pote-de-vidro-com-tampa-de-cortica-4l\\\/#primaryimage\"},\"thumbnailUrl\":\"https:\\\/\\\/antderground.com\\\/wp-content\\\/uploads\\\/2024\\\/10\\\/Tarro-de-vidrio-4l-con-tapon-de-corcho.jpeg\",\"datePublished\":\"2024-10-25T10:33:01+00:00\",\"description\":\"Pote de vidro com tampa de corti\u00e7a, ideal para terr\u00e1rios eternos e is\u00f3podes. Perfeito tamb\u00e9m para armazenamento e decora\u00e7\u00e3o elegante.\",\"breadcrumb\":{\"@id\":\"https:\\\/\\\/antderground.com\\\/pt-br\\\/produto\\\/pote-de-vidro-com-tampa-de-cortica-4l\\\/#breadcrumb\"},\"inLanguage\":\"pt-BR\",\"potentialAction\":[{\"@type\":\"ReadAction\",\"target\":[\"https:\\\/\\\/antderground.com\\\/pt-br\\\/produto\\\/pote-de-vidro-com-tampa-de-cortica-4l\\\/\"]}]},{\"@type\":\"ImageObject\",\"inLanguage\":\"pt-BR\",\"@id\":\"https:\\\/\\\/antderground.com\\\/pt-br\\\/produto\\\/pote-de-vidro-com-tampa-de-cortica-4l\\\/#primaryimage\",\"url\":\"https:\\\/\\\/antderground.com\\\/wp-content\\\/uploads\\\/2024\\\/10\\\/Tarro-de-vidrio-4l-con-tapon-de-corcho.jpeg\",\"contentUrl\":\"https:\\\/\\\/antderground.com\\\/wp-content\\\/uploads\\\/2024\\\/10\\\/Tarro-de-vidrio-4l-con-tapon-de-corcho.jpeg\",\"width\":1417,\"height\":1417,\"caption\":\"Pote de vidro com tampa de corti\u00e7a (4L)\"},{\"@type\":\"BreadcrumbList\",\"@id\":\"https:\\\/\\\/antderground.com\\\/pt-br\\\/produto\\\/pote-de-vidro-com-tampa-de-cortica-4l\\\/#breadcrumb\",\"itemListElement\":[{\"@type\":\"ListItem\",\"position\":1,\"name\":\"Portada\",\"item\":\"https:\\\/\\\/antderground.com\\\/pt-br\\\/\"},{\"@type\":\"ListItem\",\"position\":2,\"name\":\"Produtos\",\"item\":\"https:\\\/\\\/antderground.com\\\/pt-br\\\/loja-de-formigueiros\\\/\"},{\"@type\":\"ListItem\",\"position\":3,\"name\":\"Pote de vidro com tampa de corti\u00e7a (4L)\"}]},{\"@type\":\"WebSite\",\"@id\":\"https:\\\/\\\/antderground.com\\\/pt-br\\\/#website\",\"url\":\"https:\\\/\\\/antderground.com\\\/pt-br\\\/\",\"name\":\"ANTDERGROUND\",\"description\":\"Tu tienda de hormigas, gran variedad de hormigueros acr\u00edlicos,madera,arena,3D y mas.. Pide tus hormigas gratis con tu pedido, somos expertos en hormigueros antifugas.\",\"publisher\":{\"@id\":\"https:\\\/\\\/antderground.com\\\/pt-br\\\/#\\\/schema\\\/person\\\/0e322c505e84fe72c65e2f6d08f96b81\"},\"alternateName\":\"Antderground\",\"potentialAction\":[{\"@type\":\"SearchAction\",\"target\":{\"@type\":\"EntryPoint\",\"urlTemplate\":\"https:\\\/\\\/antderground.com\\\/pt-br\\\/?s={search_term_string}\"},\"query-input\":{\"@type\":\"PropertyValueSpecification\",\"valueRequired\":true,\"valueName\":\"search_term_string\"}}],\"inLanguage\":\"pt-BR\"},{\"@type\":[\"Person\",\"Organization\"],\"@id\":\"https:\\\/\\\/antderground.com\\\/pt-br\\\/#\\\/schema\\\/person\\\/0e322c505e84fe72c65e2f6d08f96b81\",\"name\":\"Eric de Antderground\",\"image\":{\"@type\":\"ImageObject\",\"inLanguage\":\"pt-BR\",\"@id\":\"https:\\\/\\\/secure.gravatar.com\\\/avatar\\\/c49a1b9f79216d1498cb73c1e85cd47f4465dda35f2a94c03790d491bd4423c3?s=96&d=mm&r=g\",\"url\":\"https:\\\/\\\/secure.gravatar.com\\\/avatar\\\/c49a1b9f79216d1498cb73c1e85cd47f4465dda35f2a94c03790d491bd4423c3?s=96&d=mm&r=g\",\"contentUrl\":\"https:\\\/\\\/secure.gravatar.com\\\/avatar\\\/c49a1b9f79216d1498cb73c1e85cd47f4465dda35f2a94c03790d491bd4423c3?s=96&d=mm&r=g\",\"caption\":\"Eric de Antderground\"},\"logo\":{\"@id\":\"https:\\\/\\\/secure.gravatar.com\\\/avatar\\\/c49a1b9f79216d1498cb73c1e85cd47f4465dda35f2a94c03790d491bd4423c3?s=96&d=mm&r=g\"},\"description\":\"Eric es el especialista y fundador de Antderground, con una amplia trayectoria en artr\u00f3podos y enfocado en la mirmecolog\u00eda y el dise\u00f1o de hormigueros artificiales. Su enfoque combina la innovaci\u00f3n t\u00e9cnica con el respeto por la biolog\u00eda de las hormigas, is\u00f3podos y otros, desarrollando sistemas de nidos modulares 3D y acr\u00edlicos que son referentes para aficionados y profesionales en toda Europa. Su objetivo es facilitar la cr\u00eda de hormigas y otros artr\u00f3podos mediante soluciones seguras y divulgaci\u00f3n de calidad.\",\"sameAs\":[\"https:\\\/\\\/antderground.com\\\/\",\"https:\\\/\\\/www.youtube.com\\\/channel\\\/UCio72z7TlbufkAthAJIJfPw\"]}]}<\/script>\n<!-- \/ Yoast SEO plugin. -->","yoast_head_json":{"title":"Pote de vidro com tampa de corti\u00e7a (4L) - ANTDERGROUND","description":"Pote de vidro com tampa de corti\u00e7a, ideal para terr\u00e1rios eternos e is\u00f3podes. Perfeito tamb\u00e9m para armazenamento e decora\u00e7\u00e3o elegante.","robots":{"index":"index","follow":"follow","max-snippet":"max-snippet:-1","max-image-preview":"max-image-preview:large","max-video-preview":"max-video-preview:-1"},"canonical":"https:\/\/antderground.com\/pt-br\/produto\/pote-de-vidro-com-tampa-de-cortica-4l\/","og_locale":"pt_BR","og_type":"article","og_title":"Pote de vidro com tampa de corti\u00e7a (4L) - ANTDERGROUND","og_description":"Pote de vidro com tampa de corti\u00e7a, ideal para terr\u00e1rios eternos e is\u00f3podes. Perfeito tamb\u00e9m para armazenamento e decora\u00e7\u00e3o elegante.","og_url":"https:\/\/antderground.com\/pt-br\/produto\/pote-de-vidro-com-tampa-de-cortica-4l\/","og_site_name":"ANTDERGROUND","og_image":[{"width":1417,"height":1417,"url":"https:\/\/antderground.com\/wp-content\/uploads\/2024\/10\/Tarro-de-vidrio-4l-con-tapon-de-corcho.jpeg","type":"image\/jpeg"}],"twitter_card":"summary_large_image","twitter_misc":{"Est. tempo de leitura":"1 minuto"},"schema":{"@context":"https:\/\/schema.org","@graph":[{"@type":"WebPage","@id":"https:\/\/antderground.com\/pt-br\/produto\/pote-de-vidro-com-tampa-de-cortica-4l\/","url":"https:\/\/antderground.com\/pt-br\/produto\/pote-de-vidro-com-tampa-de-cortica-4l\/","name":"Pote de vidro com tampa de corti\u00e7a (4L) - ANTDERGROUND","isPartOf":{"@id":"https:\/\/antderground.com\/pt-br\/#website"},"primaryImageOfPage":{"@id":"https:\/\/antderground.com\/pt-br\/produto\/pote-de-vidro-com-tampa-de-cortica-4l\/#primaryimage"},"image":{"@id":"https:\/\/antderground.com\/pt-br\/produto\/pote-de-vidro-com-tampa-de-cortica-4l\/#primaryimage"},"thumbnailUrl":"https:\/\/antderground.com\/wp-content\/uploads\/2024\/10\/Tarro-de-vidrio-4l-con-tapon-de-corcho.jpeg","datePublished":"2024-10-25T10:33:01+00:00","description":"Pote de vidro com tampa de corti\u00e7a, ideal para terr\u00e1rios eternos e is\u00f3podes. Perfeito tamb\u00e9m para armazenamento e decora\u00e7\u00e3o elegante.","breadcrumb":{"@id":"https:\/\/antderground.com\/pt-br\/produto\/pote-de-vidro-com-tampa-de-cortica-4l\/#breadcrumb"},"inLanguage":"pt-BR","potentialAction":[{"@type":"ReadAction","target":["https:\/\/antderground.com\/pt-br\/produto\/pote-de-vidro-com-tampa-de-cortica-4l\/"]}]},{"@type":"ImageObject","inLanguage":"pt-BR","@id":"https:\/\/antderground.com\/pt-br\/produto\/pote-de-vidro-com-tampa-de-cortica-4l\/#primaryimage","url":"https:\/\/antderground.com\/wp-content\/uploads\/2024\/10\/Tarro-de-vidrio-4l-con-tapon-de-corcho.jpeg","contentUrl":"https:\/\/antderground.com\/wp-content\/uploads\/2024\/10\/Tarro-de-vidrio-4l-con-tapon-de-corcho.jpeg","width":1417,"height":1417,"caption":"Pote de vidro com tampa de corti\u00e7a (4L)"},{"@type":"BreadcrumbList","@id":"https:\/\/antderground.com\/pt-br\/produto\/pote-de-vidro-com-tampa-de-cortica-4l\/#breadcrumb","itemListElement":[{"@type":"ListItem","position":1,"name":"Portada","item":"https:\/\/antderground.com\/pt-br\/"},{"@type":"ListItem","position":2,"name":"Produtos","item":"https:\/\/antderground.com\/pt-br\/loja-de-formigueiros\/"},{"@type":"ListItem","position":3,"name":"Pote de vidro com tampa de corti\u00e7a (4L)"}]},{"@type":"WebSite","@id":"https:\/\/antderground.com\/pt-br\/#website","url":"https:\/\/antderground.com\/pt-br\/","name":"ANTDERGROUND","description":"Tu tienda de hormigas, gran variedad de hormigueros acr\u00edlicos,madera,arena,3D y mas.. Pide tus hormigas gratis con tu pedido, somos expertos en hormigueros antifugas.","publisher":{"@id":"https:\/\/antderground.com\/pt-br\/#\/schema\/person\/0e322c505e84fe72c65e2f6d08f96b81"},"alternateName":"Antderground","potentialAction":[{"@type":"SearchAction","target":{"@type":"EntryPoint","urlTemplate":"https:\/\/antderground.com\/pt-br\/?s={search_term_string}"},"query-input":{"@type":"PropertyValueSpecification","valueRequired":true,"valueName":"search_term_string"}}],"inLanguage":"pt-BR"},{"@type":["Person","Organization"],"@id":"https:\/\/antderground.com\/pt-br\/#\/schema\/person\/0e322c505e84fe72c65e2f6d08f96b81","name":"Eric de Antderground","image":{"@type":"ImageObject","inLanguage":"pt-BR","@id":"https:\/\/secure.gravatar.com\/avatar\/c49a1b9f79216d1498cb73c1e85cd47f4465dda35f2a94c03790d491bd4423c3?s=96&d=mm&r=g","url":"https:\/\/secure.gravatar.com\/avatar\/c49a1b9f79216d1498cb73c1e85cd47f4465dda35f2a94c03790d491bd4423c3?s=96&d=mm&r=g","contentUrl":"https:\/\/secure.gravatar.com\/avatar\/c49a1b9f79216d1498cb73c1e85cd47f4465dda35f2a94c03790d491bd4423c3?s=96&d=mm&r=g","caption":"Eric de Antderground"},"logo":{"@id":"https:\/\/secure.gravatar.com\/avatar\/c49a1b9f79216d1498cb73c1e85cd47f4465dda35f2a94c03790d491bd4423c3?s=96&d=mm&r=g"},"description":"Eric es el especialista y fundador de Antderground, con una amplia trayectoria en artr\u00f3podos y enfocado en la mirmecolog\u00eda y el dise\u00f1o de hormigueros artificiales. Su enfoque combina la innovaci\u00f3n t\u00e9cnica con el respeto por la biolog\u00eda de las hormigas, is\u00f3podos y otros, desarrollando sistemas de nidos modulares 3D y acr\u00edlicos que son referentes para aficionados y profesionales en toda Europa. Su objetivo es facilitar la cr\u00eda de hormigas y otros artr\u00f3podos mediante soluciones seguras y divulgaci\u00f3n de calidad.","sameAs":["https:\/\/antderground.com\/","https:\/\/www.youtube.com\/channel\/UCio72z7TlbufkAthAJIJfPw"]}]}},"_links":{"self":[{"href":"https:\/\/antderground.com\/pt-br\/wp-json\/wp\/v2\/product\/40622","targetHints":{"allow":["GET"]}}],"collection":[{"href":"https:\/\/antderground.com\/pt-br\/wp-json\/wp\/v2\/product"}],"about":[{"href":"https:\/\/antderground.com\/pt-br\/wp-json\/wp\/v2\/types\/product"}],"version-history":[{"count":0,"href":"https:\/\/antderground.com\/pt-br\/wp-json\/wp\/v2\/product\/40622\/revisions"}],"wp:featuredmedia":[{"embeddable":true,"href":"https:\/\/antderground.com\/pt-br\/wp-json\/wp\/v2\/media\/37571"}],"wp:attachment":[{"href":"https:\/\/antderground.com\/pt-br\/wp-json\/wp\/v2\/media?parent=40622"}],"wp:term":[{"taxonomy":"product_brand","embeddable":true,"href":"https:\/\/antderground.com\/pt-br\/wp-json\/wp\/v2\/product_brand?post=40622"},{"taxonomy":"product_cat","embeddable":true,"href":"https:\/\/antderground.com\/pt-br\/wp-json\/wp\/v2\/product_cat?post=40622"},{"taxonomy":"product_tag","embeddable":true,"href":"https:\/\/antderground.com\/pt-br\/wp-json\/wp\/v2\/product_tag?post=40622"}],"curies":[{"name":"wp","href":"https:\/\/api.w.org\/{rel}","templated":true}]}}