{"id":40697,"date":"2025-03-03T15:28:09","date_gmt":"2025-03-03T14:28:09","guid":{"rendered":"https:\/\/www.antderground.com\/producto\/neoregelia-pink\/"},"modified":"2025-03-03T15:28:09","modified_gmt":"2025-03-03T14:28:09","slug":"neoregelia-pink","status":"publish","type":"product","link":"https:\/\/antderground.com\/pt-br\/produto\/neoregelia-pink\/","title":{"rendered":"Neoregelia Pink"},"content":{"rendered":"<p data-start=\"2357\" data-end=\"2481\"><strong data-start=\"2379\" data-end=\"2393\">Nome comum<\/strong>: Neoregelia Pink<br data-start=\"2410\" data-end=\"2413\" \/><strong data-start=\"2413\" data-end=\"2432\">Nome cient\u00edfico<\/strong>: <em data-start=\"2434\" data-end=\"2451\">Neoregelia spp.<\/em><br data-start=\"2451\" data-end=\"2454\" \/><strong data-start=\"2454\" data-end=\"2465\">Fam\u00edlia<\/strong>: Bromeliaceae<\/p>\n<h3 data-start=\"2483\" data-end=\"2497\">Descri\u00e7\u00e3o:<\/h3>\n<p data-start=\"2498\" data-end=\"2866\">A <strong data-start=\"2500\" data-end=\"2519\">Neoregelia Pink<\/strong> \u00e9 uma esp\u00e9cie de brom\u00e9lia de tamanho pequeno a m\u00e9dio, com folhas de cor rosa vibrante, especialmente no centro, tornando-a uma planta decorativa. Suas folhas s\u00e3o r\u00edgidas e dispostas em uma roseta, formando uma estrutura em forma de ta\u00e7a. Com a maturidade, a cor rosa se intensifica, oferecendo um toque de cor para ambientes internos e terr\u00e1rios.<\/p>\n<h3 data-start=\"2868\" data-end=\"2888\">Caracter\u00edsticas:<\/h3>\n<ul data-start=\"2889\" data-end=\"3304\">\n<li data-start=\"2889\" data-end=\"2937\"><strong data-start=\"2891\" data-end=\"2902\">Tamanho<\/strong>: Pode atingir at\u00e9 20 cm de altura.<\/li>\n<li data-start=\"2938\" data-end=\"3017\"><strong data-start=\"2940\" data-end=\"2947\">Cor<\/strong>: O centro das folhas \u00e9 rosa brilhante, enquanto as bordas s\u00e3o verdes.<\/li>\n<li data-start=\"3018\" data-end=\"3092\"><strong data-start=\"3020\" data-end=\"3027\">Luz<\/strong>: Prefere luz indireta, mas tamb\u00e9m tolera um pouco de luz direta.<\/li>\n<li data-start=\"3093\" data-end=\"3132\"><strong data-start=\"3095\" data-end=\"3110\">Temperatura<\/strong>: Ideal entre 18-26\u00b0C.<\/li>\n<li data-start=\"3133\" data-end=\"3208\"><strong data-start=\"3135\" data-end=\"3146\">Umidade<\/strong>: Requer ambiente \u00famido, perfeito para terr\u00e1rios e palud\u00e1rios.<\/li>\n<li data-start=\"3209\" data-end=\"3304\"><strong data-start=\"3211\" data-end=\"3219\">\u00c1gua<\/strong>: Regar principalmente pelo centro da roseta, mantendo-a \u00famida sem saturar as ra\u00edzes.<\/li>\n<\/ul>\n<h3 data-start=\"3306\" data-end=\"3315\">Usos:<\/h3>\n<ul data-start=\"3316\" data-end=\"3536\">\n<li data-start=\"3316\" data-end=\"3399\"><strong data-start=\"3318\" data-end=\"3345\">Decora\u00e7\u00e3o de interiores<\/strong>: Perfeita para casas, escrit\u00f3rios e espa\u00e7os internos.<\/li>\n<li data-start=\"3400\" data-end=\"3536\"><strong data-start=\"3402\" data-end=\"3428\">Terr\u00e1rios e palud\u00e1rios<\/strong>: Ideal para terr\u00e1rios tropicais e palud\u00e1rios devido \u00e0 sua resist\u00eancia e adaptabilidade em ambientes \u00famidos.<\/li>\n<\/ul>\n<h3 data-start=\"3538\" data-end=\"3552\">Vantagens:<\/h3>\n<ul data-start=\"3553\" data-end=\"3799\">\n<li data-start=\"3553\" data-end=\"3621\"><strong data-start=\"3555\" data-end=\"3577\">Purificadora de ar<\/strong>: Contribui para melhorar a qualidade do ar.<\/li>\n<li data-start=\"3622\" data-end=\"3695\"><strong data-start=\"3624\" data-end=\"3638\">N\u00e3o t\u00f3xica<\/strong>: Segura para animais de estima\u00e7\u00e3o e animais de terr\u00e1rio.<\/li>\n<li data-start=\"3696\" data-end=\"3799\"><strong data-start=\"3698\" data-end=\"3717\">F\u00e1cil de cuidar<\/strong>: Exige poucos cuidados, ideal para quem busca uma planta resistente e decorativa.<\/li>\n<\/ul>\n<h3 data-start=\"3801\" data-end=\"3814\">Cuidados:<\/h3>\n<ul data-start=\"3815\" data-end=\"4062\">\n<li data-start=\"3815\" data-end=\"3891\">Evite regar diretamente as folhas para evitar o ac\u00famulo de \u00e1gua estagnada.<\/li>\n<li data-start=\"3892\" data-end=\"3973\">Certifique-se de que a planta receba luz indireta para manter sua cor vibrante.<\/li>\n<li data-start=\"3974\" data-end=\"4062\">Fertilize ocasionalmente com fertilizante dilu\u00eddo para brom\u00e9lias na primavera e ver\u00e3o.<\/li>\n<\/ul>\n","protected":false},"excerpt":{"rendered":"<p>Adicione um toque de cor ao seu ambiente com a Neoregelia Pink! Esta brom\u00e9lia de cores vibrantes \u00e9 perfeita para interiores e terr\u00e1rios, com seu centro rosa brilhante e folhas verdes. F\u00e1cil de cuidar, n\u00e3o t\u00f3xica e ideal para um estilo tropical.<\/p>\n","protected":false},"featured_media":40683,"template":"","meta":[],"product_brand":[],"product_cat":[640],"product_tag":[],"class_list":{"0":"post-40697","1":"product","2":"type-product","3":"status-publish","4":"has-post-thumbnail","6":"product_cat-plantas-naturais","8":"first","9":"instock","10":"shipping-taxable","11":"purchasable","12":"product-type-simple"},"yoast_head":"<!-- This site is optimized with the Yoast SEO plugin v27.3 - https:\/\/yoast.com\/product\/yoast-seo-wordpress\/ -->\n<title>Neoregelia Pink | Plantas para terr\u00e1rios e interiores - ANTDERGROUND<\/title>\n<meta name=\"description\" content=\"Adicione frescor ao seu espa\u00e7o com a Neoregelia Pink \ud83c\udf38. Ideal para interiores e terr\u00e1rios, f\u00e1cil de cuidar e segura para animais \ud83d\udc3e.\" \/>\n<meta name=\"robots\" content=\"index, follow, max-snippet:-1, max-image-preview:large, max-video-preview:-1\" \/>\n<link rel=\"canonical\" href=\"https:\/\/antderground.com\/pt-br\/produto\/neoregelia-pink\/\" \/>\n<meta property=\"og:locale\" content=\"pt_BR\" \/>\n<meta property=\"og:type\" content=\"article\" \/>\n<meta property=\"og:title\" content=\"Neoregelia Pink | Plantas para terr\u00e1rios e interiores - ANTDERGROUND\" \/>\n<meta property=\"og:description\" content=\"Adicione frescor ao seu espa\u00e7o com a Neoregelia Pink \ud83c\udf38. Ideal para interiores e terr\u00e1rios, f\u00e1cil de cuidar e segura para animais \ud83d\udc3e.\" \/>\n<meta property=\"og:url\" content=\"https:\/\/antderground.com\/pt-br\/produto\/neoregelia-pink\/\" \/>\n<meta property=\"og:site_name\" content=\"ANTDERGROUND\" \/>\n<meta property=\"og:image\" content=\"https:\/\/antderground.com\/wp-content\/uploads\/2025\/03\/Neoregelia-Pink-1.jpeg\" \/>\n\t<meta property=\"og:image:width\" content=\"1600\" \/>\n\t<meta property=\"og:image:height\" content=\"1600\" \/>\n\t<meta property=\"og:image:type\" content=\"image\/jpeg\" \/>\n<meta name=\"twitter:card\" content=\"summary_large_image\" \/>\n<meta name=\"twitter:label1\" content=\"Est. tempo de leitura\" \/>\n\t<meta name=\"twitter:data1\" content=\"1 minuto\" \/>\n<script type=\"application\/ld+json\" class=\"yoast-schema-graph\">{\"@context\":\"https:\\\/\\\/schema.org\",\"@graph\":[{\"@type\":\"WebPage\",\"@id\":\"https:\\\/\\\/antderground.com\\\/pt-br\\\/produto\\\/neoregelia-pink\\\/\",\"url\":\"https:\\\/\\\/antderground.com\\\/pt-br\\\/produto\\\/neoregelia-pink\\\/\",\"name\":\"Neoregelia Pink | Plantas para terr\u00e1rios e interiores - ANTDERGROUND\",\"isPartOf\":{\"@id\":\"https:\\\/\\\/antderground.com\\\/pt-br\\\/#website\"},\"primaryImageOfPage\":{\"@id\":\"https:\\\/\\\/antderground.com\\\/pt-br\\\/produto\\\/neoregelia-pink\\\/#primaryimage\"},\"image\":{\"@id\":\"https:\\\/\\\/antderground.com\\\/pt-br\\\/produto\\\/neoregelia-pink\\\/#primaryimage\"},\"thumbnailUrl\":\"https:\\\/\\\/antderground.com\\\/wp-content\\\/uploads\\\/2025\\\/03\\\/Neoregelia-Pink-1.jpeg\",\"datePublished\":\"2025-03-03T14:28:09+00:00\",\"description\":\"Adicione frescor ao seu espa\u00e7o com a Neoregelia Pink \ud83c\udf38. Ideal para interiores e terr\u00e1rios, f\u00e1cil de cuidar e segura para animais \ud83d\udc3e.\",\"breadcrumb\":{\"@id\":\"https:\\\/\\\/antderground.com\\\/pt-br\\\/produto\\\/neoregelia-pink\\\/#breadcrumb\"},\"inLanguage\":\"pt-BR\",\"potentialAction\":[{\"@type\":\"ReadAction\",\"target\":[\"https:\\\/\\\/antderground.com\\\/pt-br\\\/produto\\\/neoregelia-pink\\\/\"]}]},{\"@type\":\"ImageObject\",\"inLanguage\":\"pt-BR\",\"@id\":\"https:\\\/\\\/antderground.com\\\/pt-br\\\/produto\\\/neoregelia-pink\\\/#primaryimage\",\"url\":\"https:\\\/\\\/antderground.com\\\/wp-content\\\/uploads\\\/2025\\\/03\\\/Neoregelia-Pink-1.jpeg\",\"contentUrl\":\"https:\\\/\\\/antderground.com\\\/wp-content\\\/uploads\\\/2025\\\/03\\\/Neoregelia-Pink-1.jpeg\",\"width\":1600,\"height\":1600,\"caption\":\"Neoregelia Pink\"},{\"@type\":\"BreadcrumbList\",\"@id\":\"https:\\\/\\\/antderground.com\\\/pt-br\\\/produto\\\/neoregelia-pink\\\/#breadcrumb\",\"itemListElement\":[{\"@type\":\"ListItem\",\"position\":1,\"name\":\"Portada\",\"item\":\"https:\\\/\\\/antderground.com\\\/pt-br\\\/\"},{\"@type\":\"ListItem\",\"position\":2,\"name\":\"Produtos\",\"item\":\"https:\\\/\\\/antderground.com\\\/pt-br\\\/loja-de-formigueiros\\\/\"},{\"@type\":\"ListItem\",\"position\":3,\"name\":\"Neoregelia Pink\"}]},{\"@type\":\"WebSite\",\"@id\":\"https:\\\/\\\/antderground.com\\\/pt-br\\\/#website\",\"url\":\"https:\\\/\\\/antderground.com\\\/pt-br\\\/\",\"name\":\"ANTDERGROUND\",\"description\":\"Tu tienda de hormigas, gran variedad de hormigueros acr\u00edlicos,madera,arena,3D y mas.. Pide tus hormigas gratis con tu pedido, somos expertos en hormigueros antifugas.\",\"publisher\":{\"@id\":\"https:\\\/\\\/antderground.com\\\/pt-br\\\/#\\\/schema\\\/person\\\/0e322c505e84fe72c65e2f6d08f96b81\"},\"alternateName\":\"Antderground\",\"potentialAction\":[{\"@type\":\"SearchAction\",\"target\":{\"@type\":\"EntryPoint\",\"urlTemplate\":\"https:\\\/\\\/antderground.com\\\/pt-br\\\/?s={search_term_string}\"},\"query-input\":{\"@type\":\"PropertyValueSpecification\",\"valueRequired\":true,\"valueName\":\"search_term_string\"}}],\"inLanguage\":\"pt-BR\"},{\"@type\":[\"Person\",\"Organization\"],\"@id\":\"https:\\\/\\\/antderground.com\\\/pt-br\\\/#\\\/schema\\\/person\\\/0e322c505e84fe72c65e2f6d08f96b81\",\"name\":\"Eric de Antderground\",\"image\":{\"@type\":\"ImageObject\",\"inLanguage\":\"pt-BR\",\"@id\":\"https:\\\/\\\/secure.gravatar.com\\\/avatar\\\/c49a1b9f79216d1498cb73c1e85cd47f4465dda35f2a94c03790d491bd4423c3?s=96&d=mm&r=g\",\"url\":\"https:\\\/\\\/secure.gravatar.com\\\/avatar\\\/c49a1b9f79216d1498cb73c1e85cd47f4465dda35f2a94c03790d491bd4423c3?s=96&d=mm&r=g\",\"contentUrl\":\"https:\\\/\\\/secure.gravatar.com\\\/avatar\\\/c49a1b9f79216d1498cb73c1e85cd47f4465dda35f2a94c03790d491bd4423c3?s=96&d=mm&r=g\",\"caption\":\"Eric de Antderground\"},\"logo\":{\"@id\":\"https:\\\/\\\/secure.gravatar.com\\\/avatar\\\/c49a1b9f79216d1498cb73c1e85cd47f4465dda35f2a94c03790d491bd4423c3?s=96&d=mm&r=g\"},\"description\":\"Eric es el especialista y fundador de Antderground, con una amplia trayectoria en artr\u00f3podos y enfocado en la mirmecolog\u00eda y el dise\u00f1o de hormigueros artificiales. Su enfoque combina la innovaci\u00f3n t\u00e9cnica con el respeto por la biolog\u00eda de las hormigas, is\u00f3podos y otros, desarrollando sistemas de nidos modulares 3D y acr\u00edlicos que son referentes para aficionados y profesionales en toda Europa. Su objetivo es facilitar la cr\u00eda de hormigas y otros artr\u00f3podos mediante soluciones seguras y divulgaci\u00f3n de calidad.\",\"sameAs\":[\"https:\\\/\\\/antderground.com\\\/\",\"https:\\\/\\\/www.youtube.com\\\/channel\\\/UCio72z7TlbufkAthAJIJfPw\"]}]}<\/script>\n<!-- \/ Yoast SEO plugin. -->","yoast_head_json":{"title":"Neoregelia Pink | Plantas para terr\u00e1rios e interiores - ANTDERGROUND","description":"Adicione frescor ao seu espa\u00e7o com a Neoregelia Pink \ud83c\udf38. Ideal para interiores e terr\u00e1rios, f\u00e1cil de cuidar e segura para animais \ud83d\udc3e.","robots":{"index":"index","follow":"follow","max-snippet":"max-snippet:-1","max-image-preview":"max-image-preview:large","max-video-preview":"max-video-preview:-1"},"canonical":"https:\/\/antderground.com\/pt-br\/produto\/neoregelia-pink\/","og_locale":"pt_BR","og_type":"article","og_title":"Neoregelia Pink | Plantas para terr\u00e1rios e interiores - ANTDERGROUND","og_description":"Adicione frescor ao seu espa\u00e7o com a Neoregelia Pink \ud83c\udf38. Ideal para interiores e terr\u00e1rios, f\u00e1cil de cuidar e segura para animais \ud83d\udc3e.","og_url":"https:\/\/antderground.com\/pt-br\/produto\/neoregelia-pink\/","og_site_name":"ANTDERGROUND","og_image":[{"width":1600,"height":1600,"url":"https:\/\/antderground.com\/wp-content\/uploads\/2025\/03\/Neoregelia-Pink-1.jpeg","type":"image\/jpeg"}],"twitter_card":"summary_large_image","twitter_misc":{"Est. tempo de leitura":"1 minuto"},"schema":{"@context":"https:\/\/schema.org","@graph":[{"@type":"WebPage","@id":"https:\/\/antderground.com\/pt-br\/produto\/neoregelia-pink\/","url":"https:\/\/antderground.com\/pt-br\/produto\/neoregelia-pink\/","name":"Neoregelia Pink | Plantas para terr\u00e1rios e interiores - ANTDERGROUND","isPartOf":{"@id":"https:\/\/antderground.com\/pt-br\/#website"},"primaryImageOfPage":{"@id":"https:\/\/antderground.com\/pt-br\/produto\/neoregelia-pink\/#primaryimage"},"image":{"@id":"https:\/\/antderground.com\/pt-br\/produto\/neoregelia-pink\/#primaryimage"},"thumbnailUrl":"https:\/\/antderground.com\/wp-content\/uploads\/2025\/03\/Neoregelia-Pink-1.jpeg","datePublished":"2025-03-03T14:28:09+00:00","description":"Adicione frescor ao seu espa\u00e7o com a Neoregelia Pink \ud83c\udf38. Ideal para interiores e terr\u00e1rios, f\u00e1cil de cuidar e segura para animais \ud83d\udc3e.","breadcrumb":{"@id":"https:\/\/antderground.com\/pt-br\/produto\/neoregelia-pink\/#breadcrumb"},"inLanguage":"pt-BR","potentialAction":[{"@type":"ReadAction","target":["https:\/\/antderground.com\/pt-br\/produto\/neoregelia-pink\/"]}]},{"@type":"ImageObject","inLanguage":"pt-BR","@id":"https:\/\/antderground.com\/pt-br\/produto\/neoregelia-pink\/#primaryimage","url":"https:\/\/antderground.com\/wp-content\/uploads\/2025\/03\/Neoregelia-Pink-1.jpeg","contentUrl":"https:\/\/antderground.com\/wp-content\/uploads\/2025\/03\/Neoregelia-Pink-1.jpeg","width":1600,"height":1600,"caption":"Neoregelia Pink"},{"@type":"BreadcrumbList","@id":"https:\/\/antderground.com\/pt-br\/produto\/neoregelia-pink\/#breadcrumb","itemListElement":[{"@type":"ListItem","position":1,"name":"Portada","item":"https:\/\/antderground.com\/pt-br\/"},{"@type":"ListItem","position":2,"name":"Produtos","item":"https:\/\/antderground.com\/pt-br\/loja-de-formigueiros\/"},{"@type":"ListItem","position":3,"name":"Neoregelia Pink"}]},{"@type":"WebSite","@id":"https:\/\/antderground.com\/pt-br\/#website","url":"https:\/\/antderground.com\/pt-br\/","name":"ANTDERGROUND","description":"Tu tienda de hormigas, gran variedad de hormigueros acr\u00edlicos,madera,arena,3D y mas.. Pide tus hormigas gratis con tu pedido, somos expertos en hormigueros antifugas.","publisher":{"@id":"https:\/\/antderground.com\/pt-br\/#\/schema\/person\/0e322c505e84fe72c65e2f6d08f96b81"},"alternateName":"Antderground","potentialAction":[{"@type":"SearchAction","target":{"@type":"EntryPoint","urlTemplate":"https:\/\/antderground.com\/pt-br\/?s={search_term_string}"},"query-input":{"@type":"PropertyValueSpecification","valueRequired":true,"valueName":"search_term_string"}}],"inLanguage":"pt-BR"},{"@type":["Person","Organization"],"@id":"https:\/\/antderground.com\/pt-br\/#\/schema\/person\/0e322c505e84fe72c65e2f6d08f96b81","name":"Eric de Antderground","image":{"@type":"ImageObject","inLanguage":"pt-BR","@id":"https:\/\/secure.gravatar.com\/avatar\/c49a1b9f79216d1498cb73c1e85cd47f4465dda35f2a94c03790d491bd4423c3?s=96&d=mm&r=g","url":"https:\/\/secure.gravatar.com\/avatar\/c49a1b9f79216d1498cb73c1e85cd47f4465dda35f2a94c03790d491bd4423c3?s=96&d=mm&r=g","contentUrl":"https:\/\/secure.gravatar.com\/avatar\/c49a1b9f79216d1498cb73c1e85cd47f4465dda35f2a94c03790d491bd4423c3?s=96&d=mm&r=g","caption":"Eric de Antderground"},"logo":{"@id":"https:\/\/secure.gravatar.com\/avatar\/c49a1b9f79216d1498cb73c1e85cd47f4465dda35f2a94c03790d491bd4423c3?s=96&d=mm&r=g"},"description":"Eric es el especialista y fundador de Antderground, con una amplia trayectoria en artr\u00f3podos y enfocado en la mirmecolog\u00eda y el dise\u00f1o de hormigueros artificiales. Su enfoque combina la innovaci\u00f3n t\u00e9cnica con el respeto por la biolog\u00eda de las hormigas, is\u00f3podos y otros, desarrollando sistemas de nidos modulares 3D y acr\u00edlicos que son referentes para aficionados y profesionales en toda Europa. Su objetivo es facilitar la cr\u00eda de hormigas y otros artr\u00f3podos mediante soluciones seguras y divulgaci\u00f3n de calidad.","sameAs":["https:\/\/antderground.com\/","https:\/\/www.youtube.com\/channel\/UCio72z7TlbufkAthAJIJfPw"]}]}},"_links":{"self":[{"href":"https:\/\/antderground.com\/pt-br\/wp-json\/wp\/v2\/product\/40697","targetHints":{"allow":["GET"]}}],"collection":[{"href":"https:\/\/antderground.com\/pt-br\/wp-json\/wp\/v2\/product"}],"about":[{"href":"https:\/\/antderground.com\/pt-br\/wp-json\/wp\/v2\/types\/product"}],"version-history":[{"count":0,"href":"https:\/\/antderground.com\/pt-br\/wp-json\/wp\/v2\/product\/40697\/revisions"}],"wp:featuredmedia":[{"embeddable":true,"href":"https:\/\/antderground.com\/pt-br\/wp-json\/wp\/v2\/media\/40683"}],"wp:attachment":[{"href":"https:\/\/antderground.com\/pt-br\/wp-json\/wp\/v2\/media?parent=40697"}],"wp:term":[{"taxonomy":"product_brand","embeddable":true,"href":"https:\/\/antderground.com\/pt-br\/wp-json\/wp\/v2\/product_brand?post=40697"},{"taxonomy":"product_cat","embeddable":true,"href":"https:\/\/antderground.com\/pt-br\/wp-json\/wp\/v2\/product_cat?post=40697"},{"taxonomy":"product_tag","embeddable":true,"href":"https:\/\/antderground.com\/pt-br\/wp-json\/wp\/v2\/product_tag?post=40697"}],"curies":[{"name":"wp","href":"https:\/\/api.w.org\/{rel}","templated":true}]}}