{"id":40738,"date":"2025-03-04T11:22:02","date_gmt":"2025-03-04T10:22:02","guid":{"rendered":"https:\/\/www.antderground.com\/producto\/cubaris-murina-salmon-martinique\/"},"modified":"2025-03-04T11:22:02","modified_gmt":"2025-03-04T10:22:02","slug":"cubaris-murina-salmon-martinique","status":"publish","type":"product","link":"https:\/\/antderground.com\/pt-br\/produto\/cubaris-murina-salmon-martinique\/","title":{"rendered":"Cubaris murina &#8220;Salmon Martinique&#8221;"},"content":{"rendered":"<p data-start=\"189\" data-end=\"571\"><strong data-start=\"189\" data-end=\"209\">Nome cient\u00edfico:<\/strong> Cubaris murina &#8220;Salmon Martinique&#8221;<br data-start=\"244\" data-end=\"247\" \/><strong data-start=\"247\" data-end=\"262\">Nome comum:<\/strong> Is\u00f3pode Cubaris murina &#8220;Salmon Martinique&#8221;<br data-start=\"305\" data-end=\"308\" \/><strong data-start=\"308\" data-end=\"320\">Fam\u00edlia:<\/strong> Armadillidae<br data-start=\"333\" data-end=\"336\" \/><strong data-start=\"336\" data-end=\"347\">Origem:<\/strong> Ilha da Martinica, Caribe<br data-start=\"373\" data-end=\"376\" \/><strong data-start=\"376\" data-end=\"395\">Tamanho adulto:<\/strong> Aproximadamente 1 &#8211; 1,5 cm<br data-start=\"422\" data-end=\"425\" \/><strong data-start=\"425\" data-end=\"439\">Colora\u00e7\u00e3o:<\/strong> Tons de salm\u00e3o claro a laranja com varia\u00e7\u00f5es sutis entre indiv\u00edduos.<br data-start=\"508\" data-end=\"511\" \/><strong data-start=\"511\" data-end=\"535\">Expectativa de vida:<\/strong> 1,5 &#8211; 3 anos em condi\u00e7\u00f5es ideais.<\/p>\n<h3 data-start=\"573\" data-end=\"603\"><strong data-start=\"577\" data-end=\"601\">Habitat e manuten\u00e7\u00e3o<\/strong><\/h3>\n<p data-start=\"604\" data-end=\"627\"><strong data-start=\"604\" data-end=\"625\">Tipo de terr\u00e1rio:<\/strong><\/p>\n<ul data-start=\"628\" data-end=\"754\">\n<li data-start=\"628\" data-end=\"679\">Terr\u00e1rio \u00famido ou semi\u00famido com boa ventila\u00e7\u00e3o.<\/li>\n<li data-start=\"680\" data-end=\"754\">Substrato recomendado: fibra de coco, musgo de esfagno e folhas secas.<\/li>\n<\/ul>\n<p data-start=\"756\" data-end=\"770\"><strong data-start=\"756\" data-end=\"768\">Umidade:<\/strong><\/p>\n<ul data-start=\"771\" data-end=\"841\">\n<li data-start=\"771\" data-end=\"841\">70 % &#8211; 85 %, com uma \u00e1rea \u00famida e outra mais seca para equil\u00edbrio.<\/li>\n<\/ul>\n<p data-start=\"843\" data-end=\"861\"><strong data-start=\"843\" data-end=\"859\">Temperatura:<\/strong><\/p>\n<ul data-start=\"862\" data-end=\"974\">\n<li data-start=\"862\" data-end=\"884\">Entre 22\u00b0C e 26\u00b0C.<\/li>\n<li data-start=\"885\" data-end=\"974\">N\u00e3o tolera temperaturas extremas abaixo de 18\u00b0C ou acima de 28\u00b0C por longos per\u00edodos.<\/li>\n<\/ul>\n<p data-start=\"976\" data-end=\"993\"><strong data-start=\"976\" data-end=\"991\">Ilumina\u00e7\u00e3o:<\/strong><\/p>\n<ul data-start=\"994\" data-end=\"1040\">\n<li data-start=\"994\" data-end=\"1040\">Luz indireta, sem exposi\u00e7\u00e3o direta ao sol.<\/li>\n<\/ul>\n<h3 data-start=\"1042\" data-end=\"1063\"><strong data-start=\"1046\" data-end=\"1061\">Alimenta\u00e7\u00e3o<\/strong><\/h3>\n<ul data-start=\"1064\" data-end=\"1302\">\n<li data-start=\"1064\" data-end=\"1141\">Mat\u00e9ria org\u00e2nica em decomposi\u00e7\u00e3o (folhas secas, madeira em decomposi\u00e7\u00e3o).<\/li>\n<li data-start=\"1142\" data-end=\"1228\">Suplementos: frutas, vegetais e c\u00e1lcio (ossos de choco, cascas de ovo trituradas).<\/li>\n<li data-start=\"1229\" data-end=\"1302\">Fornecimento ocasional de prote\u00ednas (peixe seco, larvas de besouros).<\/li>\n<\/ul>\n<h3 data-start=\"1304\" data-end=\"1340\"><strong data-start=\"1308\" data-end=\"1338\">Comportamento e reprodu\u00e7\u00e3o<\/strong><\/h3>\n<p data-start=\"1341\" data-end=\"1361\"><strong data-start=\"1341\" data-end=\"1359\">Sociabilidade:<\/strong><\/p>\n<ul data-start=\"1362\" data-end=\"1471\">\n<li data-start=\"1362\" data-end=\"1409\">Esp\u00e9cie greg\u00e1ria, prefere viver em col\u00f4nia.<\/li>\n<li data-start=\"1410\" data-end=\"1471\">Relativamente ativo e mais vis\u00edvel do que outros Cubaris.<\/li>\n<\/ul>\n<p data-start=\"1473\" data-end=\"1490\"><strong data-start=\"1473\" data-end=\"1488\">Reprodu\u00e7\u00e3o:<\/strong><\/p>\n<ul data-start=\"1491\" data-end=\"1647\">\n<li data-start=\"1491\" data-end=\"1545\">Ciclo reprodutivo constante em condi\u00e7\u00f5es est\u00e1veis.<\/li>\n<li data-start=\"1546\" data-end=\"1608\">A f\u00eamea carrega os ovos na bolsa incubadora at\u00e9 a eclos\u00e3o.<\/li>\n<li data-start=\"1609\" data-end=\"1647\">Crescimento moderado dos filhotes.<\/li>\n<\/ul>\n<h3 data-start=\"1649\" data-end=\"1675\"><strong data-start=\"1653\" data-end=\"1673\">Notas adicionais<\/strong><\/h3>\n<ul data-start=\"1676\" data-end=\"1840\">\n<li data-start=\"1676\" data-end=\"1730\">Ideal para iniciantes e especialistas em is\u00f3podes.<\/li>\n<li data-start=\"1731\" data-end=\"1792\">Adequado para terr\u00e1rios bioativos tropicais e palud\u00e1rios.<\/li>\n<li data-start=\"1793\" data-end=\"1840\">Sua colora\u00e7\u00e3o \u00fanica o torna muito desejado.<\/li>\n<\/ul>\n","protected":false},"excerpt":{"rendered":"<p>Descubra o <strong data-start=\"1887\" data-end=\"1925\">Cubaris murina &#8220;Salmon Martinique&#8221;<\/strong>, um is\u00f3pode ex\u00f3tico com tons \u00fanicos de salm\u00e3o. Ideal para bioativos e cole\u00e7\u00f5es. F\u00e1cil de criar, adapta-se bem a terr\u00e1rios \u00famidos. Acrescente cor e biodiversidade ao seu habitat!<\/p>\n","protected":false},"featured_media":40724,"template":"","meta":[],"product_brand":[],"product_cat":[483,486,721],"product_tag":[],"class_list":{"0":"post-40738","1":"product","2":"type-product","3":"status-publish","4":"has-post-thumbnail","6":"product_cat-artropodes","7":"product_cat-isopodos","8":"product_cat-cubaris","10":"first","11":"instock","12":"shipping-taxable","13":"purchasable","14":"product-type-variable"},"yoast_head":"<!-- This site is optimized with the Yoast SEO plugin v27.5 - https:\/\/yoast.com\/product\/yoast-seo-wordpress\/ -->\n<title>Cubaris murina &quot;Salmon Martinique&quot; | comprar is\u00f3podes - ANTDERGROUND<\/title>\n<meta name=\"description\" content=\"\ud83d\udc1c D\u00ea um toque de cor ao seu terr\u00e1rio com o Cubaris murina &quot;Salmon Martinique&quot;! Is\u00f3pode ex\u00f3tico perfeito para bioativos. \ud83c\udf3f\" \/>\n<meta name=\"robots\" content=\"index, follow, max-snippet:-1, max-image-preview:large, max-video-preview:-1\" \/>\n<link rel=\"canonical\" href=\"https:\/\/antderground.com\/pt-br\/produto\/cubaris-murina-salmon-martinique\/\" \/>\n<meta property=\"og:locale\" content=\"pt_BR\" \/>\n<meta property=\"og:type\" content=\"article\" \/>\n<meta property=\"og:title\" content=\"Cubaris murina &quot;Salmon Martinique&quot; | comprar is\u00f3podes - ANTDERGROUND\" \/>\n<meta property=\"og:description\" content=\"\ud83d\udc1c D\u00ea um toque de cor ao seu terr\u00e1rio com o Cubaris murina &quot;Salmon Martinique&quot;! Is\u00f3pode ex\u00f3tico perfeito para bioativos. \ud83c\udf3f\" \/>\n<meta property=\"og:url\" content=\"https:\/\/antderground.com\/pt-br\/produto\/cubaris-murina-salmon-martinique\/\" \/>\n<meta property=\"og:site_name\" content=\"ANTDERGROUND\" \/>\n<meta property=\"og:image\" content=\"https:\/\/antderground.com\/wp-content\/uploads\/2025\/03\/Cubaris-murina-22Salmon-Martinique22.jpg\" \/>\n\t<meta property=\"og:image:width\" content=\"1400\" \/>\n\t<meta property=\"og:image:height\" content=\"1400\" \/>\n\t<meta property=\"og:image:type\" content=\"image\/jpeg\" \/>\n<meta name=\"twitter:card\" content=\"summary_large_image\" \/>\n<meta name=\"twitter:label1\" content=\"Est. tempo de leitura\" \/>\n\t<meta name=\"twitter:data1\" content=\"1 minuto\" \/>\n<script type=\"application\/ld+json\" class=\"yoast-schema-graph\">{\"@context\":\"https:\\\/\\\/schema.org\",\"@graph\":[{\"@type\":\"WebPage\",\"@id\":\"https:\\\/\\\/antderground.com\\\/pt-br\\\/produto\\\/cubaris-murina-salmon-martinique\\\/\",\"url\":\"https:\\\/\\\/antderground.com\\\/pt-br\\\/produto\\\/cubaris-murina-salmon-martinique\\\/\",\"name\":\"Cubaris murina \\\"Salmon Martinique\\\" | comprar is\u00f3podes - ANTDERGROUND\",\"isPartOf\":{\"@id\":\"https:\\\/\\\/antderground.com\\\/pt-br\\\/#website\"},\"primaryImageOfPage\":{\"@id\":\"https:\\\/\\\/antderground.com\\\/pt-br\\\/produto\\\/cubaris-murina-salmon-martinique\\\/#primaryimage\"},\"image\":{\"@id\":\"https:\\\/\\\/antderground.com\\\/pt-br\\\/produto\\\/cubaris-murina-salmon-martinique\\\/#primaryimage\"},\"thumbnailUrl\":\"https:\\\/\\\/antderground.com\\\/wp-content\\\/uploads\\\/2025\\\/03\\\/Cubaris-murina-22Salmon-Martinique22.jpg\",\"datePublished\":\"2025-03-04T10:22:02+00:00\",\"description\":\"\ud83d\udc1c D\u00ea um toque de cor ao seu terr\u00e1rio com o Cubaris murina \\\"Salmon Martinique\\\"! Is\u00f3pode ex\u00f3tico perfeito para bioativos. \ud83c\udf3f\",\"breadcrumb\":{\"@id\":\"https:\\\/\\\/antderground.com\\\/pt-br\\\/produto\\\/cubaris-murina-salmon-martinique\\\/#breadcrumb\"},\"inLanguage\":\"pt-BR\",\"potentialAction\":[{\"@type\":\"ReadAction\",\"target\":[\"https:\\\/\\\/antderground.com\\\/pt-br\\\/produto\\\/cubaris-murina-salmon-martinique\\\/\"]}]},{\"@type\":\"ImageObject\",\"inLanguage\":\"pt-BR\",\"@id\":\"https:\\\/\\\/antderground.com\\\/pt-br\\\/produto\\\/cubaris-murina-salmon-martinique\\\/#primaryimage\",\"url\":\"https:\\\/\\\/antderground.com\\\/wp-content\\\/uploads\\\/2025\\\/03\\\/Cubaris-murina-22Salmon-Martinique22.jpg\",\"contentUrl\":\"https:\\\/\\\/antderground.com\\\/wp-content\\\/uploads\\\/2025\\\/03\\\/Cubaris-murina-22Salmon-Martinique22.jpg\",\"width\":1400,\"height\":1400,\"caption\":\"Cubaris murina Salmon Martinique\"},{\"@type\":\"BreadcrumbList\",\"@id\":\"https:\\\/\\\/antderground.com\\\/pt-br\\\/produto\\\/cubaris-murina-salmon-martinique\\\/#breadcrumb\",\"itemListElement\":[{\"@type\":\"ListItem\",\"position\":1,\"name\":\"Portada\",\"item\":\"https:\\\/\\\/antderground.com\\\/pt-br\\\/\"},{\"@type\":\"ListItem\",\"position\":2,\"name\":\"Produtos\",\"item\":\"https:\\\/\\\/antderground.com\\\/pt-br\\\/loja-de-formigueiros\\\/\"},{\"@type\":\"ListItem\",\"position\":3,\"name\":\"Cubaris murina &#8220;Salmon Martinique&#8221;\"}]},{\"@type\":\"WebSite\",\"@id\":\"https:\\\/\\\/antderground.com\\\/pt-br\\\/#website\",\"url\":\"https:\\\/\\\/antderground.com\\\/pt-br\\\/\",\"name\":\"ANTDERGROUND\",\"description\":\"Tu tienda de hormigas, gran variedad de hormigueros acr\u00edlicos,madera,arena,3D y mas.. Pide tus hormigas gratis con tu pedido, somos expertos en hormigueros antifugas.\",\"publisher\":{\"@id\":\"https:\\\/\\\/antderground.com\\\/pt-br\\\/#\\\/schema\\\/person\\\/0e322c505e84fe72c65e2f6d08f96b81\"},\"alternateName\":\"Antderground\",\"potentialAction\":[{\"@type\":\"SearchAction\",\"target\":{\"@type\":\"EntryPoint\",\"urlTemplate\":\"https:\\\/\\\/antderground.com\\\/pt-br\\\/?s={search_term_string}\"},\"query-input\":{\"@type\":\"PropertyValueSpecification\",\"valueRequired\":true,\"valueName\":\"search_term_string\"}}],\"inLanguage\":\"pt-BR\"},{\"@type\":[\"Person\",\"Organization\"],\"@id\":\"https:\\\/\\\/antderground.com\\\/pt-br\\\/#\\\/schema\\\/person\\\/0e322c505e84fe72c65e2f6d08f96b81\",\"name\":\"Eric de Antderground\",\"image\":{\"@type\":\"ImageObject\",\"inLanguage\":\"pt-BR\",\"@id\":\"https:\\\/\\\/secure.gravatar.com\\\/avatar\\\/c49a1b9f79216d1498cb73c1e85cd47f4465dda35f2a94c03790d491bd4423c3?s=96&d=mm&r=g\",\"url\":\"https:\\\/\\\/secure.gravatar.com\\\/avatar\\\/c49a1b9f79216d1498cb73c1e85cd47f4465dda35f2a94c03790d491bd4423c3?s=96&d=mm&r=g\",\"contentUrl\":\"https:\\\/\\\/secure.gravatar.com\\\/avatar\\\/c49a1b9f79216d1498cb73c1e85cd47f4465dda35f2a94c03790d491bd4423c3?s=96&d=mm&r=g\",\"caption\":\"Eric de Antderground\"},\"logo\":{\"@id\":\"https:\\\/\\\/secure.gravatar.com\\\/avatar\\\/c49a1b9f79216d1498cb73c1e85cd47f4465dda35f2a94c03790d491bd4423c3?s=96&d=mm&r=g\"},\"description\":\"Eric es el especialista y fundador de Antderground, con una amplia trayectoria en artr\u00f3podos y enfocado en la mirmecolog\u00eda y el dise\u00f1o de hormigueros artificiales. Su enfoque combina la innovaci\u00f3n t\u00e9cnica con el respeto por la biolog\u00eda de las hormigas, is\u00f3podos y otros, desarrollando sistemas de nidos modulares 3D y acr\u00edlicos que son referentes para aficionados y profesionales en toda Europa. Su objetivo es facilitar la cr\u00eda de hormigas y otros artr\u00f3podos mediante soluciones seguras y divulgaci\u00f3n de calidad.\",\"sameAs\":[\"https:\\\/\\\/antderground.com\\\/\",\"https:\\\/\\\/www.youtube.com\\\/channel\\\/UCio72z7TlbufkAthAJIJfPw\"]}]}<\/script>\n<!-- \/ Yoast SEO plugin. -->","yoast_head_json":{"title":"Cubaris murina \"Salmon Martinique\" | comprar is\u00f3podes - ANTDERGROUND","description":"\ud83d\udc1c D\u00ea um toque de cor ao seu terr\u00e1rio com o Cubaris murina \"Salmon Martinique\"! Is\u00f3pode ex\u00f3tico perfeito para bioativos. \ud83c\udf3f","robots":{"index":"index","follow":"follow","max-snippet":"max-snippet:-1","max-image-preview":"max-image-preview:large","max-video-preview":"max-video-preview:-1"},"canonical":"https:\/\/antderground.com\/pt-br\/produto\/cubaris-murina-salmon-martinique\/","og_locale":"pt_BR","og_type":"article","og_title":"Cubaris murina \"Salmon Martinique\" | comprar is\u00f3podes - ANTDERGROUND","og_description":"\ud83d\udc1c D\u00ea um toque de cor ao seu terr\u00e1rio com o Cubaris murina \"Salmon Martinique\"! Is\u00f3pode ex\u00f3tico perfeito para bioativos. \ud83c\udf3f","og_url":"https:\/\/antderground.com\/pt-br\/produto\/cubaris-murina-salmon-martinique\/","og_site_name":"ANTDERGROUND","og_image":[{"width":1400,"height":1400,"url":"https:\/\/antderground.com\/wp-content\/uploads\/2025\/03\/Cubaris-murina-22Salmon-Martinique22.jpg","type":"image\/jpeg"}],"twitter_card":"summary_large_image","twitter_misc":{"Est. tempo de leitura":"1 minuto"},"schema":{"@context":"https:\/\/schema.org","@graph":[{"@type":"WebPage","@id":"https:\/\/antderground.com\/pt-br\/produto\/cubaris-murina-salmon-martinique\/","url":"https:\/\/antderground.com\/pt-br\/produto\/cubaris-murina-salmon-martinique\/","name":"Cubaris murina \"Salmon Martinique\" | comprar is\u00f3podes - ANTDERGROUND","isPartOf":{"@id":"https:\/\/antderground.com\/pt-br\/#website"},"primaryImageOfPage":{"@id":"https:\/\/antderground.com\/pt-br\/produto\/cubaris-murina-salmon-martinique\/#primaryimage"},"image":{"@id":"https:\/\/antderground.com\/pt-br\/produto\/cubaris-murina-salmon-martinique\/#primaryimage"},"thumbnailUrl":"https:\/\/antderground.com\/wp-content\/uploads\/2025\/03\/Cubaris-murina-22Salmon-Martinique22.jpg","datePublished":"2025-03-04T10:22:02+00:00","description":"\ud83d\udc1c D\u00ea um toque de cor ao seu terr\u00e1rio com o Cubaris murina \"Salmon Martinique\"! Is\u00f3pode ex\u00f3tico perfeito para bioativos. \ud83c\udf3f","breadcrumb":{"@id":"https:\/\/antderground.com\/pt-br\/produto\/cubaris-murina-salmon-martinique\/#breadcrumb"},"inLanguage":"pt-BR","potentialAction":[{"@type":"ReadAction","target":["https:\/\/antderground.com\/pt-br\/produto\/cubaris-murina-salmon-martinique\/"]}]},{"@type":"ImageObject","inLanguage":"pt-BR","@id":"https:\/\/antderground.com\/pt-br\/produto\/cubaris-murina-salmon-martinique\/#primaryimage","url":"https:\/\/antderground.com\/wp-content\/uploads\/2025\/03\/Cubaris-murina-22Salmon-Martinique22.jpg","contentUrl":"https:\/\/antderground.com\/wp-content\/uploads\/2025\/03\/Cubaris-murina-22Salmon-Martinique22.jpg","width":1400,"height":1400,"caption":"Cubaris murina Salmon Martinique"},{"@type":"BreadcrumbList","@id":"https:\/\/antderground.com\/pt-br\/produto\/cubaris-murina-salmon-martinique\/#breadcrumb","itemListElement":[{"@type":"ListItem","position":1,"name":"Portada","item":"https:\/\/antderground.com\/pt-br\/"},{"@type":"ListItem","position":2,"name":"Produtos","item":"https:\/\/antderground.com\/pt-br\/loja-de-formigueiros\/"},{"@type":"ListItem","position":3,"name":"Cubaris murina &#8220;Salmon Martinique&#8221;"}]},{"@type":"WebSite","@id":"https:\/\/antderground.com\/pt-br\/#website","url":"https:\/\/antderground.com\/pt-br\/","name":"ANTDERGROUND","description":"Tu tienda de hormigas, gran variedad de hormigueros acr\u00edlicos,madera,arena,3D y mas.. Pide tus hormigas gratis con tu pedido, somos expertos en hormigueros antifugas.","publisher":{"@id":"https:\/\/antderground.com\/pt-br\/#\/schema\/person\/0e322c505e84fe72c65e2f6d08f96b81"},"alternateName":"Antderground","potentialAction":[{"@type":"SearchAction","target":{"@type":"EntryPoint","urlTemplate":"https:\/\/antderground.com\/pt-br\/?s={search_term_string}"},"query-input":{"@type":"PropertyValueSpecification","valueRequired":true,"valueName":"search_term_string"}}],"inLanguage":"pt-BR"},{"@type":["Person","Organization"],"@id":"https:\/\/antderground.com\/pt-br\/#\/schema\/person\/0e322c505e84fe72c65e2f6d08f96b81","name":"Eric de Antderground","image":{"@type":"ImageObject","inLanguage":"pt-BR","@id":"https:\/\/secure.gravatar.com\/avatar\/c49a1b9f79216d1498cb73c1e85cd47f4465dda35f2a94c03790d491bd4423c3?s=96&d=mm&r=g","url":"https:\/\/secure.gravatar.com\/avatar\/c49a1b9f79216d1498cb73c1e85cd47f4465dda35f2a94c03790d491bd4423c3?s=96&d=mm&r=g","contentUrl":"https:\/\/secure.gravatar.com\/avatar\/c49a1b9f79216d1498cb73c1e85cd47f4465dda35f2a94c03790d491bd4423c3?s=96&d=mm&r=g","caption":"Eric de Antderground"},"logo":{"@id":"https:\/\/secure.gravatar.com\/avatar\/c49a1b9f79216d1498cb73c1e85cd47f4465dda35f2a94c03790d491bd4423c3?s=96&d=mm&r=g"},"description":"Eric es el especialista y fundador de Antderground, con una amplia trayectoria en artr\u00f3podos y enfocado en la mirmecolog\u00eda y el dise\u00f1o de hormigueros artificiales. Su enfoque combina la innovaci\u00f3n t\u00e9cnica con el respeto por la biolog\u00eda de las hormigas, is\u00f3podos y otros, desarrollando sistemas de nidos modulares 3D y acr\u00edlicos que son referentes para aficionados y profesionales en toda Europa. Su objetivo es facilitar la cr\u00eda de hormigas y otros artr\u00f3podos mediante soluciones seguras y divulgaci\u00f3n de calidad.","sameAs":["https:\/\/antderground.com\/","https:\/\/www.youtube.com\/channel\/UCio72z7TlbufkAthAJIJfPw"]}]}},"_links":{"self":[{"href":"https:\/\/antderground.com\/pt-br\/wp-json\/wp\/v2\/product\/40738","targetHints":{"allow":["GET"]}}],"collection":[{"href":"https:\/\/antderground.com\/pt-br\/wp-json\/wp\/v2\/product"}],"about":[{"href":"https:\/\/antderground.com\/pt-br\/wp-json\/wp\/v2\/types\/product"}],"version-history":[{"count":0,"href":"https:\/\/antderground.com\/pt-br\/wp-json\/wp\/v2\/product\/40738\/revisions"}],"wp:featuredmedia":[{"embeddable":true,"href":"https:\/\/antderground.com\/pt-br\/wp-json\/wp\/v2\/media\/40724"}],"wp:attachment":[{"href":"https:\/\/antderground.com\/pt-br\/wp-json\/wp\/v2\/media?parent=40738"}],"wp:term":[{"taxonomy":"product_brand","embeddable":true,"href":"https:\/\/antderground.com\/pt-br\/wp-json\/wp\/v2\/product_brand?post=40738"},{"taxonomy":"product_cat","embeddable":true,"href":"https:\/\/antderground.com\/pt-br\/wp-json\/wp\/v2\/product_cat?post=40738"},{"taxonomy":"product_tag","embeddable":true,"href":"https:\/\/antderground.com\/pt-br\/wp-json\/wp\/v2\/product_tag?post=40738"}],"curies":[{"name":"wp","href":"https:\/\/api.w.org\/{rel}","templated":true}]}}