{"id":41182,"date":"2025-03-05T14:58:30","date_gmt":"2025-03-05T13:58:30","guid":{"rendered":"https:\/\/www.antderground.com\/producto\/sansevieria-cylindrica-mikado\/"},"modified":"2025-03-05T14:58:30","modified_gmt":"2025-03-05T13:58:30","slug":"sansevieria-cylindrica-mikado","status":"publish","type":"product","link":"https:\/\/antderground.com\/pt-br\/produto\/sansevieria-cylindrica-mikado\/","title":{"rendered":"Sansevieria cylindrica (Mikado)"},"content":{"rendered":"<p class=\"\" data-start=\"35\" data-end=\"87\"><strong data-start=\"35\" data-end=\"85\">Ficha T\u00e9cnica: Sansevieria cylindrica (Mikado)<\/strong><\/p>\n<p class=\"\" data-start=\"89\" data-end=\"199\"><strong data-start=\"89\" data-end=\"104\">Nome comum:<\/strong> Sansevieria Mikado<br data-start=\"123\" data-end=\"126\" \/><strong data-start=\"126\" data-end=\"146\">Nome cient\u00edfico:<\/strong> Sansevieria cylindrica<br data-start=\"169\" data-end=\"172\" \/><strong data-start=\"172\" data-end=\"184\">Fam\u00edlia:<\/strong> Asparagaceae<\/p>\n<p class=\"\" data-start=\"201\" data-end=\"644\"><strong data-start=\"201\" data-end=\"214\">Descri\u00e7\u00e3o<\/strong><br data-start=\"214\" data-end=\"217\" \/>A <strong data-start=\"219\" data-end=\"252\">Sansevieria cylindrica Mikado<\/strong> \u00e9 uma planta de interior origin\u00e1ria da \u00c1frica. Destaca-se por suas folhas cil\u00edndricas, r\u00edgidas e eretas, que crescem em um padr\u00e3o geom\u00e9trico. Suas folhas podem atingir at\u00e9 60 cm de altura e apresentam um tom verde intenso com listras mais escuras, tornando-a uma planta decorativa ideal para qualquer ambiente. O Mikado possui um visual \u00fanico devido \u00e0 disposi\u00e7\u00e3o espiralada de suas folhas.<\/p>\n<p class=\"\" data-start=\"646\" data-end=\"656\"><strong data-start=\"646\" data-end=\"654\">Usos<\/strong><\/p>\n<ul data-start=\"657\" data-end=\"869\">\n<li class=\"\" data-start=\"657\" data-end=\"736\">\n<p class=\"\" data-start=\"659\" data-end=\"736\"><strong data-start=\"659\" data-end=\"687\">Decora\u00e7\u00e3o de interiores:<\/strong> Perfeita para espa\u00e7os modernos e minimalistas.<\/p>\n<\/li>\n<li class=\"\" data-start=\"737\" data-end=\"869\">\n<p class=\"\" data-start=\"739\" data-end=\"869\"><strong data-start=\"739\" data-end=\"761\">Purifica\u00e7\u00e3o do ar:<\/strong> Como outras Sansevierias, ajuda a purificar o ar, removendo toxinas e melhorando a qualidade do ambiente.<\/p>\n<\/li>\n<\/ul>\n<p class=\"\" data-start=\"871\" data-end=\"885\"><strong data-start=\"871\" data-end=\"883\">Cuidados<\/strong><\/p>\n<ul data-start=\"886\" data-end=\"1352\">\n<li class=\"\" data-start=\"886\" data-end=\"972\">\n<p class=\"\" data-start=\"888\" data-end=\"972\"><strong data-start=\"888\" data-end=\"896\">Luz:<\/strong> Prefere luz indireta brilhante, mas tamb\u00e9m tolera condi\u00e7\u00f5es de pouca luz.<\/p>\n<\/li>\n<li class=\"\" data-start=\"973\" data-end=\"1117\">\n<p class=\"\" data-start=\"975\" data-end=\"1117\"><strong data-start=\"975\" data-end=\"984\">Rega:<\/strong> Regar moderadamente. Evitar o excesso de \u00e1gua, pois pode causar apodrecimento das ra\u00edzes. Deixar o substrato secar entre as regas.<\/p>\n<\/li>\n<li class=\"\" data-start=\"1118\" data-end=\"1199\">\n<p class=\"\" data-start=\"1120\" data-end=\"1199\"><strong data-start=\"1120\" data-end=\"1136\">Temperatura:<\/strong> Ideal entre 18\u00b0C e 24\u00b0C. Evitar temperaturas abaixo de 10\u00b0C.<\/p>\n<\/li>\n<li class=\"\" data-start=\"1200\" data-end=\"1260\">\n<p class=\"\" data-start=\"1202\" data-end=\"1260\"><strong data-start=\"1202\" data-end=\"1214\">Umidade:<\/strong> Adapta-se bem \u00e0 umidade ambiente das casas.<\/p>\n<\/li>\n<li class=\"\" data-start=\"1261\" data-end=\"1352\">\n<p class=\"\" data-start=\"1263\" data-end=\"1352\"><strong data-start=\"1263\" data-end=\"1277\">Substrato:<\/strong> Prefere um solo bem drenado, como uma mistura para suculentas ou cactos.<\/p>\n<\/li>\n<\/ul>\n<p class=\"\" data-start=\"1354\" data-end=\"1369\"><strong data-start=\"1354\" data-end=\"1367\">Vantagens<\/strong><\/p>\n<ul data-start=\"1370\" data-end=\"1604\">\n<li class=\"\" data-start=\"1370\" data-end=\"1456\">\n<p class=\"\" data-start=\"1372\" data-end=\"1456\"><strong data-start=\"1372\" data-end=\"1392\">F\u00e1cil de cuidar:<\/strong> Muito resistente e tolerante a pouca luz e regas irregulares.<\/p>\n<\/li>\n<li class=\"\" data-start=\"1457\" data-end=\"1532\">\n<p class=\"\" data-start=\"1459\" data-end=\"1532\"><strong data-start=\"1459\" data-end=\"1475\">Longevidade:<\/strong> Com os cuidados adequados, pode viver por muitos anos.<\/p>\n<\/li>\n<li class=\"\" data-start=\"1533\" data-end=\"1604\">\n<p class=\"\" data-start=\"1535\" data-end=\"1604\"><strong data-start=\"1535\" data-end=\"1575\">Ideal para iniciantes na jardinagem:<\/strong> N\u00e3o exige muitos cuidados.<\/p>\n<\/li>\n<\/ul>\n<p class=\"\" data-start=\"1606\" data-end=\"1786\"><strong data-start=\"1606\" data-end=\"1620\">Toxicidade<\/strong><br data-start=\"1620\" data-end=\"1623\" \/>Recomenda-se mant\u00ea-la fora do alcance de crian\u00e7as e animais de estima\u00e7\u00e3o, pois sua ingest\u00e3o pode causar desconforto digestivo e representar riscos de toxicidade.<\/p>\n","protected":false},"excerpt":{"rendered":"<p class=\"\" data-start=\"1793\" data-end=\"2085\">D\u00ea um toque moderno \u00e0 sua casa com a Sansevieria Mikado! \ud83c\udf3f Resistente, f\u00e1cil de cuidar e purificadora do ar, \u00e9 ideal para decorar qualquer espa\u00e7o. Suas folhas cil\u00edndricas e elegantes combinam com todos os estilos, trazendo charme e praticidade.<\/p>\n","protected":false},"featured_media":40794,"template":"","meta":[],"product_brand":[],"product_cat":[640],"product_tag":[],"class_list":{"0":"post-41182","1":"product","2":"type-product","3":"status-publish","4":"has-post-thumbnail","6":"product_cat-plantas-naturais","8":"first","9":"outofstock","10":"shipping-taxable","11":"purchasable","12":"product-type-simple"},"yoast_head":"<!-- This site is optimized with the Yoast SEO plugin v27.4 - https:\/\/yoast.com\/product\/yoast-seo-wordpress\/ -->\n<title>Sansevieria cylindrica (Mikado) | Plantas de purifica\u00e7\u00e3o de ar - ANTDERGROUND<\/title>\n<meta name=\"description\" content=\"Transforme seu espa\u00e7o com a Sansevieria Mikado \ud83c\udf31. F\u00e1cil de cuidar, resistente e purificadora do ar. Perfeita para qualquer ambiente!\" \/>\n<meta name=\"robots\" content=\"index, follow, max-snippet:-1, max-image-preview:large, max-video-preview:-1\" \/>\n<link rel=\"canonical\" href=\"https:\/\/antderground.com\/pt-br\/produto\/sansevieria-cylindrica-mikado\/\" \/>\n<meta property=\"og:locale\" content=\"pt_BR\" \/>\n<meta property=\"og:type\" content=\"article\" \/>\n<meta property=\"og:title\" content=\"Sansevieria cylindrica (Mikado) | Plantas de purifica\u00e7\u00e3o de ar - ANTDERGROUND\" \/>\n<meta property=\"og:description\" content=\"Transforme seu espa\u00e7o com a Sansevieria Mikado \ud83c\udf31. F\u00e1cil de cuidar, resistente e purificadora do ar. Perfeita para qualquer ambiente!\" \/>\n<meta property=\"og:url\" content=\"https:\/\/antderground.com\/pt-br\/produto\/sansevieria-cylindrica-mikado\/\" \/>\n<meta property=\"og:site_name\" content=\"ANTDERGROUND\" \/>\n<meta property=\"og:image\" content=\"https:\/\/antderground.com\/wp-content\/uploads\/2025\/03\/Sansevieria-cylindrica-Mikado.jpeg\" \/>\n\t<meta property=\"og:image:width\" content=\"1600\" \/>\n\t<meta property=\"og:image:height\" content=\"1600\" \/>\n\t<meta property=\"og:image:type\" content=\"image\/jpeg\" \/>\n<meta name=\"twitter:card\" content=\"summary_large_image\" \/>\n<meta name=\"twitter:label1\" content=\"Est. tempo de leitura\" \/>\n\t<meta name=\"twitter:data1\" content=\"1 minuto\" \/>\n<script type=\"application\/ld+json\" class=\"yoast-schema-graph\">{\"@context\":\"https:\\\/\\\/schema.org\",\"@graph\":[{\"@type\":\"WebPage\",\"@id\":\"https:\\\/\\\/antderground.com\\\/pt-br\\\/produto\\\/sansevieria-cylindrica-mikado\\\/\",\"url\":\"https:\\\/\\\/antderground.com\\\/pt-br\\\/produto\\\/sansevieria-cylindrica-mikado\\\/\",\"name\":\"Sansevieria cylindrica (Mikado) | Plantas de purifica\u00e7\u00e3o de ar - ANTDERGROUND\",\"isPartOf\":{\"@id\":\"https:\\\/\\\/antderground.com\\\/pt-br\\\/#website\"},\"primaryImageOfPage\":{\"@id\":\"https:\\\/\\\/antderground.com\\\/pt-br\\\/produto\\\/sansevieria-cylindrica-mikado\\\/#primaryimage\"},\"image\":{\"@id\":\"https:\\\/\\\/antderground.com\\\/pt-br\\\/produto\\\/sansevieria-cylindrica-mikado\\\/#primaryimage\"},\"thumbnailUrl\":\"https:\\\/\\\/antderground.com\\\/wp-content\\\/uploads\\\/2025\\\/03\\\/Sansevieria-cylindrica-Mikado.jpeg\",\"datePublished\":\"2025-03-05T13:58:30+00:00\",\"description\":\"Transforme seu espa\u00e7o com a Sansevieria Mikado \ud83c\udf31. F\u00e1cil de cuidar, resistente e purificadora do ar. Perfeita para qualquer ambiente!\",\"breadcrumb\":{\"@id\":\"https:\\\/\\\/antderground.com\\\/pt-br\\\/produto\\\/sansevieria-cylindrica-mikado\\\/#breadcrumb\"},\"inLanguage\":\"pt-BR\",\"potentialAction\":[{\"@type\":\"ReadAction\",\"target\":[\"https:\\\/\\\/antderground.com\\\/pt-br\\\/produto\\\/sansevieria-cylindrica-mikado\\\/\"]}]},{\"@type\":\"ImageObject\",\"inLanguage\":\"pt-BR\",\"@id\":\"https:\\\/\\\/antderground.com\\\/pt-br\\\/produto\\\/sansevieria-cylindrica-mikado\\\/#primaryimage\",\"url\":\"https:\\\/\\\/antderground.com\\\/wp-content\\\/uploads\\\/2025\\\/03\\\/Sansevieria-cylindrica-Mikado.jpeg\",\"contentUrl\":\"https:\\\/\\\/antderground.com\\\/wp-content\\\/uploads\\\/2025\\\/03\\\/Sansevieria-cylindrica-Mikado.jpeg\",\"width\":1600,\"height\":1600,\"caption\":\"Sansevieria cylindrica (Mikado)\"},{\"@type\":\"BreadcrumbList\",\"@id\":\"https:\\\/\\\/antderground.com\\\/pt-br\\\/produto\\\/sansevieria-cylindrica-mikado\\\/#breadcrumb\",\"itemListElement\":[{\"@type\":\"ListItem\",\"position\":1,\"name\":\"Portada\",\"item\":\"https:\\\/\\\/antderground.com\\\/pt-br\\\/\"},{\"@type\":\"ListItem\",\"position\":2,\"name\":\"Produtos\",\"item\":\"https:\\\/\\\/antderground.com\\\/pt-br\\\/loja-de-formigueiros\\\/\"},{\"@type\":\"ListItem\",\"position\":3,\"name\":\"Sansevieria cylindrica (Mikado)\"}]},{\"@type\":\"WebSite\",\"@id\":\"https:\\\/\\\/antderground.com\\\/pt-br\\\/#website\",\"url\":\"https:\\\/\\\/antderground.com\\\/pt-br\\\/\",\"name\":\"ANTDERGROUND\",\"description\":\"Tu tienda de hormigas, gran variedad de hormigueros acr\u00edlicos,madera,arena,3D y mas.. Pide tus hormigas gratis con tu pedido, somos expertos en hormigueros antifugas.\",\"publisher\":{\"@id\":\"https:\\\/\\\/antderground.com\\\/pt-br\\\/#\\\/schema\\\/person\\\/0e322c505e84fe72c65e2f6d08f96b81\"},\"alternateName\":\"Antderground\",\"potentialAction\":[{\"@type\":\"SearchAction\",\"target\":{\"@type\":\"EntryPoint\",\"urlTemplate\":\"https:\\\/\\\/antderground.com\\\/pt-br\\\/?s={search_term_string}\"},\"query-input\":{\"@type\":\"PropertyValueSpecification\",\"valueRequired\":true,\"valueName\":\"search_term_string\"}}],\"inLanguage\":\"pt-BR\"},{\"@type\":[\"Person\",\"Organization\"],\"@id\":\"https:\\\/\\\/antderground.com\\\/pt-br\\\/#\\\/schema\\\/person\\\/0e322c505e84fe72c65e2f6d08f96b81\",\"name\":\"Eric de Antderground\",\"image\":{\"@type\":\"ImageObject\",\"inLanguage\":\"pt-BR\",\"@id\":\"https:\\\/\\\/secure.gravatar.com\\\/avatar\\\/c49a1b9f79216d1498cb73c1e85cd47f4465dda35f2a94c03790d491bd4423c3?s=96&d=mm&r=g\",\"url\":\"https:\\\/\\\/secure.gravatar.com\\\/avatar\\\/c49a1b9f79216d1498cb73c1e85cd47f4465dda35f2a94c03790d491bd4423c3?s=96&d=mm&r=g\",\"contentUrl\":\"https:\\\/\\\/secure.gravatar.com\\\/avatar\\\/c49a1b9f79216d1498cb73c1e85cd47f4465dda35f2a94c03790d491bd4423c3?s=96&d=mm&r=g\",\"caption\":\"Eric de Antderground\"},\"logo\":{\"@id\":\"https:\\\/\\\/secure.gravatar.com\\\/avatar\\\/c49a1b9f79216d1498cb73c1e85cd47f4465dda35f2a94c03790d491bd4423c3?s=96&d=mm&r=g\"},\"description\":\"Eric es el especialista y fundador de Antderground, con una amplia trayectoria en artr\u00f3podos y enfocado en la mirmecolog\u00eda y el dise\u00f1o de hormigueros artificiales. Su enfoque combina la innovaci\u00f3n t\u00e9cnica con el respeto por la biolog\u00eda de las hormigas, is\u00f3podos y otros, desarrollando sistemas de nidos modulares 3D y acr\u00edlicos que son referentes para aficionados y profesionales en toda Europa. Su objetivo es facilitar la cr\u00eda de hormigas y otros artr\u00f3podos mediante soluciones seguras y divulgaci\u00f3n de calidad.\",\"sameAs\":[\"https:\\\/\\\/antderground.com\\\/\",\"https:\\\/\\\/www.youtube.com\\\/channel\\\/UCio72z7TlbufkAthAJIJfPw\"]}]}<\/script>\n<!-- \/ Yoast SEO plugin. -->","yoast_head_json":{"title":"Sansevieria cylindrica (Mikado) | Plantas de purifica\u00e7\u00e3o de ar - ANTDERGROUND","description":"Transforme seu espa\u00e7o com a Sansevieria Mikado \ud83c\udf31. F\u00e1cil de cuidar, resistente e purificadora do ar. Perfeita para qualquer ambiente!","robots":{"index":"index","follow":"follow","max-snippet":"max-snippet:-1","max-image-preview":"max-image-preview:large","max-video-preview":"max-video-preview:-1"},"canonical":"https:\/\/antderground.com\/pt-br\/produto\/sansevieria-cylindrica-mikado\/","og_locale":"pt_BR","og_type":"article","og_title":"Sansevieria cylindrica (Mikado) | Plantas de purifica\u00e7\u00e3o de ar - ANTDERGROUND","og_description":"Transforme seu espa\u00e7o com a Sansevieria Mikado \ud83c\udf31. F\u00e1cil de cuidar, resistente e purificadora do ar. Perfeita para qualquer ambiente!","og_url":"https:\/\/antderground.com\/pt-br\/produto\/sansevieria-cylindrica-mikado\/","og_site_name":"ANTDERGROUND","og_image":[{"width":1600,"height":1600,"url":"https:\/\/antderground.com\/wp-content\/uploads\/2025\/03\/Sansevieria-cylindrica-Mikado.jpeg","type":"image\/jpeg"}],"twitter_card":"summary_large_image","twitter_misc":{"Est. tempo de leitura":"1 minuto"},"schema":{"@context":"https:\/\/schema.org","@graph":[{"@type":"WebPage","@id":"https:\/\/antderground.com\/pt-br\/produto\/sansevieria-cylindrica-mikado\/","url":"https:\/\/antderground.com\/pt-br\/produto\/sansevieria-cylindrica-mikado\/","name":"Sansevieria cylindrica (Mikado) | Plantas de purifica\u00e7\u00e3o de ar - ANTDERGROUND","isPartOf":{"@id":"https:\/\/antderground.com\/pt-br\/#website"},"primaryImageOfPage":{"@id":"https:\/\/antderground.com\/pt-br\/produto\/sansevieria-cylindrica-mikado\/#primaryimage"},"image":{"@id":"https:\/\/antderground.com\/pt-br\/produto\/sansevieria-cylindrica-mikado\/#primaryimage"},"thumbnailUrl":"https:\/\/antderground.com\/wp-content\/uploads\/2025\/03\/Sansevieria-cylindrica-Mikado.jpeg","datePublished":"2025-03-05T13:58:30+00:00","description":"Transforme seu espa\u00e7o com a Sansevieria Mikado \ud83c\udf31. F\u00e1cil de cuidar, resistente e purificadora do ar. Perfeita para qualquer ambiente!","breadcrumb":{"@id":"https:\/\/antderground.com\/pt-br\/produto\/sansevieria-cylindrica-mikado\/#breadcrumb"},"inLanguage":"pt-BR","potentialAction":[{"@type":"ReadAction","target":["https:\/\/antderground.com\/pt-br\/produto\/sansevieria-cylindrica-mikado\/"]}]},{"@type":"ImageObject","inLanguage":"pt-BR","@id":"https:\/\/antderground.com\/pt-br\/produto\/sansevieria-cylindrica-mikado\/#primaryimage","url":"https:\/\/antderground.com\/wp-content\/uploads\/2025\/03\/Sansevieria-cylindrica-Mikado.jpeg","contentUrl":"https:\/\/antderground.com\/wp-content\/uploads\/2025\/03\/Sansevieria-cylindrica-Mikado.jpeg","width":1600,"height":1600,"caption":"Sansevieria cylindrica (Mikado)"},{"@type":"BreadcrumbList","@id":"https:\/\/antderground.com\/pt-br\/produto\/sansevieria-cylindrica-mikado\/#breadcrumb","itemListElement":[{"@type":"ListItem","position":1,"name":"Portada","item":"https:\/\/antderground.com\/pt-br\/"},{"@type":"ListItem","position":2,"name":"Produtos","item":"https:\/\/antderground.com\/pt-br\/loja-de-formigueiros\/"},{"@type":"ListItem","position":3,"name":"Sansevieria cylindrica (Mikado)"}]},{"@type":"WebSite","@id":"https:\/\/antderground.com\/pt-br\/#website","url":"https:\/\/antderground.com\/pt-br\/","name":"ANTDERGROUND","description":"Tu tienda de hormigas, gran variedad de hormigueros acr\u00edlicos,madera,arena,3D y mas.. Pide tus hormigas gratis con tu pedido, somos expertos en hormigueros antifugas.","publisher":{"@id":"https:\/\/antderground.com\/pt-br\/#\/schema\/person\/0e322c505e84fe72c65e2f6d08f96b81"},"alternateName":"Antderground","potentialAction":[{"@type":"SearchAction","target":{"@type":"EntryPoint","urlTemplate":"https:\/\/antderground.com\/pt-br\/?s={search_term_string}"},"query-input":{"@type":"PropertyValueSpecification","valueRequired":true,"valueName":"search_term_string"}}],"inLanguage":"pt-BR"},{"@type":["Person","Organization"],"@id":"https:\/\/antderground.com\/pt-br\/#\/schema\/person\/0e322c505e84fe72c65e2f6d08f96b81","name":"Eric de Antderground","image":{"@type":"ImageObject","inLanguage":"pt-BR","@id":"https:\/\/secure.gravatar.com\/avatar\/c49a1b9f79216d1498cb73c1e85cd47f4465dda35f2a94c03790d491bd4423c3?s=96&d=mm&r=g","url":"https:\/\/secure.gravatar.com\/avatar\/c49a1b9f79216d1498cb73c1e85cd47f4465dda35f2a94c03790d491bd4423c3?s=96&d=mm&r=g","contentUrl":"https:\/\/secure.gravatar.com\/avatar\/c49a1b9f79216d1498cb73c1e85cd47f4465dda35f2a94c03790d491bd4423c3?s=96&d=mm&r=g","caption":"Eric de Antderground"},"logo":{"@id":"https:\/\/secure.gravatar.com\/avatar\/c49a1b9f79216d1498cb73c1e85cd47f4465dda35f2a94c03790d491bd4423c3?s=96&d=mm&r=g"},"description":"Eric es el especialista y fundador de Antderground, con una amplia trayectoria en artr\u00f3podos y enfocado en la mirmecolog\u00eda y el dise\u00f1o de hormigueros artificiales. Su enfoque combina la innovaci\u00f3n t\u00e9cnica con el respeto por la biolog\u00eda de las hormigas, is\u00f3podos y otros, desarrollando sistemas de nidos modulares 3D y acr\u00edlicos que son referentes para aficionados y profesionales en toda Europa. Su objetivo es facilitar la cr\u00eda de hormigas y otros artr\u00f3podos mediante soluciones seguras y divulgaci\u00f3n de calidad.","sameAs":["https:\/\/antderground.com\/","https:\/\/www.youtube.com\/channel\/UCio72z7TlbufkAthAJIJfPw"]}]}},"_links":{"self":[{"href":"https:\/\/antderground.com\/pt-br\/wp-json\/wp\/v2\/product\/41182","targetHints":{"allow":["GET"]}}],"collection":[{"href":"https:\/\/antderground.com\/pt-br\/wp-json\/wp\/v2\/product"}],"about":[{"href":"https:\/\/antderground.com\/pt-br\/wp-json\/wp\/v2\/types\/product"}],"version-history":[{"count":0,"href":"https:\/\/antderground.com\/pt-br\/wp-json\/wp\/v2\/product\/41182\/revisions"}],"wp:featuredmedia":[{"embeddable":true,"href":"https:\/\/antderground.com\/pt-br\/wp-json\/wp\/v2\/media\/40794"}],"wp:attachment":[{"href":"https:\/\/antderground.com\/pt-br\/wp-json\/wp\/v2\/media?parent=41182"}],"wp:term":[{"taxonomy":"product_brand","embeddable":true,"href":"https:\/\/antderground.com\/pt-br\/wp-json\/wp\/v2\/product_brand?post=41182"},{"taxonomy":"product_cat","embeddable":true,"href":"https:\/\/antderground.com\/pt-br\/wp-json\/wp\/v2\/product_cat?post=41182"},{"taxonomy":"product_tag","embeddable":true,"href":"https:\/\/antderground.com\/pt-br\/wp-json\/wp\/v2\/product_tag?post=41182"}],"curies":[{"name":"wp","href":"https:\/\/api.w.org\/{rel}","templated":true}]}}