{"id":41187,"date":"2025-03-03T16:10:04","date_gmt":"2025-03-03T15:10:04","guid":{"rendered":"https:\/\/www.antderground.com\/producto\/neoregelia-punctatissima-x-green\/"},"modified":"2025-03-03T16:10:04","modified_gmt":"2025-03-03T15:10:04","slug":"neoregelia-punctatissima-x-green","status":"publish","type":"product","link":"https:\/\/antderground.com\/pt-br\/produto\/neoregelia-punctatissima-x-green\/","title":{"rendered":"Neoregelia punctatissima x Green"},"content":{"rendered":"<h4 class=\"\" data-start=\"2661\" data-end=\"2719\"><strong data-start=\"2666\" data-end=\"2717\">Ficha t\u00e9cnica: Neoregelia punctatissima x Green<\/strong><\/h4>\n<p class=\"\" data-start=\"2721\" data-end=\"2902\"><strong data-start=\"2721\" data-end=\"2736\">Nome comum:<\/strong> Neoregelia punctatissima x Green<br data-start=\"2769\" data-end=\"2772\" \/><strong data-start=\"2772\" data-end=\"2792\">Nome cient\u00edfico:<\/strong> Neoregelia punctatissima x Green<br data-start=\"2825\" data-end=\"2828\" \/><strong data-start=\"2828\" data-end=\"2840\">Fam\u00edlia:<\/strong> Bromeliaceae<br data-start=\"2853\" data-end=\"2856\" \/><strong data-start=\"2856\" data-end=\"2867\">Origem:<\/strong> Am\u00e9rica Central e Am\u00e9rica do Sul<\/p>\n<h3 class=\"\" data-start=\"2904\" data-end=\"2923\"><strong data-start=\"2908\" data-end=\"2921\">Descri\u00e7\u00e3o<\/strong><\/h3>\n<p class=\"\" data-start=\"2924\" data-end=\"3267\">A <strong data-start=\"2926\" data-end=\"2962\">Neoregelia punctatissima x Green<\/strong> \u00e9 uma planta h\u00edbrida da fam\u00edlia das Bromeli\u00e1ceas, caracterizada por suas folhas longas e estreitas de um verde vibrante, pontilhadas com manchas mais escuras. Sua roseta central pode adquirir tons mais claros ou avermelhados dependendo da exposi\u00e7\u00e3o \u00e0 luz, tornando-a ideal para decora\u00e7\u00e3o de interiores.<\/p>\n<h3 class=\"\" data-start=\"3269\" data-end=\"3287\"><strong data-start=\"3273\" data-end=\"3285\">Cuidados<\/strong><\/h3>\n<ul data-start=\"3288\" data-end=\"3843\">\n<li class=\"\" data-start=\"3288\" data-end=\"3392\">\n<p class=\"\" data-start=\"3290\" data-end=\"3392\"><strong data-start=\"3290\" data-end=\"3298\">Luz:<\/strong> Prefere luz indireta intensa. Evite exposi\u00e7\u00e3o direta ao sol, pois pode danificar as folhas.<\/p>\n<\/li>\n<li class=\"\" data-start=\"3393\" data-end=\"3507\">\n<p class=\"\" data-start=\"3395\" data-end=\"3507\"><strong data-start=\"3395\" data-end=\"3404\">Rega:<\/strong> Regue moderadamente, mantendo o centro da roseta com \u00e1gua. Evite o ac\u00famulo de \u00e1gua no fundo do vaso.<\/p>\n<\/li>\n<li class=\"\" data-start=\"3508\" data-end=\"3613\">\n<p class=\"\" data-start=\"3510\" data-end=\"3613\"><strong data-start=\"3510\" data-end=\"3526\">Temperatura:<\/strong> Ideal entre 18-25\u00b0C. Tolera pequenas varia\u00e7\u00f5es, mas n\u00e3o temperaturas abaixo de 15\u00b0C.<\/p>\n<\/li>\n<li class=\"\" data-start=\"3614\" data-end=\"3716\">\n<p class=\"\" data-start=\"3616\" data-end=\"3716\"><strong data-start=\"3616\" data-end=\"3628\">Umidade:<\/strong> Gosta de alta umidade. Umidificadores ou coloca\u00e7\u00e3o em locais \u00famidos s\u00e3o recomendados.<\/p>\n<\/li>\n<li class=\"\" data-start=\"3717\" data-end=\"3843\">\n<p class=\"\" data-start=\"3719\" data-end=\"3843\"><strong data-start=\"3719\" data-end=\"3733\">Substrato:<\/strong> Use um substrato bem drenado, como uma mistura de terra para plantas e casca de pinheiro ou musgo sphagnum.<\/p>\n<\/li>\n<\/ul>\n<h3 class=\"\" data-start=\"3845\" data-end=\"3865\"><strong data-start=\"3849\" data-end=\"3863\">Propaga\u00e7\u00e3o<\/strong><\/h3>\n<p class=\"\" data-start=\"3866\" data-end=\"4009\">Multiplica-se atrav\u00e9s dos brotos que crescem ao redor da planta-m\u00e3e. Esses brotos podem ser separados e replantados para gerar novas plantas.<\/p>\n<h3 class=\"\" data-start=\"4011\" data-end=\"4025\"><strong data-start=\"4015\" data-end=\"4023\">Usos<\/strong><\/h3>\n<ul data-start=\"4026\" data-end=\"4205\">\n<li class=\"\" data-start=\"4026\" data-end=\"4130\">\n<p class=\"\" data-start=\"4028\" data-end=\"4130\"><strong data-start=\"4028\" data-end=\"4056\">Decora\u00e7\u00e3o de interiores:<\/strong> Perfeita para casa ou escrit\u00f3rio, trazendo um toque ex\u00f3tico e elegante.<\/p>\n<\/li>\n<li class=\"\" data-start=\"4131\" data-end=\"4205\">\n<p class=\"\" data-start=\"4133\" data-end=\"4205\"><strong data-start=\"4133\" data-end=\"4160\">Terr\u00e1rios e palud\u00e1rios:<\/strong> Ideal para ambientes \u00famidos e controlados.<\/p>\n<\/li>\n<\/ul>\n<h3 class=\"\" data-start=\"4207\" data-end=\"4226\"><strong data-start=\"4211\" data-end=\"4224\">Vantagens<\/strong><\/h3>\n<ul data-start=\"4227\" data-end=\"4503\">\n<li class=\"\" data-start=\"4227\" data-end=\"4318\">\n<p class=\"\" data-start=\"4229\" data-end=\"4318\"><strong data-start=\"4229\" data-end=\"4255\">Ideal para interiores:<\/strong> Adapta-se bem a pequenos espa\u00e7os e traz frescor ao ambiente.<\/p>\n<\/li>\n<li class=\"\" data-start=\"4319\" data-end=\"4407\">\n<p class=\"\" data-start=\"4321\" data-end=\"4407\"><strong data-start=\"4321\" data-end=\"4341\">F\u00e1cil de cuidar:<\/strong> Planta resistente e de baixa manuten\u00e7\u00e3o, \u00f3tima para iniciantes.<\/p>\n<\/li>\n<li class=\"\" data-start=\"4408\" data-end=\"4503\">\n<p class=\"\" data-start=\"4410\" data-end=\"4503\"><strong data-start=\"4410\" data-end=\"4435\">Visualmente atraente:<\/strong> Suas folhas coloridas e ex\u00f3ticas a tornam um destaque decorativo.<\/p>\n<\/li>\n<\/ul>\n<h3 class=\"\" data-start=\"4505\" data-end=\"4525\"><strong data-start=\"4509\" data-end=\"4523\">Toxicidade<\/strong><\/h3>\n<p class=\"\" data-start=\"4526\" data-end=\"4621\">N\u00e3o t\u00f3xica para animais de estima\u00e7\u00e3o.<\/p>\n","protected":false},"excerpt":{"rendered":"<p class=\"\" data-start=\"4668\" data-end=\"4908\">Transforme sua casa com a <strong data-start=\"4694\" data-end=\"4730\">Neoregelia punctatissima x Green<\/strong>! Esta planta ex\u00f3tica e f\u00e1cil de cuidar \u00e9 perfeita para interiores e terr\u00e1rios. Com sua elegante roseta verde, traz cor e frescor a qualquer ambiente. Adquira a sua hoje mesmo!<\/p>\n","protected":false},"featured_media":40705,"template":"","meta":[],"product_brand":[],"product_cat":[640],"product_tag":[],"class_list":{"0":"post-41187","1":"product","2":"type-product","3":"status-publish","4":"has-post-thumbnail","6":"product_cat-plantas-naturais","8":"first","9":"instock","10":"shipping-taxable","11":"purchasable","12":"product-type-simple"},"yoast_head":"<!-- This site is optimized with the Yoast SEO plugin v27.3 - https:\/\/yoast.com\/product\/yoast-seo-wordpress\/ -->\n<title>Neoregelia punctatissima x Green | Plantas de interior - ANTDERGROUND<\/title>\n<meta name=\"description\" content=\"D\u00ea um toque ex\u00f3tico ao seu lar com a Neoregelia punctatissima x Green \ud83c\udf3f. Perfeita para interiores e terr\u00e1rios, f\u00e1cil de cuidar. Compre j\u00e1!\" \/>\n<meta name=\"robots\" content=\"index, follow, max-snippet:-1, max-image-preview:large, max-video-preview:-1\" \/>\n<link rel=\"canonical\" href=\"https:\/\/antderground.com\/pt-br\/produto\/neoregelia-punctatissima-x-green\/\" \/>\n<meta property=\"og:locale\" content=\"pt_BR\" \/>\n<meta property=\"og:type\" content=\"article\" \/>\n<meta property=\"og:title\" content=\"Neoregelia punctatissima x Green | Plantas de interior - ANTDERGROUND\" \/>\n<meta property=\"og:description\" content=\"D\u00ea um toque ex\u00f3tico ao seu lar com a Neoregelia punctatissima x Green \ud83c\udf3f. Perfeita para interiores e terr\u00e1rios, f\u00e1cil de cuidar. Compre j\u00e1!\" \/>\n<meta property=\"og:url\" content=\"https:\/\/antderground.com\/pt-br\/produto\/neoregelia-punctatissima-x-green\/\" \/>\n<meta property=\"og:site_name\" content=\"ANTDERGROUND\" \/>\n<meta property=\"og:image\" content=\"https:\/\/antderground.com\/wp-content\/uploads\/2025\/03\/Neoregelia-punctatissima-x-green.jpeg\" \/>\n\t<meta property=\"og:image:width\" content=\"1600\" \/>\n\t<meta property=\"og:image:height\" content=\"1600\" \/>\n\t<meta property=\"og:image:type\" content=\"image\/jpeg\" \/>\n<meta name=\"twitter:card\" content=\"summary_large_image\" \/>\n<meta name=\"twitter:label1\" content=\"Est. tempo de leitura\" \/>\n\t<meta name=\"twitter:data1\" content=\"1 minuto\" \/>\n<script type=\"application\/ld+json\" class=\"yoast-schema-graph\">{\"@context\":\"https:\\\/\\\/schema.org\",\"@graph\":[{\"@type\":\"WebPage\",\"@id\":\"https:\\\/\\\/antderground.com\\\/pt-br\\\/produto\\\/neoregelia-punctatissima-x-green\\\/\",\"url\":\"https:\\\/\\\/antderground.com\\\/pt-br\\\/produto\\\/neoregelia-punctatissima-x-green\\\/\",\"name\":\"Neoregelia punctatissima x Green | Plantas de interior - ANTDERGROUND\",\"isPartOf\":{\"@id\":\"https:\\\/\\\/antderground.com\\\/pt-br\\\/#website\"},\"primaryImageOfPage\":{\"@id\":\"https:\\\/\\\/antderground.com\\\/pt-br\\\/produto\\\/neoregelia-punctatissima-x-green\\\/#primaryimage\"},\"image\":{\"@id\":\"https:\\\/\\\/antderground.com\\\/pt-br\\\/produto\\\/neoregelia-punctatissima-x-green\\\/#primaryimage\"},\"thumbnailUrl\":\"https:\\\/\\\/antderground.com\\\/wp-content\\\/uploads\\\/2025\\\/03\\\/Neoregelia-punctatissima-x-green.jpeg\",\"datePublished\":\"2025-03-03T15:10:04+00:00\",\"description\":\"D\u00ea um toque ex\u00f3tico ao seu lar com a Neoregelia punctatissima x Green \ud83c\udf3f. Perfeita para interiores e terr\u00e1rios, f\u00e1cil de cuidar. Compre j\u00e1!\",\"breadcrumb\":{\"@id\":\"https:\\\/\\\/antderground.com\\\/pt-br\\\/produto\\\/neoregelia-punctatissima-x-green\\\/#breadcrumb\"},\"inLanguage\":\"pt-BR\",\"potentialAction\":[{\"@type\":\"ReadAction\",\"target\":[\"https:\\\/\\\/antderground.com\\\/pt-br\\\/produto\\\/neoregelia-punctatissima-x-green\\\/\"]}]},{\"@type\":\"ImageObject\",\"inLanguage\":\"pt-BR\",\"@id\":\"https:\\\/\\\/antderground.com\\\/pt-br\\\/produto\\\/neoregelia-punctatissima-x-green\\\/#primaryimage\",\"url\":\"https:\\\/\\\/antderground.com\\\/wp-content\\\/uploads\\\/2025\\\/03\\\/Neoregelia-punctatissima-x-green.jpeg\",\"contentUrl\":\"https:\\\/\\\/antderground.com\\\/wp-content\\\/uploads\\\/2025\\\/03\\\/Neoregelia-punctatissima-x-green.jpeg\",\"width\":1600,\"height\":1600,\"caption\":\"Decora tu hogar con la Neoregelia punctatissima x Green \ud83c\udf3f. Ideal para interiores y terrarios, f\u00e1cil de cuidar y llena de color. \u00a1Cons\u00edguela ahora!\"},{\"@type\":\"BreadcrumbList\",\"@id\":\"https:\\\/\\\/antderground.com\\\/pt-br\\\/produto\\\/neoregelia-punctatissima-x-green\\\/#breadcrumb\",\"itemListElement\":[{\"@type\":\"ListItem\",\"position\":1,\"name\":\"Portada\",\"item\":\"https:\\\/\\\/antderground.com\\\/pt-br\\\/\"},{\"@type\":\"ListItem\",\"position\":2,\"name\":\"Produtos\",\"item\":\"https:\\\/\\\/antderground.com\\\/pt-br\\\/loja-de-formigueiros\\\/\"},{\"@type\":\"ListItem\",\"position\":3,\"name\":\"Neoregelia punctatissima x Green\"}]},{\"@type\":\"WebSite\",\"@id\":\"https:\\\/\\\/antderground.com\\\/pt-br\\\/#website\",\"url\":\"https:\\\/\\\/antderground.com\\\/pt-br\\\/\",\"name\":\"ANTDERGROUND\",\"description\":\"Tu tienda de hormigas, gran variedad de hormigueros acr\u00edlicos,madera,arena,3D y mas.. Pide tus hormigas gratis con tu pedido, somos expertos en hormigueros antifugas.\",\"publisher\":{\"@id\":\"https:\\\/\\\/antderground.com\\\/pt-br\\\/#\\\/schema\\\/person\\\/0e322c505e84fe72c65e2f6d08f96b81\"},\"alternateName\":\"Antderground\",\"potentialAction\":[{\"@type\":\"SearchAction\",\"target\":{\"@type\":\"EntryPoint\",\"urlTemplate\":\"https:\\\/\\\/antderground.com\\\/pt-br\\\/?s={search_term_string}\"},\"query-input\":{\"@type\":\"PropertyValueSpecification\",\"valueRequired\":true,\"valueName\":\"search_term_string\"}}],\"inLanguage\":\"pt-BR\"},{\"@type\":[\"Person\",\"Organization\"],\"@id\":\"https:\\\/\\\/antderground.com\\\/pt-br\\\/#\\\/schema\\\/person\\\/0e322c505e84fe72c65e2f6d08f96b81\",\"name\":\"Eric de Antderground\",\"image\":{\"@type\":\"ImageObject\",\"inLanguage\":\"pt-BR\",\"@id\":\"https:\\\/\\\/secure.gravatar.com\\\/avatar\\\/c49a1b9f79216d1498cb73c1e85cd47f4465dda35f2a94c03790d491bd4423c3?s=96&d=mm&r=g\",\"url\":\"https:\\\/\\\/secure.gravatar.com\\\/avatar\\\/c49a1b9f79216d1498cb73c1e85cd47f4465dda35f2a94c03790d491bd4423c3?s=96&d=mm&r=g\",\"contentUrl\":\"https:\\\/\\\/secure.gravatar.com\\\/avatar\\\/c49a1b9f79216d1498cb73c1e85cd47f4465dda35f2a94c03790d491bd4423c3?s=96&d=mm&r=g\",\"caption\":\"Eric de Antderground\"},\"logo\":{\"@id\":\"https:\\\/\\\/secure.gravatar.com\\\/avatar\\\/c49a1b9f79216d1498cb73c1e85cd47f4465dda35f2a94c03790d491bd4423c3?s=96&d=mm&r=g\"},\"description\":\"Eric es el especialista y fundador de Antderground, con una amplia trayectoria en artr\u00f3podos y enfocado en la mirmecolog\u00eda y el dise\u00f1o de hormigueros artificiales. Su enfoque combina la innovaci\u00f3n t\u00e9cnica con el respeto por la biolog\u00eda de las hormigas, is\u00f3podos y otros, desarrollando sistemas de nidos modulares 3D y acr\u00edlicos que son referentes para aficionados y profesionales en toda Europa. Su objetivo es facilitar la cr\u00eda de hormigas y otros artr\u00f3podos mediante soluciones seguras y divulgaci\u00f3n de calidad.\",\"sameAs\":[\"https:\\\/\\\/antderground.com\\\/\",\"https:\\\/\\\/www.youtube.com\\\/channel\\\/UCio72z7TlbufkAthAJIJfPw\"]}]}<\/script>\n<!-- \/ Yoast SEO plugin. -->","yoast_head_json":{"title":"Neoregelia punctatissima x Green | Plantas de interior - ANTDERGROUND","description":"D\u00ea um toque ex\u00f3tico ao seu lar com a Neoregelia punctatissima x Green \ud83c\udf3f. Perfeita para interiores e terr\u00e1rios, f\u00e1cil de cuidar. Compre j\u00e1!","robots":{"index":"index","follow":"follow","max-snippet":"max-snippet:-1","max-image-preview":"max-image-preview:large","max-video-preview":"max-video-preview:-1"},"canonical":"https:\/\/antderground.com\/pt-br\/produto\/neoregelia-punctatissima-x-green\/","og_locale":"pt_BR","og_type":"article","og_title":"Neoregelia punctatissima x Green | Plantas de interior - ANTDERGROUND","og_description":"D\u00ea um toque ex\u00f3tico ao seu lar com a Neoregelia punctatissima x Green \ud83c\udf3f. Perfeita para interiores e terr\u00e1rios, f\u00e1cil de cuidar. Compre j\u00e1!","og_url":"https:\/\/antderground.com\/pt-br\/produto\/neoregelia-punctatissima-x-green\/","og_site_name":"ANTDERGROUND","og_image":[{"width":1600,"height":1600,"url":"https:\/\/antderground.com\/wp-content\/uploads\/2025\/03\/Neoregelia-punctatissima-x-green.jpeg","type":"image\/jpeg"}],"twitter_card":"summary_large_image","twitter_misc":{"Est. tempo de leitura":"1 minuto"},"schema":{"@context":"https:\/\/schema.org","@graph":[{"@type":"WebPage","@id":"https:\/\/antderground.com\/pt-br\/produto\/neoregelia-punctatissima-x-green\/","url":"https:\/\/antderground.com\/pt-br\/produto\/neoregelia-punctatissima-x-green\/","name":"Neoregelia punctatissima x Green | Plantas de interior - ANTDERGROUND","isPartOf":{"@id":"https:\/\/antderground.com\/pt-br\/#website"},"primaryImageOfPage":{"@id":"https:\/\/antderground.com\/pt-br\/produto\/neoregelia-punctatissima-x-green\/#primaryimage"},"image":{"@id":"https:\/\/antderground.com\/pt-br\/produto\/neoregelia-punctatissima-x-green\/#primaryimage"},"thumbnailUrl":"https:\/\/antderground.com\/wp-content\/uploads\/2025\/03\/Neoregelia-punctatissima-x-green.jpeg","datePublished":"2025-03-03T15:10:04+00:00","description":"D\u00ea um toque ex\u00f3tico ao seu lar com a Neoregelia punctatissima x Green \ud83c\udf3f. Perfeita para interiores e terr\u00e1rios, f\u00e1cil de cuidar. Compre j\u00e1!","breadcrumb":{"@id":"https:\/\/antderground.com\/pt-br\/produto\/neoregelia-punctatissima-x-green\/#breadcrumb"},"inLanguage":"pt-BR","potentialAction":[{"@type":"ReadAction","target":["https:\/\/antderground.com\/pt-br\/produto\/neoregelia-punctatissima-x-green\/"]}]},{"@type":"ImageObject","inLanguage":"pt-BR","@id":"https:\/\/antderground.com\/pt-br\/produto\/neoregelia-punctatissima-x-green\/#primaryimage","url":"https:\/\/antderground.com\/wp-content\/uploads\/2025\/03\/Neoregelia-punctatissima-x-green.jpeg","contentUrl":"https:\/\/antderground.com\/wp-content\/uploads\/2025\/03\/Neoregelia-punctatissima-x-green.jpeg","width":1600,"height":1600,"caption":"Decora tu hogar con la Neoregelia punctatissima x Green \ud83c\udf3f. Ideal para interiores y terrarios, f\u00e1cil de cuidar y llena de color. \u00a1Cons\u00edguela ahora!"},{"@type":"BreadcrumbList","@id":"https:\/\/antderground.com\/pt-br\/produto\/neoregelia-punctatissima-x-green\/#breadcrumb","itemListElement":[{"@type":"ListItem","position":1,"name":"Portada","item":"https:\/\/antderground.com\/pt-br\/"},{"@type":"ListItem","position":2,"name":"Produtos","item":"https:\/\/antderground.com\/pt-br\/loja-de-formigueiros\/"},{"@type":"ListItem","position":3,"name":"Neoregelia punctatissima x Green"}]},{"@type":"WebSite","@id":"https:\/\/antderground.com\/pt-br\/#website","url":"https:\/\/antderground.com\/pt-br\/","name":"ANTDERGROUND","description":"Tu tienda de hormigas, gran variedad de hormigueros acr\u00edlicos,madera,arena,3D y mas.. Pide tus hormigas gratis con tu pedido, somos expertos en hormigueros antifugas.","publisher":{"@id":"https:\/\/antderground.com\/pt-br\/#\/schema\/person\/0e322c505e84fe72c65e2f6d08f96b81"},"alternateName":"Antderground","potentialAction":[{"@type":"SearchAction","target":{"@type":"EntryPoint","urlTemplate":"https:\/\/antderground.com\/pt-br\/?s={search_term_string}"},"query-input":{"@type":"PropertyValueSpecification","valueRequired":true,"valueName":"search_term_string"}}],"inLanguage":"pt-BR"},{"@type":["Person","Organization"],"@id":"https:\/\/antderground.com\/pt-br\/#\/schema\/person\/0e322c505e84fe72c65e2f6d08f96b81","name":"Eric de Antderground","image":{"@type":"ImageObject","inLanguage":"pt-BR","@id":"https:\/\/secure.gravatar.com\/avatar\/c49a1b9f79216d1498cb73c1e85cd47f4465dda35f2a94c03790d491bd4423c3?s=96&d=mm&r=g","url":"https:\/\/secure.gravatar.com\/avatar\/c49a1b9f79216d1498cb73c1e85cd47f4465dda35f2a94c03790d491bd4423c3?s=96&d=mm&r=g","contentUrl":"https:\/\/secure.gravatar.com\/avatar\/c49a1b9f79216d1498cb73c1e85cd47f4465dda35f2a94c03790d491bd4423c3?s=96&d=mm&r=g","caption":"Eric de Antderground"},"logo":{"@id":"https:\/\/secure.gravatar.com\/avatar\/c49a1b9f79216d1498cb73c1e85cd47f4465dda35f2a94c03790d491bd4423c3?s=96&d=mm&r=g"},"description":"Eric es el especialista y fundador de Antderground, con una amplia trayectoria en artr\u00f3podos y enfocado en la mirmecolog\u00eda y el dise\u00f1o de hormigueros artificiales. Su enfoque combina la innovaci\u00f3n t\u00e9cnica con el respeto por la biolog\u00eda de las hormigas, is\u00f3podos y otros, desarrollando sistemas de nidos modulares 3D y acr\u00edlicos que son referentes para aficionados y profesionales en toda Europa. Su objetivo es facilitar la cr\u00eda de hormigas y otros artr\u00f3podos mediante soluciones seguras y divulgaci\u00f3n de calidad.","sameAs":["https:\/\/antderground.com\/","https:\/\/www.youtube.com\/channel\/UCio72z7TlbufkAthAJIJfPw"]}]}},"_links":{"self":[{"href":"https:\/\/antderground.com\/pt-br\/wp-json\/wp\/v2\/product\/41187","targetHints":{"allow":["GET"]}}],"collection":[{"href":"https:\/\/antderground.com\/pt-br\/wp-json\/wp\/v2\/product"}],"about":[{"href":"https:\/\/antderground.com\/pt-br\/wp-json\/wp\/v2\/types\/product"}],"version-history":[{"count":0,"href":"https:\/\/antderground.com\/pt-br\/wp-json\/wp\/v2\/product\/41187\/revisions"}],"wp:featuredmedia":[{"embeddable":true,"href":"https:\/\/antderground.com\/pt-br\/wp-json\/wp\/v2\/media\/40705"}],"wp:attachment":[{"href":"https:\/\/antderground.com\/pt-br\/wp-json\/wp\/v2\/media?parent=41187"}],"wp:term":[{"taxonomy":"product_brand","embeddable":true,"href":"https:\/\/antderground.com\/pt-br\/wp-json\/wp\/v2\/product_brand?post=41187"},{"taxonomy":"product_cat","embeddable":true,"href":"https:\/\/antderground.com\/pt-br\/wp-json\/wp\/v2\/product_cat?post=41187"},{"taxonomy":"product_tag","embeddable":true,"href":"https:\/\/antderground.com\/pt-br\/wp-json\/wp\/v2\/product_tag?post=41187"}],"curies":[{"name":"wp","href":"https:\/\/api.w.org\/{rel}","templated":true}]}}