{"id":41204,"date":"2024-10-25T11:48:31","date_gmt":"2024-10-25T09:48:31","guid":{"rendered":"https:\/\/www.antderground.com\/producto\/alocasia-polly\/"},"modified":"2024-10-25T11:48:31","modified_gmt":"2024-10-25T09:48:31","slug":"alocasia-polly","status":"publish","type":"product","link":"https:\/\/antderground.com\/pt-br\/produto\/alocasia-polly\/","title":{"rendered":"Alocasia Polly"},"content":{"rendered":"<p class=\"\" data-start=\"2306\" data-end=\"2431\"><strong data-start=\"2306\" data-end=\"2321\">Nome comum:<\/strong> Alocasia Polly, Orelha de Elefante<br data-start=\"2356\" data-end=\"2359\" \/><strong data-start=\"2359\" data-end=\"2379\">Nome cient\u00edfico:<\/strong> Alocasia amazonica &#8216;Polly&#8217;<br data-start=\"2406\" data-end=\"2409\" \/><strong data-start=\"2409\" data-end=\"2421\">Fam\u00edlia:<\/strong> Araceae<\/p>\n<h4 class=\"\" data-start=\"2433\" data-end=\"2453\"><strong data-start=\"2438\" data-end=\"2451\">Descri\u00e7\u00e3o<\/strong><\/h4>\n<p class=\"\" data-start=\"2454\" data-end=\"2839\">A Alocasia Polly \u00e9 uma planta de interior popular, conhecida por suas folhas grandes em formato de cora\u00e7\u00e3o, de um verde profundo com nervuras marcantes em tom mais claro. Esta variedade \u00e9 um h\u00edbrido que combina caracter\u00edsticas da Alocasia amazonica e outras esp\u00e9cies de Alocasia. Suas folhas podem atingir at\u00e9 30 cm de comprimento, e a planta pode crescer entre 30 e 60 cm de altura.<\/p>\n<h4 class=\"\" data-start=\"2841\" data-end=\"2860\"><strong data-start=\"2846\" data-end=\"2858\">Cuidados<\/strong><\/h4>\n<ul data-start=\"2861\" data-end=\"3423\">\n<li class=\"\" data-start=\"2861\" data-end=\"2957\">\n<p class=\"\" data-start=\"2863\" data-end=\"2957\"><strong data-start=\"2863\" data-end=\"2871\">Luz:<\/strong> Prefere luz brilhante e indireta. A exposi\u00e7\u00e3o direta ao sol pode queimar as folhas.<\/p>\n<\/li>\n<li class=\"\" data-start=\"2958\" data-end=\"3079\">\n<p class=\"\" data-start=\"2960\" data-end=\"3079\"><strong data-start=\"2960\" data-end=\"2969\">Rega:<\/strong> Manter o solo levemente \u00famido, mas sem encharcar. Regar quando a camada superior do substrato estiver seca.<\/p>\n<\/li>\n<li class=\"\" data-start=\"3080\" data-end=\"3212\">\n<p class=\"\" data-start=\"3082\" data-end=\"3212\"><strong data-start=\"3082\" data-end=\"3094\">Umidade:<\/strong> Necessita de um ambiente \u00famido. Recomenda-se borrifar as folhas ou colocar o vaso sobre um prato com pedras e \u00e1gua.<\/p>\n<\/li>\n<li class=\"\" data-start=\"3213\" data-end=\"3347\">\n<p class=\"\" data-start=\"3215\" data-end=\"3347\"><strong data-start=\"3215\" data-end=\"3231\">Temperatura:<\/strong> Desenvolve-se melhor entre 18\u00b0C e 26\u00b0C. N\u00e3o tolera frio, por isso deve ser protegida contra correntes de ar frio.<\/p>\n<\/li>\n<li class=\"\" data-start=\"3348\" data-end=\"3423\">\n<p class=\"\" data-start=\"3350\" data-end=\"3423\"><strong data-start=\"3350\" data-end=\"3364\">Substrato:<\/strong> Utilizar um solo bem drenado e rico em mat\u00e9ria org\u00e2nica.<\/p>\n<\/li>\n<\/ul>\n<h4 class=\"\" data-start=\"3425\" data-end=\"3445\"><strong data-start=\"3430\" data-end=\"3443\">Vantagens<\/strong><\/h4>\n<ul data-start=\"3446\" data-end=\"3889\">\n<li class=\"\" data-start=\"3446\" data-end=\"3558\">\n<p class=\"\" data-start=\"3448\" data-end=\"3558\"><strong data-start=\"3448\" data-end=\"3463\">Decorativa:<\/strong> Perfeita para interiores, suas folhas ex\u00f3ticas trazem um toque tropical a qualquer ambiente.<\/p>\n<\/li>\n<li class=\"\" data-start=\"3559\" data-end=\"3660\">\n<p class=\"\" data-start=\"3561\" data-end=\"3660\"><strong data-start=\"3561\" data-end=\"3583\">Purifica\u00e7\u00e3o do ar:<\/strong> Contribui para melhorar a qualidade do ar, eliminando toxinas do ambiente.<\/p>\n<\/li>\n<li class=\"\" data-start=\"3661\" data-end=\"3889\">\n<p class=\"\" data-start=\"3663\" data-end=\"3889\"><strong data-start=\"3663\" data-end=\"3678\">N\u00e3o t\u00f3xica:<\/strong> Geralmente considerada segura, mas deve-se evitar o contato com animais de estima\u00e7\u00e3o e crian\u00e7as, pois sua seiva pode ser irritante. <strong data-start=\"3811\" data-end=\"3865\">Recomenda-se mant\u00ea-la fora do alcance das crian\u00e7as<\/strong> para maior seguran\u00e7a.<\/p>\n<\/li>\n<\/ul>\n<h4 class=\"\" data-start=\"3891\" data-end=\"3912\"><strong data-start=\"3896\" data-end=\"3910\">Propaga\u00e7\u00e3o<\/strong><\/h4>\n<p class=\"\" data-start=\"3913\" data-end=\"4035\">Pode ser propagada por divis\u00e3o de rizomas na primavera. Cada divis\u00e3o deve ter pelo menos uma folha e um rizoma saud\u00e1vel.<\/p>\n<h4 class=\"\" data-start=\"4037\" data-end=\"4061\"><strong data-start=\"4042\" data-end=\"4059\">Considera\u00e7\u00f5es<\/strong><\/h4>\n<ul data-start=\"4062\" data-end=\"4311\">\n<li class=\"\" data-start=\"4062\" data-end=\"4230\">\n<p class=\"\" data-start=\"4064\" data-end=\"4230\">A Alocasia Polly pode ser suscet\u00edvel a pragas como pulg\u00f5es e cochonilhas. \u00c9 importante inspecionar regularmente a planta e tratar qualquer infesta\u00e7\u00e3o imediatamente.<\/p>\n<\/li>\n<li class=\"\" data-start=\"4231\" data-end=\"4311\">\n<p class=\"\" data-start=\"4233\" data-end=\"4311\">Em climas frios, \u00e9 melhor cultiv\u00e1-la dentro de casa, pois n\u00e3o tolera geadas.<\/p>\n<\/li>\n<\/ul>\n","protected":false},"excerpt":{"rendered":"<p>A linda planta Alocasia Polly! \ud83c\udf3f Com suas deslumbrantes folhas em formato de cora\u00e7\u00e3o, ela n\u00e3o \u00e9 apenas uma joia decorativa, mas tamb\u00e9m purifica o ar da sua casa. Ideal para espa\u00e7os com luz indireta, traz um toque fresco e tropical a qualquer canto. \ud83c\udf31\u2728<\/p>\n<p><strong>Caracter\u00edsticas:<\/strong><\/p>\n<p>Pote: 12 (cm).<br \/>\nAmbiente interno (recomendado) \/ externo.<\/p>\n","protected":false},"featured_media":37553,"template":"","meta":[],"product_brand":[],"product_cat":[640],"product_tag":[],"class_list":{"0":"post-41204","1":"product","2":"type-product","3":"status-publish","4":"has-post-thumbnail","6":"product_cat-plantas-naturais","8":"first","9":"outofstock","10":"shipping-taxable","11":"purchasable","12":"product-type-simple"},"yoast_head":"<!-- This site is optimized with the Yoast SEO plugin v27.4 - https:\/\/yoast.com\/product\/yoast-seo-wordpress\/ -->\n<title>Alocasia Polly - ANTDERGROUND<\/title>\n<meta name=\"description\" content=\"Transforme sua casa com Alocasia Polly: elegante, purificadora de ar e f\u00e1cil de cuidar. Adicione um toque tropical hoje mesmo! \ud83c\udf3f\u2728\" \/>\n<meta name=\"robots\" content=\"index, follow, max-snippet:-1, max-image-preview:large, max-video-preview:-1\" \/>\n<link rel=\"canonical\" href=\"https:\/\/antderground.com\/pt-br\/produto\/alocasia-polly\/\" \/>\n<meta property=\"og:locale\" content=\"pt_BR\" \/>\n<meta property=\"og:type\" content=\"article\" \/>\n<meta property=\"og:title\" content=\"Alocasia Polly - ANTDERGROUND\" \/>\n<meta property=\"og:description\" content=\"Transforme sua casa com Alocasia Polly: elegante, purificadora de ar e f\u00e1cil de cuidar. Adicione um toque tropical hoje mesmo! \ud83c\udf3f\u2728\" \/>\n<meta property=\"og:url\" content=\"https:\/\/antderground.com\/pt-br\/produto\/alocasia-polly\/\" \/>\n<meta property=\"og:site_name\" content=\"ANTDERGROUND\" \/>\n<meta property=\"og:image\" content=\"https:\/\/antderground.com\/wp-content\/uploads\/2024\/10\/Alocasia-Polly.jpeg\" \/>\n\t<meta property=\"og:image:width\" content=\"1417\" \/>\n\t<meta property=\"og:image:height\" content=\"1417\" \/>\n\t<meta property=\"og:image:type\" content=\"image\/jpeg\" \/>\n<meta name=\"twitter:card\" content=\"summary_large_image\" \/>\n<meta name=\"twitter:label1\" content=\"Est. tempo de leitura\" \/>\n\t<meta name=\"twitter:data1\" content=\"2 minutos\" \/>\n<script type=\"application\/ld+json\" class=\"yoast-schema-graph\">{\"@context\":\"https:\\\/\\\/schema.org\",\"@graph\":[{\"@type\":\"WebPage\",\"@id\":\"https:\\\/\\\/antderground.com\\\/pt-br\\\/produto\\\/alocasia-polly\\\/\",\"url\":\"https:\\\/\\\/antderground.com\\\/pt-br\\\/produto\\\/alocasia-polly\\\/\",\"name\":\"Alocasia Polly - ANTDERGROUND\",\"isPartOf\":{\"@id\":\"https:\\\/\\\/antderground.com\\\/pt-br\\\/#website\"},\"primaryImageOfPage\":{\"@id\":\"https:\\\/\\\/antderground.com\\\/pt-br\\\/produto\\\/alocasia-polly\\\/#primaryimage\"},\"image\":{\"@id\":\"https:\\\/\\\/antderground.com\\\/pt-br\\\/produto\\\/alocasia-polly\\\/#primaryimage\"},\"thumbnailUrl\":\"https:\\\/\\\/antderground.com\\\/wp-content\\\/uploads\\\/2024\\\/10\\\/Alocasia-Polly.jpeg\",\"datePublished\":\"2024-10-25T09:48:31+00:00\",\"description\":\"Transforme sua casa com Alocasia Polly: elegante, purificadora de ar e f\u00e1cil de cuidar. Adicione um toque tropical hoje mesmo! \ud83c\udf3f\u2728\",\"breadcrumb\":{\"@id\":\"https:\\\/\\\/antderground.com\\\/pt-br\\\/produto\\\/alocasia-polly\\\/#breadcrumb\"},\"inLanguage\":\"pt-BR\",\"potentialAction\":[{\"@type\":\"ReadAction\",\"target\":[\"https:\\\/\\\/antderground.com\\\/pt-br\\\/produto\\\/alocasia-polly\\\/\"]}]},{\"@type\":\"ImageObject\",\"inLanguage\":\"pt-BR\",\"@id\":\"https:\\\/\\\/antderground.com\\\/pt-br\\\/produto\\\/alocasia-polly\\\/#primaryimage\",\"url\":\"https:\\\/\\\/antderground.com\\\/wp-content\\\/uploads\\\/2024\\\/10\\\/Alocasia-Polly.jpeg\",\"contentUrl\":\"https:\\\/\\\/antderground.com\\\/wp-content\\\/uploads\\\/2024\\\/10\\\/Alocasia-Polly.jpeg\",\"width\":1417,\"height\":1417,\"caption\":\"Alocasia Polly\"},{\"@type\":\"BreadcrumbList\",\"@id\":\"https:\\\/\\\/antderground.com\\\/pt-br\\\/produto\\\/alocasia-polly\\\/#breadcrumb\",\"itemListElement\":[{\"@type\":\"ListItem\",\"position\":1,\"name\":\"Portada\",\"item\":\"https:\\\/\\\/antderground.com\\\/pt-br\\\/\"},{\"@type\":\"ListItem\",\"position\":2,\"name\":\"Produtos\",\"item\":\"https:\\\/\\\/antderground.com\\\/pt-br\\\/loja-de-formigueiros\\\/\"},{\"@type\":\"ListItem\",\"position\":3,\"name\":\"Alocasia Polly\"}]},{\"@type\":\"WebSite\",\"@id\":\"https:\\\/\\\/antderground.com\\\/pt-br\\\/#website\",\"url\":\"https:\\\/\\\/antderground.com\\\/pt-br\\\/\",\"name\":\"ANTDERGROUND\",\"description\":\"Tu tienda de hormigas, gran variedad de hormigueros acr\u00edlicos,madera,arena,3D y mas.. Pide tus hormigas gratis con tu pedido, somos expertos en hormigueros antifugas.\",\"publisher\":{\"@id\":\"https:\\\/\\\/antderground.com\\\/pt-br\\\/#\\\/schema\\\/person\\\/0e322c505e84fe72c65e2f6d08f96b81\"},\"alternateName\":\"Antderground\",\"potentialAction\":[{\"@type\":\"SearchAction\",\"target\":{\"@type\":\"EntryPoint\",\"urlTemplate\":\"https:\\\/\\\/antderground.com\\\/pt-br\\\/?s={search_term_string}\"},\"query-input\":{\"@type\":\"PropertyValueSpecification\",\"valueRequired\":true,\"valueName\":\"search_term_string\"}}],\"inLanguage\":\"pt-BR\"},{\"@type\":[\"Person\",\"Organization\"],\"@id\":\"https:\\\/\\\/antderground.com\\\/pt-br\\\/#\\\/schema\\\/person\\\/0e322c505e84fe72c65e2f6d08f96b81\",\"name\":\"Eric de Antderground\",\"image\":{\"@type\":\"ImageObject\",\"inLanguage\":\"pt-BR\",\"@id\":\"https:\\\/\\\/secure.gravatar.com\\\/avatar\\\/c49a1b9f79216d1498cb73c1e85cd47f4465dda35f2a94c03790d491bd4423c3?s=96&d=mm&r=g\",\"url\":\"https:\\\/\\\/secure.gravatar.com\\\/avatar\\\/c49a1b9f79216d1498cb73c1e85cd47f4465dda35f2a94c03790d491bd4423c3?s=96&d=mm&r=g\",\"contentUrl\":\"https:\\\/\\\/secure.gravatar.com\\\/avatar\\\/c49a1b9f79216d1498cb73c1e85cd47f4465dda35f2a94c03790d491bd4423c3?s=96&d=mm&r=g\",\"caption\":\"Eric de Antderground\"},\"logo\":{\"@id\":\"https:\\\/\\\/secure.gravatar.com\\\/avatar\\\/c49a1b9f79216d1498cb73c1e85cd47f4465dda35f2a94c03790d491bd4423c3?s=96&d=mm&r=g\"},\"description\":\"Eric es el especialista y fundador de Antderground, con una amplia trayectoria en artr\u00f3podos y enfocado en la mirmecolog\u00eda y el dise\u00f1o de hormigueros artificiales. Su enfoque combina la innovaci\u00f3n t\u00e9cnica con el respeto por la biolog\u00eda de las hormigas, is\u00f3podos y otros, desarrollando sistemas de nidos modulares 3D y acr\u00edlicos que son referentes para aficionados y profesionales en toda Europa. Su objetivo es facilitar la cr\u00eda de hormigas y otros artr\u00f3podos mediante soluciones seguras y divulgaci\u00f3n de calidad.\",\"sameAs\":[\"https:\\\/\\\/antderground.com\\\/\",\"https:\\\/\\\/www.youtube.com\\\/channel\\\/UCio72z7TlbufkAthAJIJfPw\"]}]}<\/script>\n<!-- \/ Yoast SEO plugin. -->","yoast_head_json":{"title":"Alocasia Polly - ANTDERGROUND","description":"Transforme sua casa com Alocasia Polly: elegante, purificadora de ar e f\u00e1cil de cuidar. Adicione um toque tropical hoje mesmo! \ud83c\udf3f\u2728","robots":{"index":"index","follow":"follow","max-snippet":"max-snippet:-1","max-image-preview":"max-image-preview:large","max-video-preview":"max-video-preview:-1"},"canonical":"https:\/\/antderground.com\/pt-br\/produto\/alocasia-polly\/","og_locale":"pt_BR","og_type":"article","og_title":"Alocasia Polly - ANTDERGROUND","og_description":"Transforme sua casa com Alocasia Polly: elegante, purificadora de ar e f\u00e1cil de cuidar. Adicione um toque tropical hoje mesmo! \ud83c\udf3f\u2728","og_url":"https:\/\/antderground.com\/pt-br\/produto\/alocasia-polly\/","og_site_name":"ANTDERGROUND","og_image":[{"width":1417,"height":1417,"url":"https:\/\/antderground.com\/wp-content\/uploads\/2024\/10\/Alocasia-Polly.jpeg","type":"image\/jpeg"}],"twitter_card":"summary_large_image","twitter_misc":{"Est. tempo de leitura":"2 minutos"},"schema":{"@context":"https:\/\/schema.org","@graph":[{"@type":"WebPage","@id":"https:\/\/antderground.com\/pt-br\/produto\/alocasia-polly\/","url":"https:\/\/antderground.com\/pt-br\/produto\/alocasia-polly\/","name":"Alocasia Polly - ANTDERGROUND","isPartOf":{"@id":"https:\/\/antderground.com\/pt-br\/#website"},"primaryImageOfPage":{"@id":"https:\/\/antderground.com\/pt-br\/produto\/alocasia-polly\/#primaryimage"},"image":{"@id":"https:\/\/antderground.com\/pt-br\/produto\/alocasia-polly\/#primaryimage"},"thumbnailUrl":"https:\/\/antderground.com\/wp-content\/uploads\/2024\/10\/Alocasia-Polly.jpeg","datePublished":"2024-10-25T09:48:31+00:00","description":"Transforme sua casa com Alocasia Polly: elegante, purificadora de ar e f\u00e1cil de cuidar. Adicione um toque tropical hoje mesmo! \ud83c\udf3f\u2728","breadcrumb":{"@id":"https:\/\/antderground.com\/pt-br\/produto\/alocasia-polly\/#breadcrumb"},"inLanguage":"pt-BR","potentialAction":[{"@type":"ReadAction","target":["https:\/\/antderground.com\/pt-br\/produto\/alocasia-polly\/"]}]},{"@type":"ImageObject","inLanguage":"pt-BR","@id":"https:\/\/antderground.com\/pt-br\/produto\/alocasia-polly\/#primaryimage","url":"https:\/\/antderground.com\/wp-content\/uploads\/2024\/10\/Alocasia-Polly.jpeg","contentUrl":"https:\/\/antderground.com\/wp-content\/uploads\/2024\/10\/Alocasia-Polly.jpeg","width":1417,"height":1417,"caption":"Alocasia Polly"},{"@type":"BreadcrumbList","@id":"https:\/\/antderground.com\/pt-br\/produto\/alocasia-polly\/#breadcrumb","itemListElement":[{"@type":"ListItem","position":1,"name":"Portada","item":"https:\/\/antderground.com\/pt-br\/"},{"@type":"ListItem","position":2,"name":"Produtos","item":"https:\/\/antderground.com\/pt-br\/loja-de-formigueiros\/"},{"@type":"ListItem","position":3,"name":"Alocasia Polly"}]},{"@type":"WebSite","@id":"https:\/\/antderground.com\/pt-br\/#website","url":"https:\/\/antderground.com\/pt-br\/","name":"ANTDERGROUND","description":"Tu tienda de hormigas, gran variedad de hormigueros acr\u00edlicos,madera,arena,3D y mas.. Pide tus hormigas gratis con tu pedido, somos expertos en hormigueros antifugas.","publisher":{"@id":"https:\/\/antderground.com\/pt-br\/#\/schema\/person\/0e322c505e84fe72c65e2f6d08f96b81"},"alternateName":"Antderground","potentialAction":[{"@type":"SearchAction","target":{"@type":"EntryPoint","urlTemplate":"https:\/\/antderground.com\/pt-br\/?s={search_term_string}"},"query-input":{"@type":"PropertyValueSpecification","valueRequired":true,"valueName":"search_term_string"}}],"inLanguage":"pt-BR"},{"@type":["Person","Organization"],"@id":"https:\/\/antderground.com\/pt-br\/#\/schema\/person\/0e322c505e84fe72c65e2f6d08f96b81","name":"Eric de Antderground","image":{"@type":"ImageObject","inLanguage":"pt-BR","@id":"https:\/\/secure.gravatar.com\/avatar\/c49a1b9f79216d1498cb73c1e85cd47f4465dda35f2a94c03790d491bd4423c3?s=96&d=mm&r=g","url":"https:\/\/secure.gravatar.com\/avatar\/c49a1b9f79216d1498cb73c1e85cd47f4465dda35f2a94c03790d491bd4423c3?s=96&d=mm&r=g","contentUrl":"https:\/\/secure.gravatar.com\/avatar\/c49a1b9f79216d1498cb73c1e85cd47f4465dda35f2a94c03790d491bd4423c3?s=96&d=mm&r=g","caption":"Eric de Antderground"},"logo":{"@id":"https:\/\/secure.gravatar.com\/avatar\/c49a1b9f79216d1498cb73c1e85cd47f4465dda35f2a94c03790d491bd4423c3?s=96&d=mm&r=g"},"description":"Eric es el especialista y fundador de Antderground, con una amplia trayectoria en artr\u00f3podos y enfocado en la mirmecolog\u00eda y el dise\u00f1o de hormigueros artificiales. Su enfoque combina la innovaci\u00f3n t\u00e9cnica con el respeto por la biolog\u00eda de las hormigas, is\u00f3podos y otros, desarrollando sistemas de nidos modulares 3D y acr\u00edlicos que son referentes para aficionados y profesionales en toda Europa. Su objetivo es facilitar la cr\u00eda de hormigas y otros artr\u00f3podos mediante soluciones seguras y divulgaci\u00f3n de calidad.","sameAs":["https:\/\/antderground.com\/","https:\/\/www.youtube.com\/channel\/UCio72z7TlbufkAthAJIJfPw"]}]}},"_links":{"self":[{"href":"https:\/\/antderground.com\/pt-br\/wp-json\/wp\/v2\/product\/41204","targetHints":{"allow":["GET"]}}],"collection":[{"href":"https:\/\/antderground.com\/pt-br\/wp-json\/wp\/v2\/product"}],"about":[{"href":"https:\/\/antderground.com\/pt-br\/wp-json\/wp\/v2\/types\/product"}],"version-history":[{"count":0,"href":"https:\/\/antderground.com\/pt-br\/wp-json\/wp\/v2\/product\/41204\/revisions"}],"wp:featuredmedia":[{"embeddable":true,"href":"https:\/\/antderground.com\/pt-br\/wp-json\/wp\/v2\/media\/37553"}],"wp:attachment":[{"href":"https:\/\/antderground.com\/pt-br\/wp-json\/wp\/v2\/media?parent=41204"}],"wp:term":[{"taxonomy":"product_brand","embeddable":true,"href":"https:\/\/antderground.com\/pt-br\/wp-json\/wp\/v2\/product_brand?post=41204"},{"taxonomy":"product_cat","embeddable":true,"href":"https:\/\/antderground.com\/pt-br\/wp-json\/wp\/v2\/product_cat?post=41204"},{"taxonomy":"product_tag","embeddable":true,"href":"https:\/\/antderground.com\/pt-br\/wp-json\/wp\/v2\/product_tag?post=41204"}],"curies":[{"name":"wp","href":"https:\/\/api.w.org\/{rel}","templated":true}]}}