{"id":41426,"date":"2025-03-28T17:17:06","date_gmt":"2025-03-28T16:17:06","guid":{"rendered":"https:\/\/www.antderground.com\/producto\/porcellio-laevis-black\/"},"modified":"2026-01-22T23:15:33","modified_gmt":"2026-01-22T22:15:33","slug":"porcellio-laevis-black","status":"publish","type":"product","link":"https:\/\/antderground.com\/pt-br\/produto\/porcellio-laevis-black\/","title":{"rendered":"Porcellio laevis black"},"content":{"rendered":"<p class=\"\" data-start=\"1856\" data-end=\"2570\"><strong data-start=\"1856\" data-end=\"1870\">Nome Comum<\/strong>: Is\u00f3pode <em data-start=\"1880\" data-end=\"1898\">Porcellio laevis<\/em> Black<br data-start=\"1904\" data-end=\"1907\" \/><strong data-start=\"1907\" data-end=\"1926\">Nome Cient\u00edfico<\/strong>: <em data-start=\"1928\" data-end=\"1946\">Porcellio laevis<\/em><br data-start=\"1946\" data-end=\"1949\" \/><strong data-start=\"1949\" data-end=\"1960\">Fam\u00edlia<\/strong>: Armadillidiidae<br data-start=\"1977\" data-end=\"1980\" \/><strong data-start=\"1980\" data-end=\"1991\">Tamanho<\/strong>: 2,5 a 3,5 cm de comprimento<br data-start=\"2020\" data-end=\"2023\" \/><strong data-start=\"2023\" data-end=\"2036\">Colora\u00e7\u00e3o<\/strong>: Preto brilhante, sem marcas ou padr\u00f5es, com uma superf\u00edcie lisa e uniforme.<br data-start=\"2113\" data-end=\"2116\" \/><strong data-start=\"2116\" data-end=\"2139\">Expectativa de Vida<\/strong>: 2 a 3 anos<br data-start=\"2151\" data-end=\"2154\" \/><strong data-start=\"2154\" data-end=\"2165\">Habitat<\/strong>: Solo \u00famido, substrato de folhas e casca, ideal para terr\u00e1rios tropicais.<br data-start=\"2239\" data-end=\"2242\" \/><strong data-start=\"2242\" data-end=\"2263\">Temperatura Ideal<\/strong>: 18-22\u00b0C<br data-start=\"2272\" data-end=\"2275\" \/><strong data-start=\"2275\" data-end=\"2292\">Umidade Ideal<\/strong>: 60-80%<br data-start=\"2300\" data-end=\"2303\" \/><strong data-start=\"2303\" data-end=\"2318\">Alimenta\u00e7\u00e3o<\/strong>: On\u00edvoro, alimenta-se de mat\u00e9ria vegetal em decomposi\u00e7\u00e3o (folhas, madeira) e res\u00edduos org\u00e2nicos.<br data-start=\"2415\" data-end=\"2418\" \/><strong data-start=\"2418\" data-end=\"2432\">Reprodu\u00e7\u00e3o<\/strong>: Ovoviv\u00edparo, com um per\u00edodo de gesta\u00e7\u00e3o de 3-4 semanas. Os filhotes nascem totalmente formados e inicialmente brancos.<br data-start=\"2552\" data-end=\"2555\" \/><strong data-start=\"2555\" data-end=\"2567\">Cuidados<\/strong>:<\/p>\n<ul data-start=\"2571\" data-end=\"3045\">\n<li class=\"\" data-start=\"2571\" data-end=\"2625\">\n<p class=\"\" data-start=\"2573\" data-end=\"2625\">Manter um ambiente \u00famido, mas sem excesso de \u00e1gua.<\/p>\n<\/li>\n<li class=\"\" data-start=\"2626\" data-end=\"2701\">\n<p class=\"\" data-start=\"2628\" data-end=\"2701\">Fornecer um substrato adequado, como fibra de coco ou solo bem arejado.<\/p>\n<\/li>\n<li class=\"\" data-start=\"2702\" data-end=\"2840\">\n<p class=\"\" data-start=\"2704\" data-end=\"2840\">Oferecer uma alimenta\u00e7\u00e3o variada, incluindo folhas secas, frutas, vegetais frescos e uma fonte de c\u00e1lcio.<br data-start=\"2809\" data-end=\"2812\" \/><strong data-start=\"2812\" data-end=\"2837\">Vantagens no Terr\u00e1rio<\/strong>:<\/p>\n<\/li>\n<li class=\"\" data-start=\"2841\" data-end=\"2915\">\n<p class=\"\" data-start=\"2843\" data-end=\"2915\">Ajuda na decomposi\u00e7\u00e3o da mat\u00e9ria org\u00e2nica, mantendo o substrato limpo.<\/p>\n<\/li>\n<li class=\"\" data-start=\"2916\" data-end=\"2973\">\n<p class=\"\" data-start=\"2918\" data-end=\"2973\">Contribui para um ecossistema saud\u00e1vel e equilibrado.<\/p>\n<\/li>\n<li class=\"\" data-start=\"2974\" data-end=\"3045\">\n<p class=\"\" data-start=\"2976\" data-end=\"3045\">Esp\u00e9cie pac\u00edfica que convive bem com outros habitantes do terr\u00e1rio.<\/p>\n<\/li>\n<\/ul>\n","protected":false},"excerpt":{"rendered":"<p>O <strong><em data-start=\"3093\" data-end=\"3111\">Porcellio laevis<\/em> Black<\/strong> \u00e9 um is\u00f3pode fascinante com uma cor preta intensa, perfeito para terr\u00e1rios. Um excelente reciclador natural que mant\u00e9m o equil\u00edbrio do ecossistema. F\u00e1cil de cuidar, ideal para entusiastas de terr\u00e1rios e biodiversidade.<\/p>\n","protected":false},"featured_media":41316,"template":"","meta":[],"product_brand":[],"product_cat":[483,486,727],"product_tag":[],"class_list":{"0":"post-41426","1":"product","2":"type-product","3":"status-publish","4":"has-post-thumbnail","6":"product_cat-artropodes","7":"product_cat-isopodos","8":"product_cat-porcellio","10":"first","11":"outofstock","12":"shipping-taxable","13":"purchasable","14":"product-type-variable"},"yoast_head":"<!-- This site is optimized with the Yoast SEO plugin v27.4 - https:\/\/yoast.com\/product\/yoast-seo-wordpress\/ -->\n<title>Porcellio laevis black | Loja Isopod - ANTDERGROUND<\/title>\n<meta name=\"description\" content=\"Porcellio laevis Black, o is\u00f3pode ideal para o seu terr\u00e1rio \ud83e\udd97. Perfeito para limpar e equilibrar seu ecossistema. Descubra agora!\" \/>\n<meta name=\"robots\" content=\"index, follow, max-snippet:-1, max-image-preview:large, max-video-preview:-1\" \/>\n<link rel=\"canonical\" href=\"https:\/\/antderground.com\/pt-br\/produto\/porcellio-laevis-black\/\" \/>\n<meta property=\"og:locale\" content=\"pt_BR\" \/>\n<meta property=\"og:type\" content=\"article\" \/>\n<meta property=\"og:title\" content=\"Porcellio laevis black | Loja Isopod - ANTDERGROUND\" \/>\n<meta property=\"og:description\" content=\"Porcellio laevis Black, o is\u00f3pode ideal para o seu terr\u00e1rio \ud83e\udd97. Perfeito para limpar e equilibrar seu ecossistema. Descubra agora!\" \/>\n<meta property=\"og:url\" content=\"https:\/\/antderground.com\/pt-br\/produto\/porcellio-laevis-black\/\" \/>\n<meta property=\"og:site_name\" content=\"ANTDERGROUND\" \/>\n<meta property=\"article:modified_time\" content=\"2026-01-22T22:15:33+00:00\" \/>\n<meta property=\"og:image\" content=\"https:\/\/antderground.com\/wp-content\/uploads\/2025\/03\/Porcellio-laevis-Black.jpeg\" \/>\n\t<meta property=\"og:image:width\" content=\"1600\" \/>\n\t<meta property=\"og:image:height\" content=\"1600\" \/>\n\t<meta property=\"og:image:type\" content=\"image\/jpeg\" \/>\n<meta name=\"twitter:card\" content=\"summary_large_image\" \/>\n<meta name=\"twitter:label1\" content=\"Est. tempo de leitura\" \/>\n\t<meta name=\"twitter:data1\" content=\"1 minuto\" \/>\n<script type=\"application\/ld+json\" class=\"yoast-schema-graph\">{\"@context\":\"https:\\\/\\\/schema.org\",\"@graph\":[{\"@type\":\"WebPage\",\"@id\":\"https:\\\/\\\/antderground.com\\\/pt-br\\\/produto\\\/porcellio-laevis-black\\\/\",\"url\":\"https:\\\/\\\/antderground.com\\\/pt-br\\\/produto\\\/porcellio-laevis-black\\\/\",\"name\":\"Porcellio laevis black | Loja Isopod - ANTDERGROUND\",\"isPartOf\":{\"@id\":\"https:\\\/\\\/antderground.com\\\/pt-br\\\/#website\"},\"primaryImageOfPage\":{\"@id\":\"https:\\\/\\\/antderground.com\\\/pt-br\\\/produto\\\/porcellio-laevis-black\\\/#primaryimage\"},\"image\":{\"@id\":\"https:\\\/\\\/antderground.com\\\/pt-br\\\/produto\\\/porcellio-laevis-black\\\/#primaryimage\"},\"thumbnailUrl\":\"https:\\\/\\\/antderground.com\\\/wp-content\\\/uploads\\\/2025\\\/03\\\/Porcellio-laevis-Black.jpeg\",\"datePublished\":\"2025-03-28T16:17:06+00:00\",\"dateModified\":\"2026-01-22T22:15:33+00:00\",\"description\":\"Porcellio laevis Black, o is\u00f3pode ideal para o seu terr\u00e1rio \ud83e\udd97. Perfeito para limpar e equilibrar seu ecossistema. Descubra agora!\",\"breadcrumb\":{\"@id\":\"https:\\\/\\\/antderground.com\\\/pt-br\\\/produto\\\/porcellio-laevis-black\\\/#breadcrumb\"},\"inLanguage\":\"pt-BR\",\"potentialAction\":[{\"@type\":\"ReadAction\",\"target\":[\"https:\\\/\\\/antderground.com\\\/pt-br\\\/produto\\\/porcellio-laevis-black\\\/\"]}]},{\"@type\":\"ImageObject\",\"inLanguage\":\"pt-BR\",\"@id\":\"https:\\\/\\\/antderground.com\\\/pt-br\\\/produto\\\/porcellio-laevis-black\\\/#primaryimage\",\"url\":\"https:\\\/\\\/antderground.com\\\/wp-content\\\/uploads\\\/2025\\\/03\\\/Porcellio-laevis-Black.jpeg\",\"contentUrl\":\"https:\\\/\\\/antderground.com\\\/wp-content\\\/uploads\\\/2025\\\/03\\\/Porcellio-laevis-Black.jpeg\",\"width\":1600,\"height\":1600,\"caption\":\"Porcellio laevis Black\"},{\"@type\":\"BreadcrumbList\",\"@id\":\"https:\\\/\\\/antderground.com\\\/pt-br\\\/produto\\\/porcellio-laevis-black\\\/#breadcrumb\",\"itemListElement\":[{\"@type\":\"ListItem\",\"position\":1,\"name\":\"Portada\",\"item\":\"https:\\\/\\\/antderground.com\\\/pt-br\\\/\"},{\"@type\":\"ListItem\",\"position\":2,\"name\":\"Produtos\",\"item\":\"https:\\\/\\\/antderground.com\\\/pt-br\\\/loja-de-formigueiros\\\/\"},{\"@type\":\"ListItem\",\"position\":3,\"name\":\"Porcellio laevis black\"}]},{\"@type\":\"WebSite\",\"@id\":\"https:\\\/\\\/antderground.com\\\/pt-br\\\/#website\",\"url\":\"https:\\\/\\\/antderground.com\\\/pt-br\\\/\",\"name\":\"ANTDERGROUND\",\"description\":\"Tu tienda de hormigas, gran variedad de hormigueros acr\u00edlicos,madera,arena,3D y mas.. Pide tus hormigas gratis con tu pedido, somos expertos en hormigueros antifugas.\",\"publisher\":{\"@id\":\"https:\\\/\\\/antderground.com\\\/pt-br\\\/#\\\/schema\\\/person\\\/0e322c505e84fe72c65e2f6d08f96b81\"},\"alternateName\":\"Antderground\",\"potentialAction\":[{\"@type\":\"SearchAction\",\"target\":{\"@type\":\"EntryPoint\",\"urlTemplate\":\"https:\\\/\\\/antderground.com\\\/pt-br\\\/?s={search_term_string}\"},\"query-input\":{\"@type\":\"PropertyValueSpecification\",\"valueRequired\":true,\"valueName\":\"search_term_string\"}}],\"inLanguage\":\"pt-BR\"},{\"@type\":[\"Person\",\"Organization\"],\"@id\":\"https:\\\/\\\/antderground.com\\\/pt-br\\\/#\\\/schema\\\/person\\\/0e322c505e84fe72c65e2f6d08f96b81\",\"name\":\"Eric de Antderground\",\"image\":{\"@type\":\"ImageObject\",\"inLanguage\":\"pt-BR\",\"@id\":\"https:\\\/\\\/secure.gravatar.com\\\/avatar\\\/c49a1b9f79216d1498cb73c1e85cd47f4465dda35f2a94c03790d491bd4423c3?s=96&d=mm&r=g\",\"url\":\"https:\\\/\\\/secure.gravatar.com\\\/avatar\\\/c49a1b9f79216d1498cb73c1e85cd47f4465dda35f2a94c03790d491bd4423c3?s=96&d=mm&r=g\",\"contentUrl\":\"https:\\\/\\\/secure.gravatar.com\\\/avatar\\\/c49a1b9f79216d1498cb73c1e85cd47f4465dda35f2a94c03790d491bd4423c3?s=96&d=mm&r=g\",\"caption\":\"Eric de Antderground\"},\"logo\":{\"@id\":\"https:\\\/\\\/secure.gravatar.com\\\/avatar\\\/c49a1b9f79216d1498cb73c1e85cd47f4465dda35f2a94c03790d491bd4423c3?s=96&d=mm&r=g\"},\"description\":\"Eric es el especialista y fundador de Antderground, con una amplia trayectoria en artr\u00f3podos y enfocado en la mirmecolog\u00eda y el dise\u00f1o de hormigueros artificiales. Su enfoque combina la innovaci\u00f3n t\u00e9cnica con el respeto por la biolog\u00eda de las hormigas, is\u00f3podos y otros, desarrollando sistemas de nidos modulares 3D y acr\u00edlicos que son referentes para aficionados y profesionales en toda Europa. Su objetivo es facilitar la cr\u00eda de hormigas y otros artr\u00f3podos mediante soluciones seguras y divulgaci\u00f3n de calidad.\",\"sameAs\":[\"https:\\\/\\\/antderground.com\\\/\",\"https:\\\/\\\/www.youtube.com\\\/channel\\\/UCio72z7TlbufkAthAJIJfPw\"]}]}<\/script>\n<!-- \/ Yoast SEO plugin. -->","yoast_head_json":{"title":"Porcellio laevis black | Loja Isopod - ANTDERGROUND","description":"Porcellio laevis Black, o is\u00f3pode ideal para o seu terr\u00e1rio \ud83e\udd97. Perfeito para limpar e equilibrar seu ecossistema. Descubra agora!","robots":{"index":"index","follow":"follow","max-snippet":"max-snippet:-1","max-image-preview":"max-image-preview:large","max-video-preview":"max-video-preview:-1"},"canonical":"https:\/\/antderground.com\/pt-br\/produto\/porcellio-laevis-black\/","og_locale":"pt_BR","og_type":"article","og_title":"Porcellio laevis black | Loja Isopod - ANTDERGROUND","og_description":"Porcellio laevis Black, o is\u00f3pode ideal para o seu terr\u00e1rio \ud83e\udd97. Perfeito para limpar e equilibrar seu ecossistema. Descubra agora!","og_url":"https:\/\/antderground.com\/pt-br\/produto\/porcellio-laevis-black\/","og_site_name":"ANTDERGROUND","article_modified_time":"2026-01-22T22:15:33+00:00","og_image":[{"width":1600,"height":1600,"url":"https:\/\/antderground.com\/wp-content\/uploads\/2025\/03\/Porcellio-laevis-Black.jpeg","type":"image\/jpeg"}],"twitter_card":"summary_large_image","twitter_misc":{"Est. tempo de leitura":"1 minuto"},"schema":{"@context":"https:\/\/schema.org","@graph":[{"@type":"WebPage","@id":"https:\/\/antderground.com\/pt-br\/produto\/porcellio-laevis-black\/","url":"https:\/\/antderground.com\/pt-br\/produto\/porcellio-laevis-black\/","name":"Porcellio laevis black | Loja Isopod - ANTDERGROUND","isPartOf":{"@id":"https:\/\/antderground.com\/pt-br\/#website"},"primaryImageOfPage":{"@id":"https:\/\/antderground.com\/pt-br\/produto\/porcellio-laevis-black\/#primaryimage"},"image":{"@id":"https:\/\/antderground.com\/pt-br\/produto\/porcellio-laevis-black\/#primaryimage"},"thumbnailUrl":"https:\/\/antderground.com\/wp-content\/uploads\/2025\/03\/Porcellio-laevis-Black.jpeg","datePublished":"2025-03-28T16:17:06+00:00","dateModified":"2026-01-22T22:15:33+00:00","description":"Porcellio laevis Black, o is\u00f3pode ideal para o seu terr\u00e1rio \ud83e\udd97. Perfeito para limpar e equilibrar seu ecossistema. Descubra agora!","breadcrumb":{"@id":"https:\/\/antderground.com\/pt-br\/produto\/porcellio-laevis-black\/#breadcrumb"},"inLanguage":"pt-BR","potentialAction":[{"@type":"ReadAction","target":["https:\/\/antderground.com\/pt-br\/produto\/porcellio-laevis-black\/"]}]},{"@type":"ImageObject","inLanguage":"pt-BR","@id":"https:\/\/antderground.com\/pt-br\/produto\/porcellio-laevis-black\/#primaryimage","url":"https:\/\/antderground.com\/wp-content\/uploads\/2025\/03\/Porcellio-laevis-Black.jpeg","contentUrl":"https:\/\/antderground.com\/wp-content\/uploads\/2025\/03\/Porcellio-laevis-Black.jpeg","width":1600,"height":1600,"caption":"Porcellio laevis Black"},{"@type":"BreadcrumbList","@id":"https:\/\/antderground.com\/pt-br\/produto\/porcellio-laevis-black\/#breadcrumb","itemListElement":[{"@type":"ListItem","position":1,"name":"Portada","item":"https:\/\/antderground.com\/pt-br\/"},{"@type":"ListItem","position":2,"name":"Produtos","item":"https:\/\/antderground.com\/pt-br\/loja-de-formigueiros\/"},{"@type":"ListItem","position":3,"name":"Porcellio laevis black"}]},{"@type":"WebSite","@id":"https:\/\/antderground.com\/pt-br\/#website","url":"https:\/\/antderground.com\/pt-br\/","name":"ANTDERGROUND","description":"Tu tienda de hormigas, gran variedad de hormigueros acr\u00edlicos,madera,arena,3D y mas.. Pide tus hormigas gratis con tu pedido, somos expertos en hormigueros antifugas.","publisher":{"@id":"https:\/\/antderground.com\/pt-br\/#\/schema\/person\/0e322c505e84fe72c65e2f6d08f96b81"},"alternateName":"Antderground","potentialAction":[{"@type":"SearchAction","target":{"@type":"EntryPoint","urlTemplate":"https:\/\/antderground.com\/pt-br\/?s={search_term_string}"},"query-input":{"@type":"PropertyValueSpecification","valueRequired":true,"valueName":"search_term_string"}}],"inLanguage":"pt-BR"},{"@type":["Person","Organization"],"@id":"https:\/\/antderground.com\/pt-br\/#\/schema\/person\/0e322c505e84fe72c65e2f6d08f96b81","name":"Eric de Antderground","image":{"@type":"ImageObject","inLanguage":"pt-BR","@id":"https:\/\/secure.gravatar.com\/avatar\/c49a1b9f79216d1498cb73c1e85cd47f4465dda35f2a94c03790d491bd4423c3?s=96&d=mm&r=g","url":"https:\/\/secure.gravatar.com\/avatar\/c49a1b9f79216d1498cb73c1e85cd47f4465dda35f2a94c03790d491bd4423c3?s=96&d=mm&r=g","contentUrl":"https:\/\/secure.gravatar.com\/avatar\/c49a1b9f79216d1498cb73c1e85cd47f4465dda35f2a94c03790d491bd4423c3?s=96&d=mm&r=g","caption":"Eric de Antderground"},"logo":{"@id":"https:\/\/secure.gravatar.com\/avatar\/c49a1b9f79216d1498cb73c1e85cd47f4465dda35f2a94c03790d491bd4423c3?s=96&d=mm&r=g"},"description":"Eric es el especialista y fundador de Antderground, con una amplia trayectoria en artr\u00f3podos y enfocado en la mirmecolog\u00eda y el dise\u00f1o de hormigueros artificiales. Su enfoque combina la innovaci\u00f3n t\u00e9cnica con el respeto por la biolog\u00eda de las hormigas, is\u00f3podos y otros, desarrollando sistemas de nidos modulares 3D y acr\u00edlicos que son referentes para aficionados y profesionales en toda Europa. Su objetivo es facilitar la cr\u00eda de hormigas y otros artr\u00f3podos mediante soluciones seguras y divulgaci\u00f3n de calidad.","sameAs":["https:\/\/antderground.com\/","https:\/\/www.youtube.com\/channel\/UCio72z7TlbufkAthAJIJfPw"]}]}},"_links":{"self":[{"href":"https:\/\/antderground.com\/pt-br\/wp-json\/wp\/v2\/product\/41426","targetHints":{"allow":["GET"]}}],"collection":[{"href":"https:\/\/antderground.com\/pt-br\/wp-json\/wp\/v2\/product"}],"about":[{"href":"https:\/\/antderground.com\/pt-br\/wp-json\/wp\/v2\/types\/product"}],"version-history":[{"count":0,"href":"https:\/\/antderground.com\/pt-br\/wp-json\/wp\/v2\/product\/41426\/revisions"}],"wp:featuredmedia":[{"embeddable":true,"href":"https:\/\/antderground.com\/pt-br\/wp-json\/wp\/v2\/media\/41316"}],"wp:attachment":[{"href":"https:\/\/antderground.com\/pt-br\/wp-json\/wp\/v2\/media?parent=41426"}],"wp:term":[{"taxonomy":"product_brand","embeddable":true,"href":"https:\/\/antderground.com\/pt-br\/wp-json\/wp\/v2\/product_brand?post=41426"},{"taxonomy":"product_cat","embeddable":true,"href":"https:\/\/antderground.com\/pt-br\/wp-json\/wp\/v2\/product_cat?post=41426"},{"taxonomy":"product_tag","embeddable":true,"href":"https:\/\/antderground.com\/pt-br\/wp-json\/wp\/v2\/product_tag?post=41426"}],"curies":[{"name":"wp","href":"https:\/\/api.w.org\/{rel}","templated":true}]}}