{"id":41676,"date":"2025-04-07T16:40:55","date_gmt":"2025-04-07T14:40:55","guid":{"rendered":"https:\/\/www.antderground.com\/producto\/matucana-madisoniorum\/"},"modified":"2025-04-07T16:40:55","modified_gmt":"2025-04-07T14:40:55","slug":"matucana-madisoniorum","status":"publish","type":"product","link":"https:\/\/antderground.com\/pt-br\/produto\/matucana-madisoniorum\/","title":{"rendered":"Matucana madisoniorum"},"content":{"rendered":"<h3 class=\"\" data-start=\"2049\" data-end=\"2095\">\ud83c\udf35 Ficha t\u00e9cnica \u2013 <em data-start=\"2072\" data-end=\"2095\">Matucana madisoniorum<\/em><\/h3>\n<p class=\"\" data-start=\"2097\" data-end=\"2228\"><strong data-start=\"2097\" data-end=\"2112\">Nome comum:<\/strong> Matucana<br data-start=\"2121\" data-end=\"2124\" \/><strong data-start=\"2124\" data-end=\"2144\">Nome cient\u00edfico:<\/strong> <em data-start=\"2145\" data-end=\"2168\">Matucana madisoniorum<\/em><br data-start=\"2168\" data-end=\"2171\" \/><strong data-start=\"2171\" data-end=\"2183\">Fam\u00edlia:<\/strong> Cactaceae<br data-start=\"2193\" data-end=\"2196\" \/><strong data-start=\"2196\" data-end=\"2207\">Origem:<\/strong> Peru (regi\u00e3o andina)<\/p>\n<h3 class=\"\" data-start=\"2235\" data-end=\"2253\">\ud83e\udeb4 Descri\u00e7\u00e3o<\/h3>\n<p class=\"\" data-start=\"2254\" data-end=\"2506\">Cacto globular ou ligeiramente cil\u00edndrico, com costelas marcadas e espinhos curtos (ou at\u00e9 sem espinhos). A cor varia entre verde-claro e acinzentado, com superf\u00edcie lisa e brilhante. Produz flores tubulares grandes, vermelhas ou alaranjadas, at\u00e9 8\u202fcm.<\/p>\n<h3 class=\"\" data-start=\"2513\" data-end=\"2528\">\ud83c\udf1e Cuidados<\/h3>\n<ul data-start=\"2530\" data-end=\"2914\">\n<li class=\"\" data-start=\"2530\" data-end=\"2587\">\n<p class=\"\" data-start=\"2532\" data-end=\"2587\"><strong data-start=\"2532\" data-end=\"2540\">Luz:<\/strong> Precisa de muita luz, idealmente sol direto.<\/p>\n<\/li>\n<li class=\"\" data-start=\"2588\" data-end=\"2688\">\n<p class=\"\" data-start=\"2590\" data-end=\"2688\"><strong data-start=\"2590\" data-end=\"2599\">Rega:<\/strong> Moderada. Deixe o solo secar completamente entre regas. No inverno, regar muito pouco.<\/p>\n<\/li>\n<li class=\"\" data-start=\"2689\" data-end=\"2759\">\n<p class=\"\" data-start=\"2691\" data-end=\"2759\"><strong data-start=\"2691\" data-end=\"2707\">Temperatura:<\/strong> Gosta de calor. Suporta at\u00e9 5\u202f\u00b0C se estiver seco.<\/p>\n<\/li>\n<li class=\"\" data-start=\"2760\" data-end=\"2833\">\n<p class=\"\" data-start=\"2762\" data-end=\"2833\"><strong data-start=\"2762\" data-end=\"2776\">Substrato:<\/strong> Bem drenado, com base mineral (areia, perlita, brita).<\/p>\n<\/li>\n<li class=\"\" data-start=\"2834\" data-end=\"2914\">\n<p class=\"\" data-start=\"2836\" data-end=\"2914\"><strong data-start=\"2836\" data-end=\"2846\">Adubo:<\/strong> Uma vez por m\u00eas na primavera e ver\u00e3o, com fertilizante para cactos.<\/p>\n<\/li>\n<\/ul>\n<h3 class=\"\" data-start=\"2921\" data-end=\"2951\">\ud83d\udccf Dimens\u00f5es aproximadas<\/h3>\n<ul data-start=\"2952\" data-end=\"3008\">\n<li class=\"\" data-start=\"2952\" data-end=\"2982\">\n<p class=\"\" data-start=\"2954\" data-end=\"2982\"><strong data-start=\"2954\" data-end=\"2972\">Altura adulta:<\/strong> 5\u201315 cm<\/p>\n<\/li>\n<li class=\"\" data-start=\"2983\" data-end=\"3008\">\n<p class=\"\" data-start=\"2985\" data-end=\"3008\"><strong data-start=\"2985\" data-end=\"2998\">Di\u00e2metro:<\/strong> 5\u201310 cm<\/p>\n<\/li>\n<\/ul>\n<h3 class=\"\" data-start=\"3015\" data-end=\"3032\">\ud83c\udf38 Flora\u00e7\u00e3o<\/h3>\n<ul data-start=\"3033\" data-end=\"3193\">\n<li class=\"\" data-start=\"3033\" data-end=\"3065\">\n<p class=\"\" data-start=\"3035\" data-end=\"3065\"><strong data-start=\"3035\" data-end=\"3045\">\u00c9poca:<\/strong> Primavera e ver\u00e3o<\/p>\n<\/li>\n<li class=\"\" data-start=\"3066\" data-end=\"3107\">\n<p class=\"\" data-start=\"3068\" data-end=\"3107\"><strong data-start=\"3068\" data-end=\"3087\">Cor das flores:<\/strong> Vermelho, laranja<\/p>\n<\/li>\n<li class=\"\" data-start=\"3108\" data-end=\"3193\">\n<p class=\"\" data-start=\"3110\" data-end=\"3193\"><strong data-start=\"3110\" data-end=\"3126\">Poliniza\u00e7\u00e3o:<\/strong> Pode atrair polinizadores como abelhas e beija-flores na natureza.<\/p>\n<\/li>\n<\/ul>\n<h3 class=\"\" data-start=\"3200\" data-end=\"3220\">\u26a0\ufe0f Observa\u00e7\u00f5es<\/h3>\n<ul data-start=\"3221\" data-end=\"3379\">\n<li class=\"\" data-start=\"3221\" data-end=\"3310\">\n<p class=\"\" data-start=\"3223\" data-end=\"3310\">Muito f\u00e1cil de cuidar, bastante apreciado por colecionadores pelas suas flores vivas.<\/p>\n<\/li>\n<li class=\"\" data-start=\"3311\" data-end=\"3379\">\n<p class=\"\" data-start=\"3313\" data-end=\"3379\">Evitar o excesso de \u00e1gua para prevenir o apodrecimento das ra\u00edzes.<\/p>\n<\/li>\n<\/ul>\n","protected":false},"excerpt":{"rendered":"<p class=\"\" data-start=\"3434\" data-end=\"3620\">Cacto peruano com corpo arredondado e flores vermelhas vibrantes \ud83c\udf3a. Muito f\u00e1cil de cuidar, adora sol e detesta solo encharcado. Ideal para dar um toque ex\u00f3tico \u00e0 tua cole\u00e7\u00e3o de plantas!<\/p>\n<p>Caracter\u00edsticas:<\/p>\n<ul>\n<li><strong>Pote<\/strong>:\u00a0 5,5 cm.<\/li>\n<li><strong>Interior\/exterior<\/strong>.<\/li>\n<\/ul>\n","protected":false},"featured_media":41659,"template":"","meta":[],"product_brand":[],"product_cat":[640],"product_tag":[],"class_list":{"0":"post-41676","1":"product","2":"type-product","3":"status-publish","4":"has-post-thumbnail","6":"product_cat-plantas-naturais","8":"first","9":"instock","10":"shipping-taxable","11":"purchasable","12":"product-type-simple"},"yoast_head":"<!-- This site is optimized with the Yoast SEO plugin v27.3 - https:\/\/yoast.com\/product\/yoast-seo-wordpress\/ -->\n<title>Matucana madisoniorum | Plantas para casa - ANTDERGROUND<\/title>\n<meta name=\"description\" content=\"Matucana madisoniorum, cacto andino com flores vermelhas \ud83c\udf3a. F\u00e1cil de manter, perfeito para dar um toque ex\u00f3tico \u00e0 tua casa ou jardim!\" \/>\n<meta name=\"robots\" content=\"index, follow, max-snippet:-1, max-image-preview:large, max-video-preview:-1\" \/>\n<link rel=\"canonical\" href=\"https:\/\/antderground.com\/pt-br\/produto\/matucana-madisoniorum\/\" \/>\n<meta property=\"og:locale\" content=\"pt_BR\" \/>\n<meta property=\"og:type\" content=\"article\" \/>\n<meta property=\"og:title\" content=\"Matucana madisoniorum | Plantas para casa - ANTDERGROUND\" \/>\n<meta property=\"og:description\" content=\"Matucana madisoniorum, cacto andino com flores vermelhas \ud83c\udf3a. F\u00e1cil de manter, perfeito para dar um toque ex\u00f3tico \u00e0 tua casa ou jardim!\" \/>\n<meta property=\"og:url\" content=\"https:\/\/antderground.com\/pt-br\/produto\/matucana-madisoniorum\/\" \/>\n<meta property=\"og:site_name\" content=\"ANTDERGROUND\" \/>\n<meta property=\"og:image\" content=\"https:\/\/antderground.com\/wp-content\/uploads\/2025\/04\/matucana-madisoniorum.jpeg\" \/>\n\t<meta property=\"og:image:width\" content=\"1600\" \/>\n\t<meta property=\"og:image:height\" content=\"1600\" \/>\n\t<meta property=\"og:image:type\" content=\"image\/jpeg\" \/>\n<meta name=\"twitter:card\" content=\"summary_large_image\" \/>\n<meta name=\"twitter:label1\" content=\"Est. tempo de leitura\" \/>\n\t<meta name=\"twitter:data1\" content=\"1 minuto\" \/>\n<script type=\"application\/ld+json\" class=\"yoast-schema-graph\">{\"@context\":\"https:\\\/\\\/schema.org\",\"@graph\":[{\"@type\":\"WebPage\",\"@id\":\"https:\\\/\\\/antderground.com\\\/pt-br\\\/produto\\\/matucana-madisoniorum\\\/\",\"url\":\"https:\\\/\\\/antderground.com\\\/pt-br\\\/produto\\\/matucana-madisoniorum\\\/\",\"name\":\"Matucana madisoniorum | Plantas para casa - ANTDERGROUND\",\"isPartOf\":{\"@id\":\"https:\\\/\\\/antderground.com\\\/pt-br\\\/#website\"},\"primaryImageOfPage\":{\"@id\":\"https:\\\/\\\/antderground.com\\\/pt-br\\\/produto\\\/matucana-madisoniorum\\\/#primaryimage\"},\"image\":{\"@id\":\"https:\\\/\\\/antderground.com\\\/pt-br\\\/produto\\\/matucana-madisoniorum\\\/#primaryimage\"},\"thumbnailUrl\":\"https:\\\/\\\/antderground.com\\\/wp-content\\\/uploads\\\/2025\\\/04\\\/matucana-madisoniorum.jpeg\",\"datePublished\":\"2025-04-07T14:40:55+00:00\",\"description\":\"Matucana madisoniorum, cacto andino com flores vermelhas \ud83c\udf3a. F\u00e1cil de manter, perfeito para dar um toque ex\u00f3tico \u00e0 tua casa ou jardim!\",\"breadcrumb\":{\"@id\":\"https:\\\/\\\/antderground.com\\\/pt-br\\\/produto\\\/matucana-madisoniorum\\\/#breadcrumb\"},\"inLanguage\":\"pt-BR\",\"potentialAction\":[{\"@type\":\"ReadAction\",\"target\":[\"https:\\\/\\\/antderground.com\\\/pt-br\\\/produto\\\/matucana-madisoniorum\\\/\"]}]},{\"@type\":\"ImageObject\",\"inLanguage\":\"pt-BR\",\"@id\":\"https:\\\/\\\/antderground.com\\\/pt-br\\\/produto\\\/matucana-madisoniorum\\\/#primaryimage\",\"url\":\"https:\\\/\\\/antderground.com\\\/wp-content\\\/uploads\\\/2025\\\/04\\\/matucana-madisoniorum.jpeg\",\"contentUrl\":\"https:\\\/\\\/antderground.com\\\/wp-content\\\/uploads\\\/2025\\\/04\\\/matucana-madisoniorum.jpeg\",\"width\":1600,\"height\":1600,\"caption\":\"matucana madisoniorum\"},{\"@type\":\"BreadcrumbList\",\"@id\":\"https:\\\/\\\/antderground.com\\\/pt-br\\\/produto\\\/matucana-madisoniorum\\\/#breadcrumb\",\"itemListElement\":[{\"@type\":\"ListItem\",\"position\":1,\"name\":\"Portada\",\"item\":\"https:\\\/\\\/antderground.com\\\/pt-br\\\/\"},{\"@type\":\"ListItem\",\"position\":2,\"name\":\"Produtos\",\"item\":\"https:\\\/\\\/antderground.com\\\/pt-br\\\/loja-de-formigueiros\\\/\"},{\"@type\":\"ListItem\",\"position\":3,\"name\":\"Matucana madisoniorum\"}]},{\"@type\":\"WebSite\",\"@id\":\"https:\\\/\\\/antderground.com\\\/pt-br\\\/#website\",\"url\":\"https:\\\/\\\/antderground.com\\\/pt-br\\\/\",\"name\":\"ANTDERGROUND\",\"description\":\"Tu tienda de hormigas, gran variedad de hormigueros acr\u00edlicos,madera,arena,3D y mas.. Pide tus hormigas gratis con tu pedido, somos expertos en hormigueros antifugas.\",\"publisher\":{\"@id\":\"https:\\\/\\\/antderground.com\\\/pt-br\\\/#\\\/schema\\\/person\\\/0e322c505e84fe72c65e2f6d08f96b81\"},\"alternateName\":\"Antderground\",\"potentialAction\":[{\"@type\":\"SearchAction\",\"target\":{\"@type\":\"EntryPoint\",\"urlTemplate\":\"https:\\\/\\\/antderground.com\\\/pt-br\\\/?s={search_term_string}\"},\"query-input\":{\"@type\":\"PropertyValueSpecification\",\"valueRequired\":true,\"valueName\":\"search_term_string\"}}],\"inLanguage\":\"pt-BR\"},{\"@type\":[\"Person\",\"Organization\"],\"@id\":\"https:\\\/\\\/antderground.com\\\/pt-br\\\/#\\\/schema\\\/person\\\/0e322c505e84fe72c65e2f6d08f96b81\",\"name\":\"Eric de Antderground\",\"image\":{\"@type\":\"ImageObject\",\"inLanguage\":\"pt-BR\",\"@id\":\"https:\\\/\\\/secure.gravatar.com\\\/avatar\\\/c49a1b9f79216d1498cb73c1e85cd47f4465dda35f2a94c03790d491bd4423c3?s=96&d=mm&r=g\",\"url\":\"https:\\\/\\\/secure.gravatar.com\\\/avatar\\\/c49a1b9f79216d1498cb73c1e85cd47f4465dda35f2a94c03790d491bd4423c3?s=96&d=mm&r=g\",\"contentUrl\":\"https:\\\/\\\/secure.gravatar.com\\\/avatar\\\/c49a1b9f79216d1498cb73c1e85cd47f4465dda35f2a94c03790d491bd4423c3?s=96&d=mm&r=g\",\"caption\":\"Eric de Antderground\"},\"logo\":{\"@id\":\"https:\\\/\\\/secure.gravatar.com\\\/avatar\\\/c49a1b9f79216d1498cb73c1e85cd47f4465dda35f2a94c03790d491bd4423c3?s=96&d=mm&r=g\"},\"description\":\"Eric es el especialista y fundador de Antderground, con una amplia trayectoria en artr\u00f3podos y enfocado en la mirmecolog\u00eda y el dise\u00f1o de hormigueros artificiales. Su enfoque combina la innovaci\u00f3n t\u00e9cnica con el respeto por la biolog\u00eda de las hormigas, is\u00f3podos y otros, desarrollando sistemas de nidos modulares 3D y acr\u00edlicos que son referentes para aficionados y profesionales en toda Europa. Su objetivo es facilitar la cr\u00eda de hormigas y otros artr\u00f3podos mediante soluciones seguras y divulgaci\u00f3n de calidad.\",\"sameAs\":[\"https:\\\/\\\/antderground.com\\\/\",\"https:\\\/\\\/www.youtube.com\\\/channel\\\/UCio72z7TlbufkAthAJIJfPw\"]}]}<\/script>\n<!-- \/ Yoast SEO plugin. -->","yoast_head_json":{"title":"Matucana madisoniorum | Plantas para casa - ANTDERGROUND","description":"Matucana madisoniorum, cacto andino com flores vermelhas \ud83c\udf3a. F\u00e1cil de manter, perfeito para dar um toque ex\u00f3tico \u00e0 tua casa ou jardim!","robots":{"index":"index","follow":"follow","max-snippet":"max-snippet:-1","max-image-preview":"max-image-preview:large","max-video-preview":"max-video-preview:-1"},"canonical":"https:\/\/antderground.com\/pt-br\/produto\/matucana-madisoniorum\/","og_locale":"pt_BR","og_type":"article","og_title":"Matucana madisoniorum | Plantas para casa - ANTDERGROUND","og_description":"Matucana madisoniorum, cacto andino com flores vermelhas \ud83c\udf3a. F\u00e1cil de manter, perfeito para dar um toque ex\u00f3tico \u00e0 tua casa ou jardim!","og_url":"https:\/\/antderground.com\/pt-br\/produto\/matucana-madisoniorum\/","og_site_name":"ANTDERGROUND","og_image":[{"width":1600,"height":1600,"url":"https:\/\/antderground.com\/wp-content\/uploads\/2025\/04\/matucana-madisoniorum.jpeg","type":"image\/jpeg"}],"twitter_card":"summary_large_image","twitter_misc":{"Est. tempo de leitura":"1 minuto"},"schema":{"@context":"https:\/\/schema.org","@graph":[{"@type":"WebPage","@id":"https:\/\/antderground.com\/pt-br\/produto\/matucana-madisoniorum\/","url":"https:\/\/antderground.com\/pt-br\/produto\/matucana-madisoniorum\/","name":"Matucana madisoniorum | Plantas para casa - ANTDERGROUND","isPartOf":{"@id":"https:\/\/antderground.com\/pt-br\/#website"},"primaryImageOfPage":{"@id":"https:\/\/antderground.com\/pt-br\/produto\/matucana-madisoniorum\/#primaryimage"},"image":{"@id":"https:\/\/antderground.com\/pt-br\/produto\/matucana-madisoniorum\/#primaryimage"},"thumbnailUrl":"https:\/\/antderground.com\/wp-content\/uploads\/2025\/04\/matucana-madisoniorum.jpeg","datePublished":"2025-04-07T14:40:55+00:00","description":"Matucana madisoniorum, cacto andino com flores vermelhas \ud83c\udf3a. F\u00e1cil de manter, perfeito para dar um toque ex\u00f3tico \u00e0 tua casa ou jardim!","breadcrumb":{"@id":"https:\/\/antderground.com\/pt-br\/produto\/matucana-madisoniorum\/#breadcrumb"},"inLanguage":"pt-BR","potentialAction":[{"@type":"ReadAction","target":["https:\/\/antderground.com\/pt-br\/produto\/matucana-madisoniorum\/"]}]},{"@type":"ImageObject","inLanguage":"pt-BR","@id":"https:\/\/antderground.com\/pt-br\/produto\/matucana-madisoniorum\/#primaryimage","url":"https:\/\/antderground.com\/wp-content\/uploads\/2025\/04\/matucana-madisoniorum.jpeg","contentUrl":"https:\/\/antderground.com\/wp-content\/uploads\/2025\/04\/matucana-madisoniorum.jpeg","width":1600,"height":1600,"caption":"matucana madisoniorum"},{"@type":"BreadcrumbList","@id":"https:\/\/antderground.com\/pt-br\/produto\/matucana-madisoniorum\/#breadcrumb","itemListElement":[{"@type":"ListItem","position":1,"name":"Portada","item":"https:\/\/antderground.com\/pt-br\/"},{"@type":"ListItem","position":2,"name":"Produtos","item":"https:\/\/antderground.com\/pt-br\/loja-de-formigueiros\/"},{"@type":"ListItem","position":3,"name":"Matucana madisoniorum"}]},{"@type":"WebSite","@id":"https:\/\/antderground.com\/pt-br\/#website","url":"https:\/\/antderground.com\/pt-br\/","name":"ANTDERGROUND","description":"Tu tienda de hormigas, gran variedad de hormigueros acr\u00edlicos,madera,arena,3D y mas.. Pide tus hormigas gratis con tu pedido, somos expertos en hormigueros antifugas.","publisher":{"@id":"https:\/\/antderground.com\/pt-br\/#\/schema\/person\/0e322c505e84fe72c65e2f6d08f96b81"},"alternateName":"Antderground","potentialAction":[{"@type":"SearchAction","target":{"@type":"EntryPoint","urlTemplate":"https:\/\/antderground.com\/pt-br\/?s={search_term_string}"},"query-input":{"@type":"PropertyValueSpecification","valueRequired":true,"valueName":"search_term_string"}}],"inLanguage":"pt-BR"},{"@type":["Person","Organization"],"@id":"https:\/\/antderground.com\/pt-br\/#\/schema\/person\/0e322c505e84fe72c65e2f6d08f96b81","name":"Eric de Antderground","image":{"@type":"ImageObject","inLanguage":"pt-BR","@id":"https:\/\/secure.gravatar.com\/avatar\/c49a1b9f79216d1498cb73c1e85cd47f4465dda35f2a94c03790d491bd4423c3?s=96&d=mm&r=g","url":"https:\/\/secure.gravatar.com\/avatar\/c49a1b9f79216d1498cb73c1e85cd47f4465dda35f2a94c03790d491bd4423c3?s=96&d=mm&r=g","contentUrl":"https:\/\/secure.gravatar.com\/avatar\/c49a1b9f79216d1498cb73c1e85cd47f4465dda35f2a94c03790d491bd4423c3?s=96&d=mm&r=g","caption":"Eric de Antderground"},"logo":{"@id":"https:\/\/secure.gravatar.com\/avatar\/c49a1b9f79216d1498cb73c1e85cd47f4465dda35f2a94c03790d491bd4423c3?s=96&d=mm&r=g"},"description":"Eric es el especialista y fundador de Antderground, con una amplia trayectoria en artr\u00f3podos y enfocado en la mirmecolog\u00eda y el dise\u00f1o de hormigueros artificiales. Su enfoque combina la innovaci\u00f3n t\u00e9cnica con el respeto por la biolog\u00eda de las hormigas, is\u00f3podos y otros, desarrollando sistemas de nidos modulares 3D y acr\u00edlicos que son referentes para aficionados y profesionales en toda Europa. Su objetivo es facilitar la cr\u00eda de hormigas y otros artr\u00f3podos mediante soluciones seguras y divulgaci\u00f3n de calidad.","sameAs":["https:\/\/antderground.com\/","https:\/\/www.youtube.com\/channel\/UCio72z7TlbufkAthAJIJfPw"]}]}},"_links":{"self":[{"href":"https:\/\/antderground.com\/pt-br\/wp-json\/wp\/v2\/product\/41676","targetHints":{"allow":["GET"]}}],"collection":[{"href":"https:\/\/antderground.com\/pt-br\/wp-json\/wp\/v2\/product"}],"about":[{"href":"https:\/\/antderground.com\/pt-br\/wp-json\/wp\/v2\/types\/product"}],"version-history":[{"count":0,"href":"https:\/\/antderground.com\/pt-br\/wp-json\/wp\/v2\/product\/41676\/revisions"}],"wp:featuredmedia":[{"embeddable":true,"href":"https:\/\/antderground.com\/pt-br\/wp-json\/wp\/v2\/media\/41659"}],"wp:attachment":[{"href":"https:\/\/antderground.com\/pt-br\/wp-json\/wp\/v2\/media?parent=41676"}],"wp:term":[{"taxonomy":"product_brand","embeddable":true,"href":"https:\/\/antderground.com\/pt-br\/wp-json\/wp\/v2\/product_brand?post=41676"},{"taxonomy":"product_cat","embeddable":true,"href":"https:\/\/antderground.com\/pt-br\/wp-json\/wp\/v2\/product_cat?post=41676"},{"taxonomy":"product_tag","embeddable":true,"href":"https:\/\/antderground.com\/pt-br\/wp-json\/wp\/v2\/product_tag?post=41676"}],"curies":[{"name":"wp","href":"https:\/\/api.w.org\/{rel}","templated":true}]}}