{"id":41732,"date":"2025-04-07T10:49:56","date_gmt":"2025-04-07T08:49:56","guid":{"rendered":"https:\/\/www.antderground.com\/producto\/echeveria-purpusorum\/"},"modified":"2025-04-07T10:49:56","modified_gmt":"2025-04-07T08:49:56","slug":"echeveria-purpusorum","status":"publish","type":"product","link":"https:\/\/antderground.com\/pt-br\/produto\/echeveria-purpusorum\/","title":{"rendered":"Echeveria purpusorum"},"content":{"rendered":"<h3 class=\"\" data-start=\"1960\" data-end=\"2003\">\ud83c\udf3f Ficha t\u00e9cnica \u2013 Echeveria purpusorum<\/h3>\n<p class=\"\" data-start=\"2005\" data-end=\"2158\"><strong data-start=\"2005\" data-end=\"2020\">Nome comum:<\/strong> Echeveria<br data-start=\"2030\" data-end=\"2033\" \/><strong data-start=\"2033\" data-end=\"2053\">Nome cient\u00edfico:<\/strong> <em data-start=\"2054\" data-end=\"2076\">Echeveria purpusorum<\/em><br data-start=\"2076\" data-end=\"2079\" \/><strong data-start=\"2079\" data-end=\"2091\">Fam\u00edlia:<\/strong> Crassulaceae<br data-start=\"2104\" data-end=\"2107\" \/><strong data-start=\"2107\" data-end=\"2118\">Origem:<\/strong> M\u00e9xico (principalmente Oaxaca e Puebla)<\/p>\n<h3 class=\"\" data-start=\"2165\" data-end=\"2179\">\ud83d\udccf Tamanho<\/h3>\n<ul data-start=\"2180\" data-end=\"2258\">\n<li class=\"\" data-start=\"2180\" data-end=\"2205\">\n<p class=\"\" data-start=\"2182\" data-end=\"2205\"><strong data-start=\"2182\" data-end=\"2193\">Altura:<\/strong> At\u00e9 15 cm<\/p>\n<\/li>\n<li class=\"\" data-start=\"2206\" data-end=\"2233\">\n<p class=\"\" data-start=\"2208\" data-end=\"2233\"><strong data-start=\"2208\" data-end=\"2221\">Di\u00e2metro:<\/strong> At\u00e9 15 cm<\/p>\n<\/li>\n<li class=\"\" data-start=\"2234\" data-end=\"2258\">\n<p class=\"\" data-start=\"2236\" data-end=\"2258\"><strong data-start=\"2236\" data-end=\"2252\">Crescimento:<\/strong> Lento<\/p>\n<\/li>\n<\/ul>\n<h3 class=\"\" data-start=\"2265\" data-end=\"2275\">\ud83c\udf1e Luz<\/h3>\n<ul data-start=\"2276\" data-end=\"2413\">\n<li class=\"\" data-start=\"2276\" data-end=\"2318\">\n<p class=\"\" data-start=\"2278\" data-end=\"2318\">Precisa de <strong data-start=\"2289\" data-end=\"2315\">luz intensa e indireta<\/strong>.<\/p>\n<\/li>\n<li class=\"\" data-start=\"2319\" data-end=\"2413\">\n<p class=\"\" data-start=\"2321\" data-end=\"2413\">Pode pegar sol direto pela manh\u00e3, mas evite o sol forte do meio-dia se n\u00e3o estiver adaptada.<\/p>\n<\/li>\n<\/ul>\n<h3 class=\"\" data-start=\"2420\" data-end=\"2439\">\ud83c\udf21\ufe0f Temperatura<\/h3>\n<ul data-start=\"2440\" data-end=\"2527\">\n<li class=\"\" data-start=\"2440\" data-end=\"2471\">\n<p class=\"\" data-start=\"2442\" data-end=\"2471\">Ideal entre <strong data-start=\"2454\" data-end=\"2469\">15\u00b0C e 27\u00b0C<\/strong><\/p>\n<\/li>\n<li class=\"\" data-start=\"2472\" data-end=\"2507\">\n<p class=\"\" data-start=\"2474\" data-end=\"2507\">N\u00e3o tolera geadas (m\u00ednimo 5\u00b0C).<\/p>\n<\/li>\n<li class=\"\" data-start=\"2508\" data-end=\"2527\">\n<p class=\"\" data-start=\"2510\" data-end=\"2527\">Proteger do frio.<\/p>\n<\/li>\n<\/ul>\n<h3 class=\"\" data-start=\"2534\" data-end=\"2545\">\ud83d\udca7 Rega<\/h3>\n<ul data-start=\"2546\" data-end=\"2683\">\n<li class=\"\" data-start=\"2546\" data-end=\"2612\">\n<p class=\"\" data-start=\"2548\" data-end=\"2612\"><strong data-start=\"2548\" data-end=\"2560\">Moderada<\/strong>: deixar o substrato secar totalmente entre regas.<\/p>\n<\/li>\n<li class=\"\" data-start=\"2613\" data-end=\"2656\">\n<p class=\"\" data-start=\"2615\" data-end=\"2656\">No inverno, regar com menos frequ\u00eancia.<\/p>\n<\/li>\n<li class=\"\" data-start=\"2657\" data-end=\"2683\">\n<p class=\"\" data-start=\"2659\" data-end=\"2683\">Evite o excesso de \u00e1gua.<\/p>\n<\/li>\n<\/ul>\n<h3 class=\"\" data-start=\"2690\" data-end=\"2706\">\ud83e\udeb4 Substrato<\/h3>\n<ul data-start=\"2707\" data-end=\"2839\">\n<li class=\"\" data-start=\"2707\" data-end=\"2768\">\n<p class=\"\" data-start=\"2709\" data-end=\"2768\">Bem drenado, tipo <strong data-start=\"2727\" data-end=\"2765\">substrato para cactos e suculentas<\/strong>.<\/p>\n<\/li>\n<li class=\"\" data-start=\"2769\" data-end=\"2839\">\n<p class=\"\" data-start=\"2771\" data-end=\"2839\">Mistura ideal: terra comum + perlita\/pedra vulc\u00e2nica + areia grossa.<\/p>\n<\/li>\n<\/ul>\n<h3 class=\"\" data-start=\"2846\" data-end=\"2863\">\ud83c\udf31 Reprodu\u00e7\u00e3o<\/h3>\n<ul data-start=\"2864\" data-end=\"2990\">\n<li class=\"\" data-start=\"2864\" data-end=\"2935\">\n<p class=\"\" data-start=\"2866\" data-end=\"2935\">Por <strong data-start=\"2870\" data-end=\"2889\">brotos laterais<\/strong>, mas tamb\u00e9m por <strong data-start=\"2906\" data-end=\"2916\">folhas<\/strong> ou <strong data-start=\"2920\" data-end=\"2932\">sementes<\/strong>.<\/p>\n<\/li>\n<li class=\"\" data-start=\"2936\" data-end=\"2990\">\n<p class=\"\" data-start=\"2938\" data-end=\"2990\">Separar os brotos quando j\u00e1 tiverem ra\u00edzes pr\u00f3prias.<\/p>\n<\/li>\n<\/ul>\n<h3 class=\"\" data-start=\"2997\" data-end=\"3014\">\ud83d\udc3e N\u00e3o t\u00f3xica<\/h3>\n<ul data-start=\"3015\" data-end=\"3087\">\n<li class=\"\" data-start=\"3015\" data-end=\"3087\">\n<p class=\"\" data-start=\"3017\" data-end=\"3087\"><strong data-start=\"3017\" data-end=\"3033\">N\u00e3o \u00e9 t\u00f3xica<\/strong> para animais de estima\u00e7\u00e3o, mas n\u00e3o deve ser ingerida.<\/p>\n<\/li>\n<\/ul>\n<h3 class=\"\" data-start=\"3094\" data-end=\"3106\">\ud83d\udee0\ufe0f Usos<\/h3>\n<ul data-start=\"3107\" data-end=\"3237\">\n<li class=\"\" data-start=\"3107\" data-end=\"3175\">\n<p class=\"\" data-start=\"3109\" data-end=\"3175\">Ideal para vasos decorativos, jardins secos e terr\u00e1rios abertos.<\/p>\n<\/li>\n<li class=\"\" data-start=\"3176\" data-end=\"3237\">\n<p class=\"\" data-start=\"3178\" data-end=\"3237\">Muito valorizada pelas folhas carnudas com cores marcantes.<\/p>\n<\/li>\n<\/ul>\n","protected":false},"excerpt":{"rendered":"<p class=\"\" data-start=\"3278\" data-end=\"3465\">Echeveria purpusorum \u00e9 uma suculenta compacta com folhas verdes e avermelhadas com padr\u00f5es \u00fanicos \ud83c\udf35 F\u00e1cil de cuidar, perfeita para decorar e \u00f3tima para iniciantes ou quem ama suculentas.<\/p>\n<p>Caracter\u00edsticas:<\/p>\n<ul>\n<li><strong>Pote<\/strong>:\u00a0 5,5 cm.<\/li>\n<li><strong>Interior\/exterior<\/strong>.<\/li>\n<\/ul>\n","protected":false},"featured_media":41598,"template":"","meta":[],"product_brand":[],"product_cat":[640],"product_tag":[],"class_list":{"0":"post-41732","1":"product","2":"type-product","3":"status-publish","4":"has-post-thumbnail","6":"product_cat-plantas-naturais","8":"first","9":"outofstock","10":"shipping-taxable","11":"purchasable","12":"product-type-simple"},"yoast_head":"<!-- This site is optimized with the Yoast SEO plugin v27.3 - https:\/\/yoast.com\/product\/yoast-seo-wordpress\/ -->\n<title>Echeveria purpusorum |Plantas de f\u00e1cil cuidado - ANTDERGROUND<\/title>\n<meta name=\"description\" content=\"Echeveria purpusorum \ud83c\udf35 suculenta compacta com folhas verdes e vermelhas. F\u00e1cil de cuidar e perfeita para qualquer ambiente.\" \/>\n<meta name=\"robots\" content=\"index, follow, max-snippet:-1, max-image-preview:large, max-video-preview:-1\" \/>\n<link rel=\"canonical\" href=\"https:\/\/antderground.com\/pt-br\/produto\/echeveria-purpusorum\/\" \/>\n<meta property=\"og:locale\" content=\"pt_BR\" \/>\n<meta property=\"og:type\" content=\"article\" \/>\n<meta property=\"og:title\" content=\"Echeveria purpusorum |Plantas de f\u00e1cil cuidado - ANTDERGROUND\" \/>\n<meta property=\"og:description\" content=\"Echeveria purpusorum \ud83c\udf35 suculenta compacta com folhas verdes e vermelhas. F\u00e1cil de cuidar e perfeita para qualquer ambiente.\" \/>\n<meta property=\"og:url\" content=\"https:\/\/antderground.com\/pt-br\/produto\/echeveria-purpusorum\/\" \/>\n<meta property=\"og:site_name\" content=\"ANTDERGROUND\" \/>\n<meta property=\"og:image\" content=\"https:\/\/antderground.com\/wp-content\/uploads\/2025\/04\/Echeveria-purpusorum.jpeg\" \/>\n\t<meta property=\"og:image:width\" content=\"1600\" \/>\n\t<meta property=\"og:image:height\" content=\"1600\" \/>\n\t<meta property=\"og:image:type\" content=\"image\/jpeg\" \/>\n<meta name=\"twitter:card\" content=\"summary_large_image\" \/>\n<meta name=\"twitter:label1\" content=\"Est. tempo de leitura\" \/>\n\t<meta name=\"twitter:data1\" content=\"1 minuto\" \/>\n<script type=\"application\/ld+json\" class=\"yoast-schema-graph\">{\"@context\":\"https:\\\/\\\/schema.org\",\"@graph\":[{\"@type\":\"WebPage\",\"@id\":\"https:\\\/\\\/antderground.com\\\/pt-br\\\/produto\\\/echeveria-purpusorum\\\/\",\"url\":\"https:\\\/\\\/antderground.com\\\/pt-br\\\/produto\\\/echeveria-purpusorum\\\/\",\"name\":\"Echeveria purpusorum |Plantas de f\u00e1cil cuidado - ANTDERGROUND\",\"isPartOf\":{\"@id\":\"https:\\\/\\\/antderground.com\\\/pt-br\\\/#website\"},\"primaryImageOfPage\":{\"@id\":\"https:\\\/\\\/antderground.com\\\/pt-br\\\/produto\\\/echeveria-purpusorum\\\/#primaryimage\"},\"image\":{\"@id\":\"https:\\\/\\\/antderground.com\\\/pt-br\\\/produto\\\/echeveria-purpusorum\\\/#primaryimage\"},\"thumbnailUrl\":\"https:\\\/\\\/antderground.com\\\/wp-content\\\/uploads\\\/2025\\\/04\\\/Echeveria-purpusorum.jpeg\",\"datePublished\":\"2025-04-07T08:49:56+00:00\",\"description\":\"Echeveria purpusorum \ud83c\udf35 suculenta compacta com folhas verdes e vermelhas. F\u00e1cil de cuidar e perfeita para qualquer ambiente.\",\"breadcrumb\":{\"@id\":\"https:\\\/\\\/antderground.com\\\/pt-br\\\/produto\\\/echeveria-purpusorum\\\/#breadcrumb\"},\"inLanguage\":\"pt-BR\",\"potentialAction\":[{\"@type\":\"ReadAction\",\"target\":[\"https:\\\/\\\/antderground.com\\\/pt-br\\\/produto\\\/echeveria-purpusorum\\\/\"]}]},{\"@type\":\"ImageObject\",\"inLanguage\":\"pt-BR\",\"@id\":\"https:\\\/\\\/antderground.com\\\/pt-br\\\/produto\\\/echeveria-purpusorum\\\/#primaryimage\",\"url\":\"https:\\\/\\\/antderground.com\\\/wp-content\\\/uploads\\\/2025\\\/04\\\/Echeveria-purpusorum.jpeg\",\"contentUrl\":\"https:\\\/\\\/antderground.com\\\/wp-content\\\/uploads\\\/2025\\\/04\\\/Echeveria-purpusorum.jpeg\",\"width\":1600,\"height\":1600,\"caption\":\"Echeveria purpusorum\"},{\"@type\":\"BreadcrumbList\",\"@id\":\"https:\\\/\\\/antderground.com\\\/pt-br\\\/produto\\\/echeveria-purpusorum\\\/#breadcrumb\",\"itemListElement\":[{\"@type\":\"ListItem\",\"position\":1,\"name\":\"Portada\",\"item\":\"https:\\\/\\\/antderground.com\\\/pt-br\\\/\"},{\"@type\":\"ListItem\",\"position\":2,\"name\":\"Produtos\",\"item\":\"https:\\\/\\\/antderground.com\\\/pt-br\\\/loja-de-formigueiros\\\/\"},{\"@type\":\"ListItem\",\"position\":3,\"name\":\"Echeveria purpusorum\"}]},{\"@type\":\"WebSite\",\"@id\":\"https:\\\/\\\/antderground.com\\\/pt-br\\\/#website\",\"url\":\"https:\\\/\\\/antderground.com\\\/pt-br\\\/\",\"name\":\"ANTDERGROUND\",\"description\":\"Tu tienda de hormigas, gran variedad de hormigueros acr\u00edlicos,madera,arena,3D y mas.. Pide tus hormigas gratis con tu pedido, somos expertos en hormigueros antifugas.\",\"publisher\":{\"@id\":\"https:\\\/\\\/antderground.com\\\/pt-br\\\/#\\\/schema\\\/person\\\/0e322c505e84fe72c65e2f6d08f96b81\"},\"alternateName\":\"Antderground\",\"potentialAction\":[{\"@type\":\"SearchAction\",\"target\":{\"@type\":\"EntryPoint\",\"urlTemplate\":\"https:\\\/\\\/antderground.com\\\/pt-br\\\/?s={search_term_string}\"},\"query-input\":{\"@type\":\"PropertyValueSpecification\",\"valueRequired\":true,\"valueName\":\"search_term_string\"}}],\"inLanguage\":\"pt-BR\"},{\"@type\":[\"Person\",\"Organization\"],\"@id\":\"https:\\\/\\\/antderground.com\\\/pt-br\\\/#\\\/schema\\\/person\\\/0e322c505e84fe72c65e2f6d08f96b81\",\"name\":\"Eric de Antderground\",\"image\":{\"@type\":\"ImageObject\",\"inLanguage\":\"pt-BR\",\"@id\":\"https:\\\/\\\/secure.gravatar.com\\\/avatar\\\/c49a1b9f79216d1498cb73c1e85cd47f4465dda35f2a94c03790d491bd4423c3?s=96&d=mm&r=g\",\"url\":\"https:\\\/\\\/secure.gravatar.com\\\/avatar\\\/c49a1b9f79216d1498cb73c1e85cd47f4465dda35f2a94c03790d491bd4423c3?s=96&d=mm&r=g\",\"contentUrl\":\"https:\\\/\\\/secure.gravatar.com\\\/avatar\\\/c49a1b9f79216d1498cb73c1e85cd47f4465dda35f2a94c03790d491bd4423c3?s=96&d=mm&r=g\",\"caption\":\"Eric de Antderground\"},\"logo\":{\"@id\":\"https:\\\/\\\/secure.gravatar.com\\\/avatar\\\/c49a1b9f79216d1498cb73c1e85cd47f4465dda35f2a94c03790d491bd4423c3?s=96&d=mm&r=g\"},\"description\":\"Eric es el especialista y fundador de Antderground, con una amplia trayectoria en artr\u00f3podos y enfocado en la mirmecolog\u00eda y el dise\u00f1o de hormigueros artificiales. Su enfoque combina la innovaci\u00f3n t\u00e9cnica con el respeto por la biolog\u00eda de las hormigas, is\u00f3podos y otros, desarrollando sistemas de nidos modulares 3D y acr\u00edlicos que son referentes para aficionados y profesionales en toda Europa. Su objetivo es facilitar la cr\u00eda de hormigas y otros artr\u00f3podos mediante soluciones seguras y divulgaci\u00f3n de calidad.\",\"sameAs\":[\"https:\\\/\\\/antderground.com\\\/\",\"https:\\\/\\\/www.youtube.com\\\/channel\\\/UCio72z7TlbufkAthAJIJfPw\"]}]}<\/script>\n<!-- \/ Yoast SEO plugin. -->","yoast_head_json":{"title":"Echeveria purpusorum |Plantas de f\u00e1cil cuidado - ANTDERGROUND","description":"Echeveria purpusorum \ud83c\udf35 suculenta compacta com folhas verdes e vermelhas. F\u00e1cil de cuidar e perfeita para qualquer ambiente.","robots":{"index":"index","follow":"follow","max-snippet":"max-snippet:-1","max-image-preview":"max-image-preview:large","max-video-preview":"max-video-preview:-1"},"canonical":"https:\/\/antderground.com\/pt-br\/produto\/echeveria-purpusorum\/","og_locale":"pt_BR","og_type":"article","og_title":"Echeveria purpusorum |Plantas de f\u00e1cil cuidado - ANTDERGROUND","og_description":"Echeveria purpusorum \ud83c\udf35 suculenta compacta com folhas verdes e vermelhas. F\u00e1cil de cuidar e perfeita para qualquer ambiente.","og_url":"https:\/\/antderground.com\/pt-br\/produto\/echeveria-purpusorum\/","og_site_name":"ANTDERGROUND","og_image":[{"width":1600,"height":1600,"url":"https:\/\/antderground.com\/wp-content\/uploads\/2025\/04\/Echeveria-purpusorum.jpeg","type":"image\/jpeg"}],"twitter_card":"summary_large_image","twitter_misc":{"Est. tempo de leitura":"1 minuto"},"schema":{"@context":"https:\/\/schema.org","@graph":[{"@type":"WebPage","@id":"https:\/\/antderground.com\/pt-br\/produto\/echeveria-purpusorum\/","url":"https:\/\/antderground.com\/pt-br\/produto\/echeveria-purpusorum\/","name":"Echeveria purpusorum |Plantas de f\u00e1cil cuidado - ANTDERGROUND","isPartOf":{"@id":"https:\/\/antderground.com\/pt-br\/#website"},"primaryImageOfPage":{"@id":"https:\/\/antderground.com\/pt-br\/produto\/echeveria-purpusorum\/#primaryimage"},"image":{"@id":"https:\/\/antderground.com\/pt-br\/produto\/echeveria-purpusorum\/#primaryimage"},"thumbnailUrl":"https:\/\/antderground.com\/wp-content\/uploads\/2025\/04\/Echeveria-purpusorum.jpeg","datePublished":"2025-04-07T08:49:56+00:00","description":"Echeveria purpusorum \ud83c\udf35 suculenta compacta com folhas verdes e vermelhas. F\u00e1cil de cuidar e perfeita para qualquer ambiente.","breadcrumb":{"@id":"https:\/\/antderground.com\/pt-br\/produto\/echeveria-purpusorum\/#breadcrumb"},"inLanguage":"pt-BR","potentialAction":[{"@type":"ReadAction","target":["https:\/\/antderground.com\/pt-br\/produto\/echeveria-purpusorum\/"]}]},{"@type":"ImageObject","inLanguage":"pt-BR","@id":"https:\/\/antderground.com\/pt-br\/produto\/echeveria-purpusorum\/#primaryimage","url":"https:\/\/antderground.com\/wp-content\/uploads\/2025\/04\/Echeveria-purpusorum.jpeg","contentUrl":"https:\/\/antderground.com\/wp-content\/uploads\/2025\/04\/Echeveria-purpusorum.jpeg","width":1600,"height":1600,"caption":"Echeveria purpusorum"},{"@type":"BreadcrumbList","@id":"https:\/\/antderground.com\/pt-br\/produto\/echeveria-purpusorum\/#breadcrumb","itemListElement":[{"@type":"ListItem","position":1,"name":"Portada","item":"https:\/\/antderground.com\/pt-br\/"},{"@type":"ListItem","position":2,"name":"Produtos","item":"https:\/\/antderground.com\/pt-br\/loja-de-formigueiros\/"},{"@type":"ListItem","position":3,"name":"Echeveria purpusorum"}]},{"@type":"WebSite","@id":"https:\/\/antderground.com\/pt-br\/#website","url":"https:\/\/antderground.com\/pt-br\/","name":"ANTDERGROUND","description":"Tu tienda de hormigas, gran variedad de hormigueros acr\u00edlicos,madera,arena,3D y mas.. Pide tus hormigas gratis con tu pedido, somos expertos en hormigueros antifugas.","publisher":{"@id":"https:\/\/antderground.com\/pt-br\/#\/schema\/person\/0e322c505e84fe72c65e2f6d08f96b81"},"alternateName":"Antderground","potentialAction":[{"@type":"SearchAction","target":{"@type":"EntryPoint","urlTemplate":"https:\/\/antderground.com\/pt-br\/?s={search_term_string}"},"query-input":{"@type":"PropertyValueSpecification","valueRequired":true,"valueName":"search_term_string"}}],"inLanguage":"pt-BR"},{"@type":["Person","Organization"],"@id":"https:\/\/antderground.com\/pt-br\/#\/schema\/person\/0e322c505e84fe72c65e2f6d08f96b81","name":"Eric de Antderground","image":{"@type":"ImageObject","inLanguage":"pt-BR","@id":"https:\/\/secure.gravatar.com\/avatar\/c49a1b9f79216d1498cb73c1e85cd47f4465dda35f2a94c03790d491bd4423c3?s=96&d=mm&r=g","url":"https:\/\/secure.gravatar.com\/avatar\/c49a1b9f79216d1498cb73c1e85cd47f4465dda35f2a94c03790d491bd4423c3?s=96&d=mm&r=g","contentUrl":"https:\/\/secure.gravatar.com\/avatar\/c49a1b9f79216d1498cb73c1e85cd47f4465dda35f2a94c03790d491bd4423c3?s=96&d=mm&r=g","caption":"Eric de Antderground"},"logo":{"@id":"https:\/\/secure.gravatar.com\/avatar\/c49a1b9f79216d1498cb73c1e85cd47f4465dda35f2a94c03790d491bd4423c3?s=96&d=mm&r=g"},"description":"Eric es el especialista y fundador de Antderground, con una amplia trayectoria en artr\u00f3podos y enfocado en la mirmecolog\u00eda y el dise\u00f1o de hormigueros artificiales. Su enfoque combina la innovaci\u00f3n t\u00e9cnica con el respeto por la biolog\u00eda de las hormigas, is\u00f3podos y otros, desarrollando sistemas de nidos modulares 3D y acr\u00edlicos que son referentes para aficionados y profesionales en toda Europa. Su objetivo es facilitar la cr\u00eda de hormigas y otros artr\u00f3podos mediante soluciones seguras y divulgaci\u00f3n de calidad.","sameAs":["https:\/\/antderground.com\/","https:\/\/www.youtube.com\/channel\/UCio72z7TlbufkAthAJIJfPw"]}]}},"_links":{"self":[{"href":"https:\/\/antderground.com\/pt-br\/wp-json\/wp\/v2\/product\/41732","targetHints":{"allow":["GET"]}}],"collection":[{"href":"https:\/\/antderground.com\/pt-br\/wp-json\/wp\/v2\/product"}],"about":[{"href":"https:\/\/antderground.com\/pt-br\/wp-json\/wp\/v2\/types\/product"}],"version-history":[{"count":0,"href":"https:\/\/antderground.com\/pt-br\/wp-json\/wp\/v2\/product\/41732\/revisions"}],"wp:featuredmedia":[{"embeddable":true,"href":"https:\/\/antderground.com\/pt-br\/wp-json\/wp\/v2\/media\/41598"}],"wp:attachment":[{"href":"https:\/\/antderground.com\/pt-br\/wp-json\/wp\/v2\/media?parent=41732"}],"wp:term":[{"taxonomy":"product_brand","embeddable":true,"href":"https:\/\/antderground.com\/pt-br\/wp-json\/wp\/v2\/product_brand?post=41732"},{"taxonomy":"product_cat","embeddable":true,"href":"https:\/\/antderground.com\/pt-br\/wp-json\/wp\/v2\/product_cat?post=41732"},{"taxonomy":"product_tag","embeddable":true,"href":"https:\/\/antderground.com\/pt-br\/wp-json\/wp\/v2\/product_tag?post=41732"}],"curies":[{"name":"wp","href":"https:\/\/api.w.org\/{rel}","templated":true}]}}