{"id":41815,"date":"2025-04-15T16:00:15","date_gmt":"2025-04-15T14:00:15","guid":{"rendered":"https:\/\/www.antderground.com\/producto\/armadillidium-granulatum-white-pearl\/"},"modified":"2025-04-15T16:00:15","modified_gmt":"2025-04-15T14:00:15","slug":"armadillidium-granulatum-white-pearl","status":"publish","type":"product","link":"https:\/\/antderground.com\/pt-br\/produto\/armadillidium-granulatum-white-pearl\/","title":{"rendered":"Armadillidium granulatum &#8220;White Pearl&#8221;"},"content":{"rendered":"<h3 class=\"\" data-start=\"330\" data-end=\"393\">\ud83d\udcdd Ficha T\u00e9cnica \u2013 <em data-start=\"353\" data-end=\"379\">Armadillidium granulatum<\/em> &#8220;White Pearl&#8221;<\/h3>\n<p class=\"\" data-start=\"395\" data-end=\"584\"><strong data-start=\"395\" data-end=\"410\">Nome comum:<\/strong> Is\u00f3pode White Pearl<br data-start=\"430\" data-end=\"433\" \/><strong data-start=\"433\" data-end=\"453\">Nome cient\u00edfico:<\/strong> <em data-start=\"454\" data-end=\"480\">Armadillidium granulatum<\/em> &#8220;White Pearl&#8221;<br data-start=\"494\" data-end=\"497\" \/><strong data-start=\"497\" data-end=\"509\">Fam\u00edlia:<\/strong> Armadillidiidae<br data-start=\"525\" data-end=\"528\" \/><strong data-start=\"528\" data-end=\"539\">Origem:<\/strong> Europa (variante selecionada pela colora\u00e7\u00e3o)<\/p>\n<h3 class=\"\" data-start=\"591\" data-end=\"607\">\n\ud83d\udccf Tamanho<\/h3>\n<ul data-start=\"608\" data-end=\"676\">\n<li class=\"\" data-start=\"608\" data-end=\"651\">\n<p class=\"\" data-start=\"610\" data-end=\"651\"><strong data-start=\"610\" data-end=\"629\">Tamanho adulto:<\/strong> Cerca de 1,5 \u2013 2 cm<\/p>\n<\/li>\n<li class=\"\" data-start=\"652\" data-end=\"676\">\n<p class=\"\" data-start=\"654\" data-end=\"676\"><strong data-start=\"654\" data-end=\"670\">Crescimento:<\/strong> M\u00e9dio<\/p>\n<\/li>\n<\/ul>\n<h3 class=\"\" data-start=\"683\" data-end=\"709\">\n\ud83c\udf21\ufe0f Condi\u00e7\u00f5es ideais<\/h3>\n<ul data-start=\"710\" data-end=\"821\">\n<li class=\"\" data-start=\"710\" data-end=\"741\">\n<p class=\"\" data-start=\"712\" data-end=\"741\"><strong data-start=\"712\" data-end=\"728\">Temperatura:<\/strong> 20 \u2013 26\u202f\u00b0C<\/p>\n<\/li>\n<li class=\"\" data-start=\"742\" data-end=\"774\">\n<p class=\"\" data-start=\"744\" data-end=\"774\"><strong data-start=\"744\" data-end=\"757\">Humidade:<\/strong> M\u00e9dia (60\u201375%)<\/p>\n<\/li>\n<li class=\"\" data-start=\"775\" data-end=\"821\">\n<p class=\"\" data-start=\"777\" data-end=\"821\"><strong data-start=\"777\" data-end=\"792\">Ventila\u00e7\u00e3o:<\/strong> Boa, sem ressecar o ambiente<\/p>\n<\/li>\n<\/ul>\n<h3 class=\"\" data-start=\"828\" data-end=\"845\">\n\ud83c\udfe0 Terr\u00e1rio<\/h3>\n<ul data-start=\"846\" data-end=\"1088\">\n<li class=\"\" data-start=\"846\" data-end=\"898\">\n<p class=\"\" data-start=\"848\" data-end=\"898\"><strong data-start=\"848\" data-end=\"868\">Tipo de habitat:<\/strong> Terr\u00e1rios h\u00famidos ou mistos<\/p>\n<\/li>\n<li class=\"\" data-start=\"899\" data-end=\"1032\">\n<p class=\"\" data-start=\"901\" data-end=\"1032\"><strong data-start=\"901\" data-end=\"915\">Substrato:<\/strong> Fibra de coco, musgo sphagnum, folhas secas, casca, suplemento de c\u00e1lcio (osso de choco ou casca de ovo triturada)<\/p>\n<\/li>\n<li class=\"\" data-start=\"1033\" data-end=\"1088\">\n<p class=\"\" data-start=\"1035\" data-end=\"1088\"><strong data-start=\"1035\" data-end=\"1049\">Decora\u00e7\u00e3o:<\/strong> Casca de \u00e1rvore, pedras e esconderijos<\/p>\n<\/li>\n<\/ul>\n<h3 class=\"\" data-start=\"1095\" data-end=\"1116\">\n\ud83c\udf7d\ufe0f Alimenta\u00e7\u00e3o<\/h3>\n<ul data-start=\"1117\" data-end=\"1347\">\n<li class=\"\" data-start=\"1117\" data-end=\"1347\">\n<p class=\"\" data-start=\"1119\" data-end=\"1142\">Detrit\u00edvoro omn\u00edvoro:<\/p>\n<ul data-start=\"1145\" data-end=\"1347\">\n<li class=\"\" data-start=\"1145\" data-end=\"1183\">\n<p class=\"\" data-start=\"1147\" data-end=\"1183\">Folhas secas (carvalho, magn\u00f3lia\u2026)<\/p>\n<\/li>\n<li class=\"\" data-start=\"1186\" data-end=\"1213\">\n<p class=\"\" data-start=\"1188\" data-end=\"1213\">Madeira em decomposi\u00e7\u00e3o<\/p>\n<\/li>\n<li class=\"\" data-start=\"1216\" data-end=\"1253\">\n<p class=\"\" data-start=\"1218\" data-end=\"1253\">Frutas e vegetais (com modera\u00e7\u00e3o)<\/p>\n<\/li>\n<li class=\"\" data-start=\"1256\" data-end=\"1280\">\n<p class=\"\" data-start=\"1258\" data-end=\"1280\">Suplemento de c\u00e1lcio<\/p>\n<\/li>\n<li class=\"\" data-start=\"1283\" data-end=\"1347\">\n<p class=\"\" data-start=\"1285\" data-end=\"1347\">Prote\u00edna animal ocasional (peixe seco, ra\u00e7\u00e3o para inset\u00edvoros)<\/p>\n<\/li>\n<\/ul>\n<\/li>\n<\/ul>\n<h3 class=\"\" data-start=\"1354\" data-end=\"1384\">\n\ud83c\udf31 Compatibilidade e uso<\/h3>\n<ul data-start=\"1385\" data-end=\"1532\">\n<li class=\"\" data-start=\"1385\" data-end=\"1419\">\n<p class=\"\" data-start=\"1387\" data-end=\"1419\">Ideal para terr\u00e1rios bioativos<\/p>\n<\/li>\n<li class=\"\" data-start=\"1420\" data-end=\"1484\">\n<p class=\"\" data-start=\"1422\" data-end=\"1484\">Compat\u00edvel com r\u00e9pteis, anf\u00edbios e artr\u00f3podes n\u00e3o predadores<\/p>\n<\/li>\n<li class=\"\" data-start=\"1485\" data-end=\"1532\">\n<p class=\"\" data-start=\"1487\" data-end=\"1532\">Excelente na decomposi\u00e7\u00e3o de mat\u00e9ria org\u00e2nica<\/p>\n<\/li>\n<\/ul>\n<h3 class=\"\" data-start=\"1539\" data-end=\"1557\">\n\ud83c\udfa8 Destaques<\/h3>\n<ul data-start=\"1558\" data-end=\"1686\">\n<li class=\"\" data-start=\"1558\" data-end=\"1605\">\n<p class=\"\" data-start=\"1560\" data-end=\"1605\">Colora\u00e7\u00e3o branca perolada, muito decorativa<\/p>\n<\/li>\n<li class=\"\" data-start=\"1606\" data-end=\"1658\">\n<p class=\"\" data-start=\"1608\" data-end=\"1658\">Enrola-se completamente quando se sente amea\u00e7ado<\/p>\n<\/li>\n<li class=\"\" data-start=\"1659\" data-end=\"1686\">\n<p class=\"\" data-start=\"1661\" data-end=\"1686\">Ativo e f\u00e1cil de observar<\/p>\n<\/li>\n<\/ul>\n","protected":false},"excerpt":{"rendered":"<p class=\"\" data-start=\"1740\" data-end=\"1919\">O <em data-start=\"1742\" data-end=\"1768\">Armadillidium granulatum<\/em> &#8220;White Pearl&#8221; \u00e9 um is\u00f3pode branco perolado, robusto e decorativo \ud83c\udf3f. Ideal para terr\u00e1rios bioativos \u2013 f\u00e1cil de cuidar e \u00f3timo na limpeza do substrato.<\/p>\n","protected":false},"featured_media":41801,"template":"","meta":[],"product_brand":[],"product_cat":[483,486,715],"product_tag":[],"class_list":{"0":"post-41815","1":"product","2":"type-product","3":"status-publish","4":"has-post-thumbnail","6":"product_cat-artropodes","7":"product_cat-isopodos","8":"product_cat-armadillidium","10":"first","11":"instock","12":"shipping-taxable","13":"purchasable","14":"product-type-variable"},"yoast_head":"<!-- This site is optimized with the Yoast SEO plugin v27.4 - https:\/\/yoast.com\/product\/yoast-seo-wordpress\/ -->\n<title>Armadillidium granulatum &quot;White Pearl&quot; | Is\u00f3podes ex\u00f3ticos - ANTDERGROUND<\/title>\n<meta name=\"description\" content=\"Is\u00f3pode White Pearl (Armadillidium granulatum), branco perolado e f\u00e1cil de manter. Ideal para terr\u00e1rios bioativos e muito decorativo. \ud83c\udf3f\" \/>\n<meta name=\"robots\" content=\"index, follow, max-snippet:-1, max-image-preview:large, max-video-preview:-1\" \/>\n<link rel=\"canonical\" href=\"https:\/\/antderground.com\/pt-br\/produto\/armadillidium-granulatum-white-pearl\/\" \/>\n<meta property=\"og:locale\" content=\"pt_BR\" \/>\n<meta property=\"og:type\" content=\"article\" \/>\n<meta property=\"og:title\" content=\"Armadillidium granulatum &quot;White Pearl&quot; | Is\u00f3podes ex\u00f3ticos - ANTDERGROUND\" \/>\n<meta property=\"og:description\" content=\"Is\u00f3pode White Pearl (Armadillidium granulatum), branco perolado e f\u00e1cil de manter. Ideal para terr\u00e1rios bioativos e muito decorativo. \ud83c\udf3f\" \/>\n<meta property=\"og:url\" content=\"https:\/\/antderground.com\/pt-br\/produto\/armadillidium-granulatum-white-pearl\/\" \/>\n<meta property=\"og:site_name\" content=\"ANTDERGROUND\" \/>\n<meta property=\"og:image\" content=\"https:\/\/antderground.com\/wp-content\/uploads\/2025\/04\/Armadillidium-granulatum-White-Pearl.jpg\" \/>\n\t<meta property=\"og:image:width\" content=\"2048\" \/>\n\t<meta property=\"og:image:height\" content=\"2048\" \/>\n\t<meta property=\"og:image:type\" content=\"image\/jpeg\" \/>\n<meta name=\"twitter:card\" content=\"summary_large_image\" \/>\n<meta name=\"twitter:label1\" content=\"Est. tempo de leitura\" \/>\n\t<meta name=\"twitter:data1\" content=\"1 minuto\" \/>\n<script type=\"application\/ld+json\" class=\"yoast-schema-graph\">{\"@context\":\"https:\\\/\\\/schema.org\",\"@graph\":[{\"@type\":\"WebPage\",\"@id\":\"https:\\\/\\\/antderground.com\\\/pt-br\\\/produto\\\/armadillidium-granulatum-white-pearl\\\/\",\"url\":\"https:\\\/\\\/antderground.com\\\/pt-br\\\/produto\\\/armadillidium-granulatum-white-pearl\\\/\",\"name\":\"Armadillidium granulatum \\\"White Pearl\\\" | Is\u00f3podes ex\u00f3ticos - ANTDERGROUND\",\"isPartOf\":{\"@id\":\"https:\\\/\\\/antderground.com\\\/pt-br\\\/#website\"},\"primaryImageOfPage\":{\"@id\":\"https:\\\/\\\/antderground.com\\\/pt-br\\\/produto\\\/armadillidium-granulatum-white-pearl\\\/#primaryimage\"},\"image\":{\"@id\":\"https:\\\/\\\/antderground.com\\\/pt-br\\\/produto\\\/armadillidium-granulatum-white-pearl\\\/#primaryimage\"},\"thumbnailUrl\":\"https:\\\/\\\/antderground.com\\\/wp-content\\\/uploads\\\/2025\\\/04\\\/Armadillidium-granulatum-White-Pearl.jpg\",\"datePublished\":\"2025-04-15T14:00:15+00:00\",\"description\":\"Is\u00f3pode White Pearl (Armadillidium granulatum), branco perolado e f\u00e1cil de manter. Ideal para terr\u00e1rios bioativos e muito decorativo. \ud83c\udf3f\",\"breadcrumb\":{\"@id\":\"https:\\\/\\\/antderground.com\\\/pt-br\\\/produto\\\/armadillidium-granulatum-white-pearl\\\/#breadcrumb\"},\"inLanguage\":\"pt-BR\",\"potentialAction\":[{\"@type\":\"ReadAction\",\"target\":[\"https:\\\/\\\/antderground.com\\\/pt-br\\\/produto\\\/armadillidium-granulatum-white-pearl\\\/\"]}]},{\"@type\":\"ImageObject\",\"inLanguage\":\"pt-BR\",\"@id\":\"https:\\\/\\\/antderground.com\\\/pt-br\\\/produto\\\/armadillidium-granulatum-white-pearl\\\/#primaryimage\",\"url\":\"https:\\\/\\\/antderground.com\\\/wp-content\\\/uploads\\\/2025\\\/04\\\/Armadillidium-granulatum-White-Pearl.jpg\",\"contentUrl\":\"https:\\\/\\\/antderground.com\\\/wp-content\\\/uploads\\\/2025\\\/04\\\/Armadillidium-granulatum-White-Pearl.jpg\",\"width\":2048,\"height\":2048,\"caption\":\"Armadillidium granulatum White Pearl\"},{\"@type\":\"BreadcrumbList\",\"@id\":\"https:\\\/\\\/antderground.com\\\/pt-br\\\/produto\\\/armadillidium-granulatum-white-pearl\\\/#breadcrumb\",\"itemListElement\":[{\"@type\":\"ListItem\",\"position\":1,\"name\":\"Portada\",\"item\":\"https:\\\/\\\/antderground.com\\\/pt-br\\\/\"},{\"@type\":\"ListItem\",\"position\":2,\"name\":\"Produtos\",\"item\":\"https:\\\/\\\/antderground.com\\\/pt-br\\\/loja-de-formigueiros\\\/\"},{\"@type\":\"ListItem\",\"position\":3,\"name\":\"Armadillidium granulatum &#8220;White Pearl&#8221;\"}]},{\"@type\":\"WebSite\",\"@id\":\"https:\\\/\\\/antderground.com\\\/pt-br\\\/#website\",\"url\":\"https:\\\/\\\/antderground.com\\\/pt-br\\\/\",\"name\":\"ANTDERGROUND\",\"description\":\"Tu tienda de hormigas, gran variedad de hormigueros acr\u00edlicos,madera,arena,3D y mas.. Pide tus hormigas gratis con tu pedido, somos expertos en hormigueros antifugas.\",\"publisher\":{\"@id\":\"https:\\\/\\\/antderground.com\\\/pt-br\\\/#\\\/schema\\\/person\\\/0e322c505e84fe72c65e2f6d08f96b81\"},\"alternateName\":\"Antderground\",\"potentialAction\":[{\"@type\":\"SearchAction\",\"target\":{\"@type\":\"EntryPoint\",\"urlTemplate\":\"https:\\\/\\\/antderground.com\\\/pt-br\\\/?s={search_term_string}\"},\"query-input\":{\"@type\":\"PropertyValueSpecification\",\"valueRequired\":true,\"valueName\":\"search_term_string\"}}],\"inLanguage\":\"pt-BR\"},{\"@type\":[\"Person\",\"Organization\"],\"@id\":\"https:\\\/\\\/antderground.com\\\/pt-br\\\/#\\\/schema\\\/person\\\/0e322c505e84fe72c65e2f6d08f96b81\",\"name\":\"Eric de Antderground\",\"image\":{\"@type\":\"ImageObject\",\"inLanguage\":\"pt-BR\",\"@id\":\"https:\\\/\\\/secure.gravatar.com\\\/avatar\\\/c49a1b9f79216d1498cb73c1e85cd47f4465dda35f2a94c03790d491bd4423c3?s=96&d=mm&r=g\",\"url\":\"https:\\\/\\\/secure.gravatar.com\\\/avatar\\\/c49a1b9f79216d1498cb73c1e85cd47f4465dda35f2a94c03790d491bd4423c3?s=96&d=mm&r=g\",\"contentUrl\":\"https:\\\/\\\/secure.gravatar.com\\\/avatar\\\/c49a1b9f79216d1498cb73c1e85cd47f4465dda35f2a94c03790d491bd4423c3?s=96&d=mm&r=g\",\"caption\":\"Eric de Antderground\"},\"logo\":{\"@id\":\"https:\\\/\\\/secure.gravatar.com\\\/avatar\\\/c49a1b9f79216d1498cb73c1e85cd47f4465dda35f2a94c03790d491bd4423c3?s=96&d=mm&r=g\"},\"description\":\"Eric es el especialista y fundador de Antderground, con una amplia trayectoria en artr\u00f3podos y enfocado en la mirmecolog\u00eda y el dise\u00f1o de hormigueros artificiales. Su enfoque combina la innovaci\u00f3n t\u00e9cnica con el respeto por la biolog\u00eda de las hormigas, is\u00f3podos y otros, desarrollando sistemas de nidos modulares 3D y acr\u00edlicos que son referentes para aficionados y profesionales en toda Europa. Su objetivo es facilitar la cr\u00eda de hormigas y otros artr\u00f3podos mediante soluciones seguras y divulgaci\u00f3n de calidad.\",\"sameAs\":[\"https:\\\/\\\/antderground.com\\\/\",\"https:\\\/\\\/www.youtube.com\\\/channel\\\/UCio72z7TlbufkAthAJIJfPw\"]}]}<\/script>\n<!-- \/ Yoast SEO plugin. -->","yoast_head_json":{"title":"Armadillidium granulatum \"White Pearl\" | Is\u00f3podes ex\u00f3ticos - ANTDERGROUND","description":"Is\u00f3pode White Pearl (Armadillidium granulatum), branco perolado e f\u00e1cil de manter. Ideal para terr\u00e1rios bioativos e muito decorativo. \ud83c\udf3f","robots":{"index":"index","follow":"follow","max-snippet":"max-snippet:-1","max-image-preview":"max-image-preview:large","max-video-preview":"max-video-preview:-1"},"canonical":"https:\/\/antderground.com\/pt-br\/produto\/armadillidium-granulatum-white-pearl\/","og_locale":"pt_BR","og_type":"article","og_title":"Armadillidium granulatum \"White Pearl\" | Is\u00f3podes ex\u00f3ticos - ANTDERGROUND","og_description":"Is\u00f3pode White Pearl (Armadillidium granulatum), branco perolado e f\u00e1cil de manter. Ideal para terr\u00e1rios bioativos e muito decorativo. \ud83c\udf3f","og_url":"https:\/\/antderground.com\/pt-br\/produto\/armadillidium-granulatum-white-pearl\/","og_site_name":"ANTDERGROUND","og_image":[{"width":2048,"height":2048,"url":"https:\/\/antderground.com\/wp-content\/uploads\/2025\/04\/Armadillidium-granulatum-White-Pearl.jpg","type":"image\/jpeg"}],"twitter_card":"summary_large_image","twitter_misc":{"Est. tempo de leitura":"1 minuto"},"schema":{"@context":"https:\/\/schema.org","@graph":[{"@type":"WebPage","@id":"https:\/\/antderground.com\/pt-br\/produto\/armadillidium-granulatum-white-pearl\/","url":"https:\/\/antderground.com\/pt-br\/produto\/armadillidium-granulatum-white-pearl\/","name":"Armadillidium granulatum \"White Pearl\" | Is\u00f3podes ex\u00f3ticos - ANTDERGROUND","isPartOf":{"@id":"https:\/\/antderground.com\/pt-br\/#website"},"primaryImageOfPage":{"@id":"https:\/\/antderground.com\/pt-br\/produto\/armadillidium-granulatum-white-pearl\/#primaryimage"},"image":{"@id":"https:\/\/antderground.com\/pt-br\/produto\/armadillidium-granulatum-white-pearl\/#primaryimage"},"thumbnailUrl":"https:\/\/antderground.com\/wp-content\/uploads\/2025\/04\/Armadillidium-granulatum-White-Pearl.jpg","datePublished":"2025-04-15T14:00:15+00:00","description":"Is\u00f3pode White Pearl (Armadillidium granulatum), branco perolado e f\u00e1cil de manter. Ideal para terr\u00e1rios bioativos e muito decorativo. \ud83c\udf3f","breadcrumb":{"@id":"https:\/\/antderground.com\/pt-br\/produto\/armadillidium-granulatum-white-pearl\/#breadcrumb"},"inLanguage":"pt-BR","potentialAction":[{"@type":"ReadAction","target":["https:\/\/antderground.com\/pt-br\/produto\/armadillidium-granulatum-white-pearl\/"]}]},{"@type":"ImageObject","inLanguage":"pt-BR","@id":"https:\/\/antderground.com\/pt-br\/produto\/armadillidium-granulatum-white-pearl\/#primaryimage","url":"https:\/\/antderground.com\/wp-content\/uploads\/2025\/04\/Armadillidium-granulatum-White-Pearl.jpg","contentUrl":"https:\/\/antderground.com\/wp-content\/uploads\/2025\/04\/Armadillidium-granulatum-White-Pearl.jpg","width":2048,"height":2048,"caption":"Armadillidium granulatum White Pearl"},{"@type":"BreadcrumbList","@id":"https:\/\/antderground.com\/pt-br\/produto\/armadillidium-granulatum-white-pearl\/#breadcrumb","itemListElement":[{"@type":"ListItem","position":1,"name":"Portada","item":"https:\/\/antderground.com\/pt-br\/"},{"@type":"ListItem","position":2,"name":"Produtos","item":"https:\/\/antderground.com\/pt-br\/loja-de-formigueiros\/"},{"@type":"ListItem","position":3,"name":"Armadillidium granulatum &#8220;White Pearl&#8221;"}]},{"@type":"WebSite","@id":"https:\/\/antderground.com\/pt-br\/#website","url":"https:\/\/antderground.com\/pt-br\/","name":"ANTDERGROUND","description":"Tu tienda de hormigas, gran variedad de hormigueros acr\u00edlicos,madera,arena,3D y mas.. Pide tus hormigas gratis con tu pedido, somos expertos en hormigueros antifugas.","publisher":{"@id":"https:\/\/antderground.com\/pt-br\/#\/schema\/person\/0e322c505e84fe72c65e2f6d08f96b81"},"alternateName":"Antderground","potentialAction":[{"@type":"SearchAction","target":{"@type":"EntryPoint","urlTemplate":"https:\/\/antderground.com\/pt-br\/?s={search_term_string}"},"query-input":{"@type":"PropertyValueSpecification","valueRequired":true,"valueName":"search_term_string"}}],"inLanguage":"pt-BR"},{"@type":["Person","Organization"],"@id":"https:\/\/antderground.com\/pt-br\/#\/schema\/person\/0e322c505e84fe72c65e2f6d08f96b81","name":"Eric de Antderground","image":{"@type":"ImageObject","inLanguage":"pt-BR","@id":"https:\/\/secure.gravatar.com\/avatar\/c49a1b9f79216d1498cb73c1e85cd47f4465dda35f2a94c03790d491bd4423c3?s=96&d=mm&r=g","url":"https:\/\/secure.gravatar.com\/avatar\/c49a1b9f79216d1498cb73c1e85cd47f4465dda35f2a94c03790d491bd4423c3?s=96&d=mm&r=g","contentUrl":"https:\/\/secure.gravatar.com\/avatar\/c49a1b9f79216d1498cb73c1e85cd47f4465dda35f2a94c03790d491bd4423c3?s=96&d=mm&r=g","caption":"Eric de Antderground"},"logo":{"@id":"https:\/\/secure.gravatar.com\/avatar\/c49a1b9f79216d1498cb73c1e85cd47f4465dda35f2a94c03790d491bd4423c3?s=96&d=mm&r=g"},"description":"Eric es el especialista y fundador de Antderground, con una amplia trayectoria en artr\u00f3podos y enfocado en la mirmecolog\u00eda y el dise\u00f1o de hormigueros artificiales. Su enfoque combina la innovaci\u00f3n t\u00e9cnica con el respeto por la biolog\u00eda de las hormigas, is\u00f3podos y otros, desarrollando sistemas de nidos modulares 3D y acr\u00edlicos que son referentes para aficionados y profesionales en toda Europa. Su objetivo es facilitar la cr\u00eda de hormigas y otros artr\u00f3podos mediante soluciones seguras y divulgaci\u00f3n de calidad.","sameAs":["https:\/\/antderground.com\/","https:\/\/www.youtube.com\/channel\/UCio72z7TlbufkAthAJIJfPw"]}]}},"_links":{"self":[{"href":"https:\/\/antderground.com\/pt-br\/wp-json\/wp\/v2\/product\/41815","targetHints":{"allow":["GET"]}}],"collection":[{"href":"https:\/\/antderground.com\/pt-br\/wp-json\/wp\/v2\/product"}],"about":[{"href":"https:\/\/antderground.com\/pt-br\/wp-json\/wp\/v2\/types\/product"}],"version-history":[{"count":0,"href":"https:\/\/antderground.com\/pt-br\/wp-json\/wp\/v2\/product\/41815\/revisions"}],"wp:featuredmedia":[{"embeddable":true,"href":"https:\/\/antderground.com\/pt-br\/wp-json\/wp\/v2\/media\/41801"}],"wp:attachment":[{"href":"https:\/\/antderground.com\/pt-br\/wp-json\/wp\/v2\/media?parent=41815"}],"wp:term":[{"taxonomy":"product_brand","embeddable":true,"href":"https:\/\/antderground.com\/pt-br\/wp-json\/wp\/v2\/product_brand?post=41815"},{"taxonomy":"product_cat","embeddable":true,"href":"https:\/\/antderground.com\/pt-br\/wp-json\/wp\/v2\/product_cat?post=41815"},{"taxonomy":"product_tag","embeddable":true,"href":"https:\/\/antderground.com\/pt-br\/wp-json\/wp\/v2\/product_tag?post=41815"}],"curies":[{"name":"wp","href":"https:\/\/api.w.org\/{rel}","templated":true}]}}