{"id":42016,"date":"2025-04-23T17:20:32","date_gmt":"2025-04-23T15:20:32","guid":{"rendered":"https:\/\/www.antderground.com\/producto\/micro-grilos-acheta-domesticus\/"},"modified":"2025-04-23T17:20:32","modified_gmt":"2025-04-23T15:20:32","slug":"micro-grilos-acheta-domesticus","status":"publish","type":"product","link":"https:\/\/antderground.com\/pt-br\/produto\/micro-grilos-acheta-domesticus\/","title":{"rendered":"Micro grilos Acheta domesticus"},"content":{"rendered":"<h3 class=\"\" data-start=\"139\" data-end=\"205\">\ud83e\udd97 <strong data-start=\"146\" data-end=\"205\">Ficha T\u00e9cnica \u2013 Micro grilos Acheta domesticus (3-7 dias)<\/strong><\/h3>\n<p class=\"\" data-start=\"207\" data-end=\"514\"><strong data-start=\"207\" data-end=\"222\">Nome comum:<\/strong> Grilo dom\u00e9stico (micro)<br data-start=\"246\" data-end=\"249\" \/><strong data-start=\"249\" data-end=\"269\">Nome cient\u00edfico:<\/strong> Acheta domesticus<br data-start=\"287\" data-end=\"290\" \/><strong data-start=\"290\" data-end=\"302\">Fam\u00edlia:<\/strong> Gryllidae<br data-start=\"312\" data-end=\"315\" \/><strong data-start=\"315\" data-end=\"326\">G\u00eanero:<\/strong> Acheta<br data-start=\"333\" data-end=\"336\" \/><strong data-start=\"336\" data-end=\"357\">Idade aproximada:<\/strong> 3-7 dias<br data-start=\"364\" data-end=\"367\" \/><strong data-start=\"367\" data-end=\"379\">Tamanho:<\/strong> 1\u20133 mm<br data-start=\"386\" data-end=\"389\" \/><strong data-start=\"389\" data-end=\"400\">Origem:<\/strong> Cosmopolita, criados em fazendas especializadas sob condi\u00e7\u00f5es controladas<br data-start=\"474\" data-end=\"477\" \/><strong data-start=\"477\" data-end=\"501\">Expectativa de vida:<\/strong> 8\u201310 semanas<\/p>\n<h3 class=\"\" data-start=\"521\" data-end=\"554\">\u2705 <strong data-start=\"527\" data-end=\"554\">Benef\u00edcios nutricionais<\/strong><\/h3>\n<ul data-start=\"556\" data-end=\"839\">\n<li class=\"\" data-start=\"556\" data-end=\"654\">\n<p class=\"\" data-start=\"558\" data-end=\"654\"><strong data-start=\"558\" data-end=\"580\">Ricos em prote\u00ednas<\/strong>: Entre 60\u201370%, ideais para o crescimento de animais jovens ou pequenos.<\/p>\n<\/li>\n<li class=\"\" data-start=\"655\" data-end=\"724\">\n<p class=\"\" data-start=\"657\" data-end=\"724\"><strong data-start=\"657\" data-end=\"682\">Baixo teor de gordura<\/strong>: Fornecem energia sem excesso cal\u00f3rico.<\/p>\n<\/li>\n<li class=\"\" data-start=\"725\" data-end=\"839\">\n<p class=\"\" data-start=\"727\" data-end=\"839\"><strong data-start=\"727\" data-end=\"757\">Micronutrientes essenciais<\/strong>: C\u00e1lcio, ferro, magn\u00e9sio e vitamina B12 fortalecem o sistema imunol\u00f3gico e \u00f3sseo.<\/p>\n<\/li>\n<\/ul>\n<h3 class=\"\" data-start=\"846\" data-end=\"870\">\ud83d\udc38 <strong data-start=\"853\" data-end=\"870\">Indicado para<\/strong><\/h3>\n<p class=\"\" data-start=\"872\" data-end=\"1062\">R\u00e9pteis, anf\u00edbios, aves inset\u00edvoras, peixes, artr\u00f3podes e pequenos mam\u00edferos.<br data-start=\"949\" data-end=\"952\" \/>Estimula o comportamento natural de ca\u00e7a e \u00e9 <strong data-start=\"997\" data-end=\"1020\">facilmente digerido<\/strong>, mesmo por filhotes ou animais delicados.<\/p>\n<h3 class=\"\" data-start=\"1069\" data-end=\"1108\">\ud83e\uddca <strong data-start=\"1076\" data-end=\"1108\">Recomenda\u00e7\u00f5es de conserva\u00e7\u00e3o<\/strong><\/h3>\n<ul data-start=\"1110\" data-end=\"1252\">\n<li class=\"\" data-start=\"1110\" data-end=\"1203\">\n<p class=\"\" data-start=\"1112\" data-end=\"1203\">Manter em recipiente arejado, com fonte de hidrata\u00e7\u00e3o (gel hidratante ou vegetal fresco).<\/p>\n<\/li>\n<li class=\"\" data-start=\"1204\" data-end=\"1252\">\n<p class=\"\" data-start=\"1206\" data-end=\"1252\">Evitar temperaturas extremas. Ideal: 20\u201325\u202f\u00b0C.<\/p>\n<\/li>\n<\/ul>\n<p class=\"\" data-start=\"1259\" data-end=\"1412\">\u26a0\ufe0f <strong data-start=\"1262\" data-end=\"1270\">Nota<\/strong>: Os micro grilos <em data-start=\"1288\" data-end=\"1307\">Acheta domesticus<\/em> vendidos em nossa loja <strong data-start=\"1331\" data-end=\"1368\">n\u00e3o s\u00e3o aptos para consumo humano<\/strong>. Produto exclusivo para alimenta\u00e7\u00e3o animal.<\/p>\n","protected":false},"excerpt":{"rendered":"<p class=\"\" data-start=\"1469\" data-end=\"1714\">Alimente seus pets com energia viva! \ud83e\udd97 Nossos <strong data-start=\"1516\" data-end=\"1550\">micro grilos Acheta domesticus<\/strong> (3-7 dias) s\u00e3o perfeitos para r\u00e9pteis, anf\u00edbios e artr\u00f3podes. Alta prote\u00edna, f\u00e1cil digest\u00e3o e tamanho ideal para filhotes. Garanta o melhor desde a primeira mordida!<\/p>\n","protected":false},"featured_media":42001,"template":"","meta":[],"product_brand":[],"product_cat":[398,666],"product_tag":[],"class_list":{"0":"post-42016","1":"product","2":"type-product","3":"status-publish","4":"has-post-thumbnail","6":"product_cat-alimentacao","7":"product_cat-alimentos-vivos","9":"first","10":"outofstock","11":"shipping-taxable","12":"purchasable","13":"product-type-variable"},"yoast_head":"<!-- This site is optimized with the Yoast SEO plugin v27.4 - https:\/\/yoast.com\/product\/yoast-seo-wordpress\/ -->\n<title>Micro grilos Acheta domesticus | Alimentos vivos para animais - ANTDERGROUND<\/title>\n<meta name=\"description\" content=\"Compre micro grilos Acheta domesticus com 5 dias. Alimento vivo ideal para filhotes de r\u00e9pteis e anf\u00edbios. Rico em prote\u00edna e f\u00e1cil digest\u00e3o.\" \/>\n<meta name=\"robots\" content=\"index, follow, max-snippet:-1, max-image-preview:large, max-video-preview:-1\" \/>\n<link rel=\"canonical\" href=\"https:\/\/antderground.com\/pt-br\/produto\/micro-grilos-acheta-domesticus\/\" \/>\n<meta property=\"og:locale\" content=\"pt_BR\" \/>\n<meta property=\"og:type\" content=\"article\" \/>\n<meta property=\"og:title\" content=\"Micro grilos Acheta domesticus | Alimentos vivos para animais - ANTDERGROUND\" \/>\n<meta property=\"og:description\" content=\"Compre micro grilos Acheta domesticus com 5 dias. Alimento vivo ideal para filhotes de r\u00e9pteis e anf\u00edbios. Rico em prote\u00edna e f\u00e1cil digest\u00e3o.\" \/>\n<meta property=\"og:url\" content=\"https:\/\/antderground.com\/pt-br\/produto\/micro-grilos-acheta-domesticus\/\" \/>\n<meta property=\"og:site_name\" content=\"ANTDERGROUND\" \/>\n<meta property=\"og:image\" content=\"https:\/\/antderground.com\/wp-content\/uploads\/2025\/04\/Micro-grillos-Acheta-domesticus.jpg\" \/>\n\t<meta property=\"og:image:width\" content=\"2048\" \/>\n\t<meta property=\"og:image:height\" content=\"2048\" \/>\n\t<meta property=\"og:image:type\" content=\"image\/jpeg\" \/>\n<meta name=\"twitter:card\" content=\"summary_large_image\" \/>\n<meta name=\"twitter:label1\" content=\"Est. tempo de leitura\" \/>\n\t<meta name=\"twitter:data1\" content=\"1 minuto\" \/>\n<script type=\"application\/ld+json\" class=\"yoast-schema-graph\">{\"@context\":\"https:\\\/\\\/schema.org\",\"@graph\":[{\"@type\":\"WebPage\",\"@id\":\"https:\\\/\\\/antderground.com\\\/pt-br\\\/produto\\\/micro-grilos-acheta-domesticus\\\/\",\"url\":\"https:\\\/\\\/antderground.com\\\/pt-br\\\/produto\\\/micro-grilos-acheta-domesticus\\\/\",\"name\":\"Micro grilos Acheta domesticus | Alimentos vivos para animais - ANTDERGROUND\",\"isPartOf\":{\"@id\":\"https:\\\/\\\/antderground.com\\\/pt-br\\\/#website\"},\"primaryImageOfPage\":{\"@id\":\"https:\\\/\\\/antderground.com\\\/pt-br\\\/produto\\\/micro-grilos-acheta-domesticus\\\/#primaryimage\"},\"image\":{\"@id\":\"https:\\\/\\\/antderground.com\\\/pt-br\\\/produto\\\/micro-grilos-acheta-domesticus\\\/#primaryimage\"},\"thumbnailUrl\":\"https:\\\/\\\/antderground.com\\\/wp-content\\\/uploads\\\/2025\\\/04\\\/Micro-grillos-Acheta-domesticus.jpg\",\"datePublished\":\"2025-04-23T15:20:32+00:00\",\"description\":\"Compre micro grilos Acheta domesticus com 5 dias. Alimento vivo ideal para filhotes de r\u00e9pteis e anf\u00edbios. Rico em prote\u00edna e f\u00e1cil digest\u00e3o.\",\"breadcrumb\":{\"@id\":\"https:\\\/\\\/antderground.com\\\/pt-br\\\/produto\\\/micro-grilos-acheta-domesticus\\\/#breadcrumb\"},\"inLanguage\":\"pt-BR\",\"potentialAction\":[{\"@type\":\"ReadAction\",\"target\":[\"https:\\\/\\\/antderground.com\\\/pt-br\\\/produto\\\/micro-grilos-acheta-domesticus\\\/\"]}]},{\"@type\":\"ImageObject\",\"inLanguage\":\"pt-BR\",\"@id\":\"https:\\\/\\\/antderground.com\\\/pt-br\\\/produto\\\/micro-grilos-acheta-domesticus\\\/#primaryimage\",\"url\":\"https:\\\/\\\/antderground.com\\\/wp-content\\\/uploads\\\/2025\\\/04\\\/Micro-grillos-Acheta-domesticus.jpg\",\"contentUrl\":\"https:\\\/\\\/antderground.com\\\/wp-content\\\/uploads\\\/2025\\\/04\\\/Micro-grillos-Acheta-domesticus.jpg\",\"width\":2048,\"height\":2048,\"caption\":\"Micro grilos Acheta domesticus\"},{\"@type\":\"BreadcrumbList\",\"@id\":\"https:\\\/\\\/antderground.com\\\/pt-br\\\/produto\\\/micro-grilos-acheta-domesticus\\\/#breadcrumb\",\"itemListElement\":[{\"@type\":\"ListItem\",\"position\":1,\"name\":\"Portada\",\"item\":\"https:\\\/\\\/antderground.com\\\/pt-br\\\/\"},{\"@type\":\"ListItem\",\"position\":2,\"name\":\"Produtos\",\"item\":\"https:\\\/\\\/antderground.com\\\/pt-br\\\/loja-de-formigueiros\\\/\"},{\"@type\":\"ListItem\",\"position\":3,\"name\":\"Micro grilos Acheta domesticus\"}]},{\"@type\":\"WebSite\",\"@id\":\"https:\\\/\\\/antderground.com\\\/pt-br\\\/#website\",\"url\":\"https:\\\/\\\/antderground.com\\\/pt-br\\\/\",\"name\":\"ANTDERGROUND\",\"description\":\"Tu tienda de hormigas, gran variedad de hormigueros acr\u00edlicos,madera,arena,3D y mas.. Pide tus hormigas gratis con tu pedido, somos expertos en hormigueros antifugas.\",\"publisher\":{\"@id\":\"https:\\\/\\\/antderground.com\\\/pt-br\\\/#\\\/schema\\\/person\\\/0e322c505e84fe72c65e2f6d08f96b81\"},\"alternateName\":\"Antderground\",\"potentialAction\":[{\"@type\":\"SearchAction\",\"target\":{\"@type\":\"EntryPoint\",\"urlTemplate\":\"https:\\\/\\\/antderground.com\\\/pt-br\\\/?s={search_term_string}\"},\"query-input\":{\"@type\":\"PropertyValueSpecification\",\"valueRequired\":true,\"valueName\":\"search_term_string\"}}],\"inLanguage\":\"pt-BR\"},{\"@type\":[\"Person\",\"Organization\"],\"@id\":\"https:\\\/\\\/antderground.com\\\/pt-br\\\/#\\\/schema\\\/person\\\/0e322c505e84fe72c65e2f6d08f96b81\",\"name\":\"Eric de Antderground\",\"image\":{\"@type\":\"ImageObject\",\"inLanguage\":\"pt-BR\",\"@id\":\"https:\\\/\\\/secure.gravatar.com\\\/avatar\\\/c49a1b9f79216d1498cb73c1e85cd47f4465dda35f2a94c03790d491bd4423c3?s=96&d=mm&r=g\",\"url\":\"https:\\\/\\\/secure.gravatar.com\\\/avatar\\\/c49a1b9f79216d1498cb73c1e85cd47f4465dda35f2a94c03790d491bd4423c3?s=96&d=mm&r=g\",\"contentUrl\":\"https:\\\/\\\/secure.gravatar.com\\\/avatar\\\/c49a1b9f79216d1498cb73c1e85cd47f4465dda35f2a94c03790d491bd4423c3?s=96&d=mm&r=g\",\"caption\":\"Eric de Antderground\"},\"logo\":{\"@id\":\"https:\\\/\\\/secure.gravatar.com\\\/avatar\\\/c49a1b9f79216d1498cb73c1e85cd47f4465dda35f2a94c03790d491bd4423c3?s=96&d=mm&r=g\"},\"description\":\"Eric es el especialista y fundador de Antderground, con una amplia trayectoria en artr\u00f3podos y enfocado en la mirmecolog\u00eda y el dise\u00f1o de hormigueros artificiales. Su enfoque combina la innovaci\u00f3n t\u00e9cnica con el respeto por la biolog\u00eda de las hormigas, is\u00f3podos y otros, desarrollando sistemas de nidos modulares 3D y acr\u00edlicos que son referentes para aficionados y profesionales en toda Europa. Su objetivo es facilitar la cr\u00eda de hormigas y otros artr\u00f3podos mediante soluciones seguras y divulgaci\u00f3n de calidad.\",\"sameAs\":[\"https:\\\/\\\/antderground.com\\\/\",\"https:\\\/\\\/www.youtube.com\\\/channel\\\/UCio72z7TlbufkAthAJIJfPw\"]}]}<\/script>\n<!-- \/ Yoast SEO plugin. -->","yoast_head_json":{"title":"Micro grilos Acheta domesticus | Alimentos vivos para animais - ANTDERGROUND","description":"Compre micro grilos Acheta domesticus com 5 dias. Alimento vivo ideal para filhotes de r\u00e9pteis e anf\u00edbios. Rico em prote\u00edna e f\u00e1cil digest\u00e3o.","robots":{"index":"index","follow":"follow","max-snippet":"max-snippet:-1","max-image-preview":"max-image-preview:large","max-video-preview":"max-video-preview:-1"},"canonical":"https:\/\/antderground.com\/pt-br\/produto\/micro-grilos-acheta-domesticus\/","og_locale":"pt_BR","og_type":"article","og_title":"Micro grilos Acheta domesticus | Alimentos vivos para animais - ANTDERGROUND","og_description":"Compre micro grilos Acheta domesticus com 5 dias. Alimento vivo ideal para filhotes de r\u00e9pteis e anf\u00edbios. Rico em prote\u00edna e f\u00e1cil digest\u00e3o.","og_url":"https:\/\/antderground.com\/pt-br\/produto\/micro-grilos-acheta-domesticus\/","og_site_name":"ANTDERGROUND","og_image":[{"width":2048,"height":2048,"url":"https:\/\/antderground.com\/wp-content\/uploads\/2025\/04\/Micro-grillos-Acheta-domesticus.jpg","type":"image\/jpeg"}],"twitter_card":"summary_large_image","twitter_misc":{"Est. tempo de leitura":"1 minuto"},"schema":{"@context":"https:\/\/schema.org","@graph":[{"@type":"WebPage","@id":"https:\/\/antderground.com\/pt-br\/produto\/micro-grilos-acheta-domesticus\/","url":"https:\/\/antderground.com\/pt-br\/produto\/micro-grilos-acheta-domesticus\/","name":"Micro grilos Acheta domesticus | Alimentos vivos para animais - ANTDERGROUND","isPartOf":{"@id":"https:\/\/antderground.com\/pt-br\/#website"},"primaryImageOfPage":{"@id":"https:\/\/antderground.com\/pt-br\/produto\/micro-grilos-acheta-domesticus\/#primaryimage"},"image":{"@id":"https:\/\/antderground.com\/pt-br\/produto\/micro-grilos-acheta-domesticus\/#primaryimage"},"thumbnailUrl":"https:\/\/antderground.com\/wp-content\/uploads\/2025\/04\/Micro-grillos-Acheta-domesticus.jpg","datePublished":"2025-04-23T15:20:32+00:00","description":"Compre micro grilos Acheta domesticus com 5 dias. Alimento vivo ideal para filhotes de r\u00e9pteis e anf\u00edbios. Rico em prote\u00edna e f\u00e1cil digest\u00e3o.","breadcrumb":{"@id":"https:\/\/antderground.com\/pt-br\/produto\/micro-grilos-acheta-domesticus\/#breadcrumb"},"inLanguage":"pt-BR","potentialAction":[{"@type":"ReadAction","target":["https:\/\/antderground.com\/pt-br\/produto\/micro-grilos-acheta-domesticus\/"]}]},{"@type":"ImageObject","inLanguage":"pt-BR","@id":"https:\/\/antderground.com\/pt-br\/produto\/micro-grilos-acheta-domesticus\/#primaryimage","url":"https:\/\/antderground.com\/wp-content\/uploads\/2025\/04\/Micro-grillos-Acheta-domesticus.jpg","contentUrl":"https:\/\/antderground.com\/wp-content\/uploads\/2025\/04\/Micro-grillos-Acheta-domesticus.jpg","width":2048,"height":2048,"caption":"Micro grilos Acheta domesticus"},{"@type":"BreadcrumbList","@id":"https:\/\/antderground.com\/pt-br\/produto\/micro-grilos-acheta-domesticus\/#breadcrumb","itemListElement":[{"@type":"ListItem","position":1,"name":"Portada","item":"https:\/\/antderground.com\/pt-br\/"},{"@type":"ListItem","position":2,"name":"Produtos","item":"https:\/\/antderground.com\/pt-br\/loja-de-formigueiros\/"},{"@type":"ListItem","position":3,"name":"Micro grilos Acheta domesticus"}]},{"@type":"WebSite","@id":"https:\/\/antderground.com\/pt-br\/#website","url":"https:\/\/antderground.com\/pt-br\/","name":"ANTDERGROUND","description":"Tu tienda de hormigas, gran variedad de hormigueros acr\u00edlicos,madera,arena,3D y mas.. Pide tus hormigas gratis con tu pedido, somos expertos en hormigueros antifugas.","publisher":{"@id":"https:\/\/antderground.com\/pt-br\/#\/schema\/person\/0e322c505e84fe72c65e2f6d08f96b81"},"alternateName":"Antderground","potentialAction":[{"@type":"SearchAction","target":{"@type":"EntryPoint","urlTemplate":"https:\/\/antderground.com\/pt-br\/?s={search_term_string}"},"query-input":{"@type":"PropertyValueSpecification","valueRequired":true,"valueName":"search_term_string"}}],"inLanguage":"pt-BR"},{"@type":["Person","Organization"],"@id":"https:\/\/antderground.com\/pt-br\/#\/schema\/person\/0e322c505e84fe72c65e2f6d08f96b81","name":"Eric de Antderground","image":{"@type":"ImageObject","inLanguage":"pt-BR","@id":"https:\/\/secure.gravatar.com\/avatar\/c49a1b9f79216d1498cb73c1e85cd47f4465dda35f2a94c03790d491bd4423c3?s=96&d=mm&r=g","url":"https:\/\/secure.gravatar.com\/avatar\/c49a1b9f79216d1498cb73c1e85cd47f4465dda35f2a94c03790d491bd4423c3?s=96&d=mm&r=g","contentUrl":"https:\/\/secure.gravatar.com\/avatar\/c49a1b9f79216d1498cb73c1e85cd47f4465dda35f2a94c03790d491bd4423c3?s=96&d=mm&r=g","caption":"Eric de Antderground"},"logo":{"@id":"https:\/\/secure.gravatar.com\/avatar\/c49a1b9f79216d1498cb73c1e85cd47f4465dda35f2a94c03790d491bd4423c3?s=96&d=mm&r=g"},"description":"Eric es el especialista y fundador de Antderground, con una amplia trayectoria en artr\u00f3podos y enfocado en la mirmecolog\u00eda y el dise\u00f1o de hormigueros artificiales. Su enfoque combina la innovaci\u00f3n t\u00e9cnica con el respeto por la biolog\u00eda de las hormigas, is\u00f3podos y otros, desarrollando sistemas de nidos modulares 3D y acr\u00edlicos que son referentes para aficionados y profesionales en toda Europa. Su objetivo es facilitar la cr\u00eda de hormigas y otros artr\u00f3podos mediante soluciones seguras y divulgaci\u00f3n de calidad.","sameAs":["https:\/\/antderground.com\/","https:\/\/www.youtube.com\/channel\/UCio72z7TlbufkAthAJIJfPw"]}]}},"_links":{"self":[{"href":"https:\/\/antderground.com\/pt-br\/wp-json\/wp\/v2\/product\/42016","targetHints":{"allow":["GET"]}}],"collection":[{"href":"https:\/\/antderground.com\/pt-br\/wp-json\/wp\/v2\/product"}],"about":[{"href":"https:\/\/antderground.com\/pt-br\/wp-json\/wp\/v2\/types\/product"}],"version-history":[{"count":0,"href":"https:\/\/antderground.com\/pt-br\/wp-json\/wp\/v2\/product\/42016\/revisions"}],"wp:featuredmedia":[{"embeddable":true,"href":"https:\/\/antderground.com\/pt-br\/wp-json\/wp\/v2\/media\/42001"}],"wp:attachment":[{"href":"https:\/\/antderground.com\/pt-br\/wp-json\/wp\/v2\/media?parent=42016"}],"wp:term":[{"taxonomy":"product_brand","embeddable":true,"href":"https:\/\/antderground.com\/pt-br\/wp-json\/wp\/v2\/product_brand?post=42016"},{"taxonomy":"product_cat","embeddable":true,"href":"https:\/\/antderground.com\/pt-br\/wp-json\/wp\/v2\/product_cat?post=42016"},{"taxonomy":"product_tag","embeddable":true,"href":"https:\/\/antderground.com\/pt-br\/wp-json\/wp\/v2\/product_tag?post=42016"}],"curies":[{"name":"wp","href":"https:\/\/api.w.org\/{rel}","templated":true}]}}