{"id":42047,"date":"2025-04-20T22:33:32","date_gmt":"2025-04-20T20:33:32","guid":{"rendered":"https:\/\/www.antderground.com\/producto\/magnolia-grandiflora\/"},"modified":"2025-04-20T22:33:32","modified_gmt":"2025-04-20T20:33:32","slug":"magnolia-grandiflora","status":"publish","type":"product","link":"https:\/\/antderground.com\/pt-br\/produto\/magnolia-grandiflora\/","title":{"rendered":"Magnolia grandiflora"},"content":{"rendered":"<h3 class=\"\" data-start=\"2531\" data-end=\"2573\">\ud83c\udf38 Ficha t\u00e9cnica: Magnolia grandiflora<\/h3>\n<p class=\"\" data-start=\"2575\" data-end=\"2759\"><strong data-start=\"2575\" data-end=\"2590\">Nome comum:<\/strong> Magn\u00f3lia, Magn\u00f3lia-de-flores-grandes, Magn\u00f3lia-do-Sul<br data-start=\"2644\" data-end=\"2647\" \/><strong data-start=\"2647\" data-end=\"2667\">Nome cient\u00edfico:<\/strong> <em data-start=\"2668\" data-end=\"2690\">Magnolia grandiflora<\/em><br data-start=\"2690\" data-end=\"2693\" \/><strong data-start=\"2693\" data-end=\"2705\">Fam\u00edlia:<\/strong> Magnoliaceae<br data-start=\"2718\" data-end=\"2721\" \/><strong data-start=\"2721\" data-end=\"2732\">Origem:<\/strong> Sudeste dos Estados Unidos<\/p>\n<h3 class=\"\" data-start=\"2761\" data-end=\"2783\">\ud83c\udf3f Descri\u00e7\u00e3o geral<\/h3>\n<p class=\"\" data-start=\"2785\" data-end=\"3038\">A <em data-start=\"2787\" data-end=\"2809\">Magnolia grandiflora<\/em> \u00e9 uma \u00e1rvore ornamental de grande porte e folhagem perene, muito valorizada pelas flores brancas vistosas, folhas brilhantes e porte majestoso. Cresce lentamente, mas \u00e9 muito duradoura, ideal para jardins amplos e \u00e1reas abertas.<\/p>\n<h3 class=\"\" data-start=\"3040\" data-end=\"3054\">\ud83d\udccf Tamanho<\/h3>\n<p class=\"\" data-start=\"3056\" data-end=\"3166\"><strong data-start=\"3056\" data-end=\"3067\">Altura:<\/strong> At\u00e9 25\u201330 metros em condi\u00e7\u00f5es ideais<br data-start=\"3104\" data-end=\"3107\" \/><strong data-start=\"3107\" data-end=\"3116\">Copa:<\/strong> 10\u201315 metros de di\u00e2metro<br data-start=\"3141\" data-end=\"3144\" \/><strong data-start=\"3144\" data-end=\"3160\">Crescimento:<\/strong> Lento<\/p>\n<h3 class=\"\" data-start=\"3168\" data-end=\"3181\">\ud83c\udf38 Flores<\/h3>\n<p class=\"\" data-start=\"3183\" data-end=\"3373\"><strong data-start=\"3183\" data-end=\"3196\">Flora\u00e7\u00e3o:<\/strong> Primavera e ver\u00e3o (pode ocorrer esporadicamente at\u00e9 o in\u00edcio do outono)<br data-start=\"3268\" data-end=\"3271\" \/><strong data-start=\"3271\" data-end=\"3279\">Cor:<\/strong> Branco-creme<br data-start=\"3292\" data-end=\"3295\" \/><strong data-start=\"3295\" data-end=\"3307\">Tamanho:<\/strong> At\u00e9 20\u201330 cm de di\u00e2metro<br data-start=\"3332\" data-end=\"3335\" \/><strong data-start=\"3335\" data-end=\"3347\">Perfume:<\/strong> Intenso, doce e agrad\u00e1vel<\/p>\n<h3 class=\"\" data-start=\"3375\" data-end=\"3388\">\ud83c\udf43 Folhas<\/h3>\n<p class=\"\" data-start=\"3390\" data-end=\"3547\"><strong data-start=\"3390\" data-end=\"3399\">Tipo:<\/strong> Perene<br data-start=\"3406\" data-end=\"3409\" \/><strong data-start=\"3409\" data-end=\"3417\">Cor:<\/strong> Verde-escuro brilhante na parte superior, castanho-ferrugem na inferior<br data-start=\"3489\" data-end=\"3492\" \/><strong data-start=\"3492\" data-end=\"3504\">Tamanho:<\/strong> 12\u201325 cm<br data-start=\"3513\" data-end=\"3516\" \/><strong data-start=\"3516\" data-end=\"3528\">Textura:<\/strong> Cori\u00e1cea e espessa<\/p>\n<h3 class=\"\" data-start=\"3549\" data-end=\"3563\">\ud83c\udf31 Cultivo<\/h3>\n<p class=\"\" data-start=\"3565\" data-end=\"3856\"><strong data-start=\"3565\" data-end=\"3573\">Luz:<\/strong> Sol pleno ou meia-sombra<br data-start=\"3598\" data-end=\"3601\" \/><strong data-start=\"3601\" data-end=\"3610\">Solo:<\/strong> \u00c1cido, f\u00e9rtil, profundo e bem drenado<br data-start=\"3648\" data-end=\"3651\" \/><strong data-start=\"3651\" data-end=\"3660\">Rega:<\/strong> Regular, especialmente nos per\u00edodos secos ou nos primeiros anos<br data-start=\"3724\" data-end=\"3727\" \/><strong data-start=\"3727\" data-end=\"3750\">Toler\u00e2ncia ao frio:<\/strong> Moderada; tolera geadas leves<br data-start=\"3780\" data-end=\"3783\" \/><strong data-start=\"3783\" data-end=\"3792\">Poda:<\/strong> Raramente necess\u00e1ria; apenas para moldar ou remover ramos secos<\/p>\n<h3 class=\"\" data-start=\"3858\" data-end=\"3882\">\ud83d\udc1d Usos e benef\u00edcios<\/h3>\n<p class=\"\" data-start=\"3884\" data-end=\"4072\">\u00c1rvore ornamental ideal para jardins, parques e avenidas<br data-start=\"3940\" data-end=\"3943\" \/>Suas flores atraem abelhas e polinizadores<br data-start=\"3985\" data-end=\"3988\" \/>Muito simb\u00f3lica no sul dos EUA<br data-start=\"4018\" data-end=\"4021\" \/>Fornece sombra densa e valor est\u00e9tico ao paisagismo<\/p>\n<h3 class=\"\" data-start=\"4074\" data-end=\"4092\">\u26a0\ufe0f Observa\u00e7\u00f5es<\/h3>\n<p class=\"\" data-start=\"4094\" data-end=\"4248\">Evite solos calc\u00e1rios para prevenir clorose<br data-start=\"4137\" data-end=\"4140\" \/>N\u00e3o tolera bem o transplante quando adulta<br data-start=\"4182\" data-end=\"4185\" \/>As ra\u00edzes s\u00e3o profundas e largas \u2013 plantar longe de constru\u00e7\u00f5es<\/p>\n","protected":false},"excerpt":{"rendered":"<p class=\"\" data-start=\"4296\" data-end=\"4539\">Magnolia grandiflora \u00e9 uma \u00e1rvore ornamental impressionante, com flores brancas perfumadas e folhas perenes brilhantes. Ideal para grandes jardins, oferece sombra e eleg\u00e2ncia o ano todo. Resistente e duradoura, \u00e9 destaque em qualquer paisagem.<\/p>\n<p><strong>Altura:<\/strong> 60 cm.<\/p>\n","protected":false},"featured_media":41931,"template":"","meta":[],"product_brand":[],"product_cat":[640],"product_tag":[],"class_list":{"0":"post-42047","1":"product","2":"type-product","3":"status-publish","4":"has-post-thumbnail","6":"product_cat-plantas-naturais","8":"first","9":"instock","10":"shipping-taxable","11":"purchasable","12":"product-type-simple"},"yoast_head":"<!-- This site is optimized with the Yoast SEO plugin v27.3 - https:\/\/yoast.com\/product\/yoast-seo-wordpress\/ -->\n<title>Magnolia grandiflora | Comprar \u00e1rvores - ANTDERGROUND<\/title>\n<meta name=\"description\" content=\"Compre Magnolia grandiflora \ud83c\udf38 \u00c1rvore perene com flores brancas perfumadas. Ideal para jardins grandes. Eleg\u00e2ncia e sombra o ano inteiro.\" \/>\n<meta name=\"robots\" content=\"index, follow, max-snippet:-1, max-image-preview:large, max-video-preview:-1\" \/>\n<link rel=\"canonical\" href=\"https:\/\/antderground.com\/pt-br\/produto\/magnolia-grandiflora\/\" \/>\n<meta property=\"og:locale\" content=\"pt_BR\" \/>\n<meta property=\"og:type\" content=\"article\" \/>\n<meta property=\"og:title\" content=\"Magnolia grandiflora | Comprar \u00e1rvores - ANTDERGROUND\" \/>\n<meta property=\"og:description\" content=\"Compre Magnolia grandiflora \ud83c\udf38 \u00c1rvore perene com flores brancas perfumadas. Ideal para jardins grandes. Eleg\u00e2ncia e sombra o ano inteiro.\" \/>\n<meta property=\"og:url\" content=\"https:\/\/antderground.com\/pt-br\/produto\/magnolia-grandiflora\/\" \/>\n<meta property=\"og:site_name\" content=\"ANTDERGROUND\" \/>\n<meta property=\"og:image\" content=\"https:\/\/antderground.com\/wp-content\/uploads\/2025\/04\/Magnolia-grandiflora.jpg\" \/>\n\t<meta property=\"og:image:width\" content=\"1600\" \/>\n\t<meta property=\"og:image:height\" content=\"1567\" \/>\n\t<meta property=\"og:image:type\" content=\"image\/jpeg\" \/>\n<meta name=\"twitter:card\" content=\"summary_large_image\" \/>\n<meta name=\"twitter:label1\" content=\"Est. tempo de leitura\" \/>\n\t<meta name=\"twitter:data1\" content=\"1 minuto\" \/>\n<script type=\"application\/ld+json\" class=\"yoast-schema-graph\">{\"@context\":\"https:\\\/\\\/schema.org\",\"@graph\":[{\"@type\":\"WebPage\",\"@id\":\"https:\\\/\\\/antderground.com\\\/pt-br\\\/produto\\\/magnolia-grandiflora\\\/\",\"url\":\"https:\\\/\\\/antderground.com\\\/pt-br\\\/produto\\\/magnolia-grandiflora\\\/\",\"name\":\"Magnolia grandiflora | Comprar \u00e1rvores - ANTDERGROUND\",\"isPartOf\":{\"@id\":\"https:\\\/\\\/antderground.com\\\/pt-br\\\/#website\"},\"primaryImageOfPage\":{\"@id\":\"https:\\\/\\\/antderground.com\\\/pt-br\\\/produto\\\/magnolia-grandiflora\\\/#primaryimage\"},\"image\":{\"@id\":\"https:\\\/\\\/antderground.com\\\/pt-br\\\/produto\\\/magnolia-grandiflora\\\/#primaryimage\"},\"thumbnailUrl\":\"https:\\\/\\\/antderground.com\\\/wp-content\\\/uploads\\\/2025\\\/04\\\/Magnolia-grandiflora.jpg\",\"datePublished\":\"2025-04-20T20:33:32+00:00\",\"description\":\"Compre Magnolia grandiflora \ud83c\udf38 \u00c1rvore perene com flores brancas perfumadas. Ideal para jardins grandes. Eleg\u00e2ncia e sombra o ano inteiro.\",\"breadcrumb\":{\"@id\":\"https:\\\/\\\/antderground.com\\\/pt-br\\\/produto\\\/magnolia-grandiflora\\\/#breadcrumb\"},\"inLanguage\":\"pt-BR\",\"potentialAction\":[{\"@type\":\"ReadAction\",\"target\":[\"https:\\\/\\\/antderground.com\\\/pt-br\\\/produto\\\/magnolia-grandiflora\\\/\"]}]},{\"@type\":\"ImageObject\",\"inLanguage\":\"pt-BR\",\"@id\":\"https:\\\/\\\/antderground.com\\\/pt-br\\\/produto\\\/magnolia-grandiflora\\\/#primaryimage\",\"url\":\"https:\\\/\\\/antderground.com\\\/wp-content\\\/uploads\\\/2025\\\/04\\\/Magnolia-grandiflora.jpg\",\"contentUrl\":\"https:\\\/\\\/antderground.com\\\/wp-content\\\/uploads\\\/2025\\\/04\\\/Magnolia-grandiflora.jpg\",\"width\":1600,\"height\":1567,\"caption\":\"arboles decoraci\u00f3n jard\u00ednMagnolia grandiflora\"},{\"@type\":\"BreadcrumbList\",\"@id\":\"https:\\\/\\\/antderground.com\\\/pt-br\\\/produto\\\/magnolia-grandiflora\\\/#breadcrumb\",\"itemListElement\":[{\"@type\":\"ListItem\",\"position\":1,\"name\":\"Portada\",\"item\":\"https:\\\/\\\/antderground.com\\\/pt-br\\\/\"},{\"@type\":\"ListItem\",\"position\":2,\"name\":\"Produtos\",\"item\":\"https:\\\/\\\/antderground.com\\\/pt-br\\\/loja-de-formigueiros\\\/\"},{\"@type\":\"ListItem\",\"position\":3,\"name\":\"Magnolia grandiflora\"}]},{\"@type\":\"WebSite\",\"@id\":\"https:\\\/\\\/antderground.com\\\/pt-br\\\/#website\",\"url\":\"https:\\\/\\\/antderground.com\\\/pt-br\\\/\",\"name\":\"ANTDERGROUND\",\"description\":\"Tu tienda de hormigas, gran variedad de hormigueros acr\u00edlicos,madera,arena,3D y mas.. Pide tus hormigas gratis con tu pedido, somos expertos en hormigueros antifugas.\",\"publisher\":{\"@id\":\"https:\\\/\\\/antderground.com\\\/pt-br\\\/#\\\/schema\\\/person\\\/0e322c505e84fe72c65e2f6d08f96b81\"},\"alternateName\":\"Antderground\",\"potentialAction\":[{\"@type\":\"SearchAction\",\"target\":{\"@type\":\"EntryPoint\",\"urlTemplate\":\"https:\\\/\\\/antderground.com\\\/pt-br\\\/?s={search_term_string}\"},\"query-input\":{\"@type\":\"PropertyValueSpecification\",\"valueRequired\":true,\"valueName\":\"search_term_string\"}}],\"inLanguage\":\"pt-BR\"},{\"@type\":[\"Person\",\"Organization\"],\"@id\":\"https:\\\/\\\/antderground.com\\\/pt-br\\\/#\\\/schema\\\/person\\\/0e322c505e84fe72c65e2f6d08f96b81\",\"name\":\"Eric de Antderground\",\"image\":{\"@type\":\"ImageObject\",\"inLanguage\":\"pt-BR\",\"@id\":\"https:\\\/\\\/secure.gravatar.com\\\/avatar\\\/c49a1b9f79216d1498cb73c1e85cd47f4465dda35f2a94c03790d491bd4423c3?s=96&d=mm&r=g\",\"url\":\"https:\\\/\\\/secure.gravatar.com\\\/avatar\\\/c49a1b9f79216d1498cb73c1e85cd47f4465dda35f2a94c03790d491bd4423c3?s=96&d=mm&r=g\",\"contentUrl\":\"https:\\\/\\\/secure.gravatar.com\\\/avatar\\\/c49a1b9f79216d1498cb73c1e85cd47f4465dda35f2a94c03790d491bd4423c3?s=96&d=mm&r=g\",\"caption\":\"Eric de Antderground\"},\"logo\":{\"@id\":\"https:\\\/\\\/secure.gravatar.com\\\/avatar\\\/c49a1b9f79216d1498cb73c1e85cd47f4465dda35f2a94c03790d491bd4423c3?s=96&d=mm&r=g\"},\"description\":\"Eric es el especialista y fundador de Antderground, con una amplia trayectoria en artr\u00f3podos y enfocado en la mirmecolog\u00eda y el dise\u00f1o de hormigueros artificiales. Su enfoque combina la innovaci\u00f3n t\u00e9cnica con el respeto por la biolog\u00eda de las hormigas, is\u00f3podos y otros, desarrollando sistemas de nidos modulares 3D y acr\u00edlicos que son referentes para aficionados y profesionales en toda Europa. Su objetivo es facilitar la cr\u00eda de hormigas y otros artr\u00f3podos mediante soluciones seguras y divulgaci\u00f3n de calidad.\",\"sameAs\":[\"https:\\\/\\\/antderground.com\\\/\",\"https:\\\/\\\/www.youtube.com\\\/channel\\\/UCio72z7TlbufkAthAJIJfPw\"]}]}<\/script>\n<!-- \/ Yoast SEO plugin. -->","yoast_head_json":{"title":"Magnolia grandiflora | Comprar \u00e1rvores - ANTDERGROUND","description":"Compre Magnolia grandiflora \ud83c\udf38 \u00c1rvore perene com flores brancas perfumadas. Ideal para jardins grandes. Eleg\u00e2ncia e sombra o ano inteiro.","robots":{"index":"index","follow":"follow","max-snippet":"max-snippet:-1","max-image-preview":"max-image-preview:large","max-video-preview":"max-video-preview:-1"},"canonical":"https:\/\/antderground.com\/pt-br\/produto\/magnolia-grandiflora\/","og_locale":"pt_BR","og_type":"article","og_title":"Magnolia grandiflora | Comprar \u00e1rvores - ANTDERGROUND","og_description":"Compre Magnolia grandiflora \ud83c\udf38 \u00c1rvore perene com flores brancas perfumadas. Ideal para jardins grandes. Eleg\u00e2ncia e sombra o ano inteiro.","og_url":"https:\/\/antderground.com\/pt-br\/produto\/magnolia-grandiflora\/","og_site_name":"ANTDERGROUND","og_image":[{"width":1600,"height":1567,"url":"https:\/\/antderground.com\/wp-content\/uploads\/2025\/04\/Magnolia-grandiflora.jpg","type":"image\/jpeg"}],"twitter_card":"summary_large_image","twitter_misc":{"Est. tempo de leitura":"1 minuto"},"schema":{"@context":"https:\/\/schema.org","@graph":[{"@type":"WebPage","@id":"https:\/\/antderground.com\/pt-br\/produto\/magnolia-grandiflora\/","url":"https:\/\/antderground.com\/pt-br\/produto\/magnolia-grandiflora\/","name":"Magnolia grandiflora | Comprar \u00e1rvores - ANTDERGROUND","isPartOf":{"@id":"https:\/\/antderground.com\/pt-br\/#website"},"primaryImageOfPage":{"@id":"https:\/\/antderground.com\/pt-br\/produto\/magnolia-grandiflora\/#primaryimage"},"image":{"@id":"https:\/\/antderground.com\/pt-br\/produto\/magnolia-grandiflora\/#primaryimage"},"thumbnailUrl":"https:\/\/antderground.com\/wp-content\/uploads\/2025\/04\/Magnolia-grandiflora.jpg","datePublished":"2025-04-20T20:33:32+00:00","description":"Compre Magnolia grandiflora \ud83c\udf38 \u00c1rvore perene com flores brancas perfumadas. Ideal para jardins grandes. Eleg\u00e2ncia e sombra o ano inteiro.","breadcrumb":{"@id":"https:\/\/antderground.com\/pt-br\/produto\/magnolia-grandiflora\/#breadcrumb"},"inLanguage":"pt-BR","potentialAction":[{"@type":"ReadAction","target":["https:\/\/antderground.com\/pt-br\/produto\/magnolia-grandiflora\/"]}]},{"@type":"ImageObject","inLanguage":"pt-BR","@id":"https:\/\/antderground.com\/pt-br\/produto\/magnolia-grandiflora\/#primaryimage","url":"https:\/\/antderground.com\/wp-content\/uploads\/2025\/04\/Magnolia-grandiflora.jpg","contentUrl":"https:\/\/antderground.com\/wp-content\/uploads\/2025\/04\/Magnolia-grandiflora.jpg","width":1600,"height":1567,"caption":"arboles decoraci\u00f3n jard\u00ednMagnolia grandiflora"},{"@type":"BreadcrumbList","@id":"https:\/\/antderground.com\/pt-br\/produto\/magnolia-grandiflora\/#breadcrumb","itemListElement":[{"@type":"ListItem","position":1,"name":"Portada","item":"https:\/\/antderground.com\/pt-br\/"},{"@type":"ListItem","position":2,"name":"Produtos","item":"https:\/\/antderground.com\/pt-br\/loja-de-formigueiros\/"},{"@type":"ListItem","position":3,"name":"Magnolia grandiflora"}]},{"@type":"WebSite","@id":"https:\/\/antderground.com\/pt-br\/#website","url":"https:\/\/antderground.com\/pt-br\/","name":"ANTDERGROUND","description":"Tu tienda de hormigas, gran variedad de hormigueros acr\u00edlicos,madera,arena,3D y mas.. Pide tus hormigas gratis con tu pedido, somos expertos en hormigueros antifugas.","publisher":{"@id":"https:\/\/antderground.com\/pt-br\/#\/schema\/person\/0e322c505e84fe72c65e2f6d08f96b81"},"alternateName":"Antderground","potentialAction":[{"@type":"SearchAction","target":{"@type":"EntryPoint","urlTemplate":"https:\/\/antderground.com\/pt-br\/?s={search_term_string}"},"query-input":{"@type":"PropertyValueSpecification","valueRequired":true,"valueName":"search_term_string"}}],"inLanguage":"pt-BR"},{"@type":["Person","Organization"],"@id":"https:\/\/antderground.com\/pt-br\/#\/schema\/person\/0e322c505e84fe72c65e2f6d08f96b81","name":"Eric de Antderground","image":{"@type":"ImageObject","inLanguage":"pt-BR","@id":"https:\/\/secure.gravatar.com\/avatar\/c49a1b9f79216d1498cb73c1e85cd47f4465dda35f2a94c03790d491bd4423c3?s=96&d=mm&r=g","url":"https:\/\/secure.gravatar.com\/avatar\/c49a1b9f79216d1498cb73c1e85cd47f4465dda35f2a94c03790d491bd4423c3?s=96&d=mm&r=g","contentUrl":"https:\/\/secure.gravatar.com\/avatar\/c49a1b9f79216d1498cb73c1e85cd47f4465dda35f2a94c03790d491bd4423c3?s=96&d=mm&r=g","caption":"Eric de Antderground"},"logo":{"@id":"https:\/\/secure.gravatar.com\/avatar\/c49a1b9f79216d1498cb73c1e85cd47f4465dda35f2a94c03790d491bd4423c3?s=96&d=mm&r=g"},"description":"Eric es el especialista y fundador de Antderground, con una amplia trayectoria en artr\u00f3podos y enfocado en la mirmecolog\u00eda y el dise\u00f1o de hormigueros artificiales. Su enfoque combina la innovaci\u00f3n t\u00e9cnica con el respeto por la biolog\u00eda de las hormigas, is\u00f3podos y otros, desarrollando sistemas de nidos modulares 3D y acr\u00edlicos que son referentes para aficionados y profesionales en toda Europa. Su objetivo es facilitar la cr\u00eda de hormigas y otros artr\u00f3podos mediante soluciones seguras y divulgaci\u00f3n de calidad.","sameAs":["https:\/\/antderground.com\/","https:\/\/www.youtube.com\/channel\/UCio72z7TlbufkAthAJIJfPw"]}]}},"_links":{"self":[{"href":"https:\/\/antderground.com\/pt-br\/wp-json\/wp\/v2\/product\/42047","targetHints":{"allow":["GET"]}}],"collection":[{"href":"https:\/\/antderground.com\/pt-br\/wp-json\/wp\/v2\/product"}],"about":[{"href":"https:\/\/antderground.com\/pt-br\/wp-json\/wp\/v2\/types\/product"}],"version-history":[{"count":0,"href":"https:\/\/antderground.com\/pt-br\/wp-json\/wp\/v2\/product\/42047\/revisions"}],"wp:featuredmedia":[{"embeddable":true,"href":"https:\/\/antderground.com\/pt-br\/wp-json\/wp\/v2\/media\/41931"}],"wp:attachment":[{"href":"https:\/\/antderground.com\/pt-br\/wp-json\/wp\/v2\/media?parent=42047"}],"wp:term":[{"taxonomy":"product_brand","embeddable":true,"href":"https:\/\/antderground.com\/pt-br\/wp-json\/wp\/v2\/product_brand?post=42047"},{"taxonomy":"product_cat","embeddable":true,"href":"https:\/\/antderground.com\/pt-br\/wp-json\/wp\/v2\/product_cat?post=42047"},{"taxonomy":"product_tag","embeddable":true,"href":"https:\/\/antderground.com\/pt-br\/wp-json\/wp\/v2\/product_tag?post=42047"}],"curies":[{"name":"wp","href":"https:\/\/api.w.org\/{rel}","templated":true}]}}